{"id":8974,"date":"2021-10-08T10:46:07","date_gmt":"2021-10-08T09:46:07","guid":{"rendered":"https:\/\/rouquette.com\/?page_id=8974"},"modified":"2021-10-11T15:31:12","modified_gmt":"2021-10-11T14:31:12","slug":"mentions-legales","status":"publish","type":"page","link":"https:\/\/rouquette.com\/?page_id=8974","title":{"rendered":"Mentions l\u00e9gales"},"content":{"rendered":"<p>[vc_row][vc_column][vc_column_text]<\/p>\r\n<p><\/p>\r\n<p>SAS ROUQUETTE<br \/>Chemin Le Bouleur &#8211; 77500 CHELLES<br \/>RCS Meaux B 380 389 239<br \/>Num\u00e9ro TVA Intracommunautaire F 74 380389239<\/p>\r\n<p><strong>Ce site est h\u00e9berg\u00e9 par :<br \/><\/strong>OVH SAS au capital de 10 069 020 \u20ac RCS Roubaix \u2013 Tourcoing 424 761 419 00045 &#8211; Code APE 2620Z\u00a0 &#8211; N\u00b0 TVA : FR 22 424 761 419 &#8211; Si\u00e8ge social : 2 rue Kellermann &#8211; 59100 Roubaix &#8211; France.<br \/>OVH SAS est une filiale de la soci\u00e9t\u00e9 OVH Groupe SAS, soci\u00e9t\u00e9 immatricul\u00e9e au RCS de Lille sous le num\u00e9ro 537 407 926 sise 2, rue Kellermann, 59100 Roubaix.<br \/>L&#8217;ensemble de ce site rel\u00e8ve des l\u00e9gislations fran\u00e7aises et internationales sur le droit d&#8217;auteur et la propri\u00e9t\u00e9 intellectuelle. Tous les droits de reproduction sont r\u00e9serv\u00e9s, y compris pour les documents iconographiques et photographiques.<\/p>\r\n<p><\/p>\r\n<p><\/p>\r\n<p><\/p>\r\n<p><\/p>\r\n<p><\/p>\r\n<p>[\/vc_column_text][\/vc_column][\/vc_row]<\/p>","protected":false},"excerpt":{"rendered":"<p>[vc_row][vc_column][vc_column_text] [\/vc_column_text][\/vc_column][\/vc_row]<\/p>\n","protected":false},"author":3,"featured_media":0,"parent":0,"menu_order":0,"comment_status":"closed","ping_status":"closed","template":"","meta":{"footnotes":""},"_links":{"self":[{"href":"https:\/\/rouquette.com\/index.php?rest_route=\/wp\/v2\/pages\/8974"}],"collection":[{"href":"https:\/\/rouquette.com\/index.php?rest_route=\/wp\/v2\/pages"}],"about":[{"href":"https:\/\/rouquette.com\/index.php?rest_route=\/wp\/v2\/types\/page"}],"author":[{"embeddable":true,"href":"https:\/\/rouquette.com\/index.php?rest_route=\/wp\/v2\/users\/3"}],"replies":[{"embeddable":true,"href":"https:\/\/rouquette.com\/index.php?rest_route=%2Fwp%2Fv2%2Fcomments&post=8974"}],"version-history":[{"count":9,"href":"https:\/\/rouquette.com\/index.php?rest_route=\/wp\/v2\/pages\/8974\/revisions"}],"predecessor-version":[{"id":8986,"href":"https:\/\/rouquette.com\/index.php?rest_route=\/wp\/v2\/pages\/8974\/revisions\/8986"}],"wp:attachment":[{"href":"https:\/\/rouquette.com\/index.php?rest_route=%2Fwp%2Fv2%2Fmedia&parent=8974"}],"curies":[{"name":"wp","href":"https:\/\/api.w.org\/{rel}","templated":true}]}}