{"id":7819,"date":"2018-06-21T08:53:01","date_gmt":"2018-06-21T07:53:01","guid":{"rendered":"https:\/\/rouquette.com\/?page_id=7819"},"modified":"2023-12-08T11:24:14","modified_gmt":"2023-12-08T10:24:14","slug":"donnees-securisees","status":"publish","type":"page","link":"https:\/\/rouquette.com\/?page_id=7819","title":{"rendered":"Donn\u00e9es s\u00e9curis\u00e9es"},"content":{"rendered":"<p>[vc_row flex_height=&#8221;yes&#8221;][vc_column width=&#8221;1\/3&#8243;][vc_empty_space height=&#8221;20&#8243;][vc_column_text el_class=&#8221;secu&#8221; css=&#8221;.vc_custom_1533823993580{padding-right: 0px !important;}&#8221;]Dans le cadre de la r\u00e9vision de la <span style=\"color: #ff0000;\"><strong>s\u00e9curit\u00e9 des donn\u00e9es<\/strong><\/span>, nous sommes tenus de faire une mise \u00e0 jour de nos fichiers clients.<br \/>\nEn effet, et conform\u00e9ment au R\u00e8glement G\u00e9n\u00e9ral de Protection des Donn\u00e9es, vous pouvez d\u00e9sormais exercer votre droit d&#8217;acc\u00e8s aux donn\u00e9es vous concernant et les faire rectifier en contactant le service juridique de Rouquette SAS.<br \/>\n\u00c0 ce titre, \u00e0 partir de Juillet 2018, les duplicatas de documents confidentiels vous seront communiqu\u00e9s suivant le contact de r\u00e9f\u00e9rence ci-dessous.<br \/>\nEn tant que repr\u00e9sentant l\u00e9gal, nous vous prions de bien vouloir remplir ce document et de nous le retourner.[\/vc_column_text][\/vc_column][vc_column width=&#8221;1\/3&#8243; css=&#8221;.vc_custom_1529576570301{background-color: #dd3333 !important;}&#8221;][vc_empty_space height=&#8221;20&#8243;][mvc_infobox info_opt=&#8221;show_icon&#8221; icon_size=&#8221;&#8221; line_height=&#8221;1.5&#8243; title_color=&#8221;#000000&#8243; font_icon=&#8221;fa fa-check&#8221; info_title=&#8221;Cliquez sur l&#8217;image pour t\u00e9l\u00e9charger votre document&#8221; icon_color=&#8221;#ffffff&#8221; desc_size=&#8221;16px&#8221;]Fiche de s\u00e9curisation des donn\u00e9es<\/p>\n<p>[\/mvc_infobox][vc_column_text css=&#8221;.vc_custom_1702031045833{background-color: #dd3333 !important;}&#8221;]<a href=\"https:\/\/rouquette.com\/wp-content\/uploads\/2023\/12\/Fiche-securisation-donnees-Rouquette2024.pdf\" target=\"_blank\" rel=\"noopener\" download=\"Fiche-de-s\u00e9curisation.jpg\"><img loading=\"lazy\" decoding=\"async\" class=\"aligncenter wp-image-8322 size-medium\" src=\"https:\/\/rouquette.com\/wp-content\/uploads\/2018\/12\/Fiche-securisation-donnees-RQT-212x300.png\" alt=\"cliquer pour t\u00e9l\u00e9charger la fiche\" width=\"212\" height=\"300\" srcset=\"https:\/\/rouquette.com\/wp-content\/uploads\/2018\/12\/Fiche-securisation-donnees-RQT-212x300.png 212w, https:\/\/rouquette.com\/wp-content\/uploads\/2018\/12\/Fiche-securisation-donnees-RQT-768x1086.png 768w, https:\/\/rouquette.com\/wp-content\/uploads\/2018\/12\/Fiche-securisation-donnees-RQT-724x1024.png 724w, https:\/\/rouquette.com\/wp-content\/uploads\/2018\/12\/Fiche-securisation-donnees-RQT-1358x1920.png 1358w, https:\/\/rouquette.com\/wp-content\/uploads\/2018\/12\/Fiche-securisation-donnees-RQT.png 1654w\" sizes=\"(max-width: 212px) 100vw, 212px\" \/><\/a>[\/vc_column_text][vc_empty_space height=&#8221;20&#8243;][\/vc_column][vc_column width=&#8221;1\/3&#8243;][vc_empty_space height=&#8221;20&#8243;][vc_column_text el_class=&#8221;vous&#8221; css=&#8221;.vc_custom_1533897064590{padding-right: 0px !important;}&#8221;]<\/p>\n<p style=\"text-align: left;\"><span style=\"color: #000000;\"><strong>Vous pouvez t\u00e9l\u00e9charger ce document en cliquant sur l&#8217;image et nous le retourner soit par courrier \u00e0 :<br \/>\nRouquette &#8211;\u00a0<\/strong><\/span><span style=\"color: #000000;\"><strong><em>Chemin le Bouleur &#8211; 77500 Chelles)<\/em>,\u00a0<\/strong><\/span><span style=\"color: #000000;\"><strong><br \/>\nsoit par e-mail \u00e0 <a style=\"color: #000000;\" href=\"javascript:smae_decode('YXNzaXN0YW5jZUByb3VxdWV0dGUuY29t');\" >&#097;&#115;&#115;&#105;&#115;&#116;&#097;&#110;&#099;&#101;&#064;&#114;&#111;&#117;&#113;&#117;&#101;&#116;&#116;&#101;&#046;&#099;&#111;&#109;<\/a>,<br \/>\n<\/strong><\/span><span style=\"color: #000000;\"><strong> soit par l\u2019interm\u00e9diaire de votre commercial ou de votre chauffeur.<\/strong><\/span><\/p>\n<p>[\/vc_column_text][\/vc_column][\/vc_row][vc_row][vc_column][\/vc_column][\/vc_row][vc_row][vc_column][\/vc_column][\/vc_row][vc_row][vc_column][\/vc_column][\/vc_row]<\/p>\n","protected":false},"excerpt":{"rendered":"<p>[vc_row flex_height=&#8221;yes&#8221;][vc_column width=&#8221;1\/3&#8243;][vc_empty_space height=&#8221;20&#8243;][vc_column_text el_class=&#8221;secu&#8221; css=&#8221;.vc_custom_1533823993580{padding-right: 0px !important;}&#8221;]Dans le cadre de la r\u00e9vision de la s\u00e9curit\u00e9 des donn\u00e9es, nous sommes tenus de faire une mise \u00e0 jour de nos fichiers clients. En effet, et conform\u00e9ment au R\u00e8glement G\u00e9n\u00e9ral de Protection des Donn\u00e9es, vous pouvez d\u00e9sormais exercer votre droit d&#8217;acc\u00e8s aux donn\u00e9es vous concernant et les [&hellip;]<\/p>\n","protected":false},"author":3,"featured_media":0,"parent":0,"menu_order":0,"comment_status":"closed","ping_status":"closed","template":"","meta":{"footnotes":""},"_links":{"self":[{"href":"https:\/\/rouquette.com\/index.php?rest_route=\/wp\/v2\/pages\/7819"}],"collection":[{"href":"https:\/\/rouquette.com\/index.php?rest_route=\/wp\/v2\/pages"}],"about":[{"href":"https:\/\/rouquette.com\/index.php?rest_route=\/wp\/v2\/types\/page"}],"author":[{"embeddable":true,"href":"https:\/\/rouquette.com\/index.php?rest_route=\/wp\/v2\/users\/3"}],"replies":[{"embeddable":true,"href":"https:\/\/rouquette.com\/index.php?rest_route=%2Fwp%2Fv2%2Fcomments&post=7819"}],"version-history":[{"count":80,"href":"https:\/\/rouquette.com\/index.php?rest_route=\/wp\/v2\/pages\/7819\/revisions"}],"predecessor-version":[{"id":10422,"href":"https:\/\/rouquette.com\/index.php?rest_route=\/wp\/v2\/pages\/7819\/revisions\/10422"}],"wp:attachment":[{"href":"https:\/\/rouquette.com\/index.php?rest_route=%2Fwp%2Fv2%2Fmedia&parent=7819"}],"curies":[{"name":"wp","href":"https:\/\/api.w.org\/{rel}","templated":true}]}}