{"id":7580,"date":"2018-05-28T15:13:30","date_gmt":"2018-05-28T14:13:30","guid":{"rendered":"https:\/\/rouquette.com\/?page_id=7580"},"modified":"2024-01-10T14:41:25","modified_gmt":"2024-01-10T13:41:25","slug":"rouquette-application","status":"publish","type":"page","link":"https:\/\/rouquette.com\/?page_id=7580","title":{"rendered":"Rouquette Plus"},"content":{"rendered":"<p>[vc_row bg_type=&#8221;image&#8221; bg_image=&#8221;10364&#8243; bg_image_type=&#8221;parallax&#8221; opacity_overlay=&#8221;10&#8243; header_feature=&#8221;yes&#8221; padding_top=&#8221;10px&#8221; padding_bottom=&#8221;10px&#8221;][vc_column width=&#8221;1\/3&#8243;][vc_empty_space height=&#8221;120px&#8221;][\/vc_column][vc_column width=&#8221;1\/3&#8243;][vc_empty_space height=&#8221;40px&#8221;]<div class=\"eut-element eut-image eut-animated-item eut-fadeIn eut-align-center\" style=\"\" data-delay=\"200\"><img loading=\"lazy\" decoding=\"async\" width=\"542\" height=\"150\" src=\"https:\/\/rouquette.com\/wp-content\/uploads\/2023\/12\/RQT-blanc.png\" class=\"attachment-full size-full\" alt=\"\" srcset=\"https:\/\/rouquette.com\/wp-content\/uploads\/2023\/12\/RQT-blanc.png 542w, https:\/\/rouquette.com\/wp-content\/uploads\/2023\/12\/RQT-blanc-300x83.png 300w\" sizes=\"(max-width: 542px) 100vw, 542px\" \/><\/div>[vc_column_text]<\/p>\n<p style=\"text-align: center;\"><span style=\"color: #ffffff;\"><strong>Votre outil pour g\u00e9rer plus simplement vos comptes, vos d\u00e9marches et vos commandes<\/strong><\/span><\/p>\n<p>[\/vc_column_text][vc_empty_space height=&#8221;100px&#8221;][\/vc_column][vc_column width=&#8221;1\/3&#8243;][vc_empty_space height=&#8221;120px&#8221;][\/vc_column][\/vc_row][vc_row section_full_height=&#8221;yes&#8221; bg_type=&#8221;image&#8221; bg_image=&#8221;10382&#8243; opacity_overlay=&#8221;10&#8243;][vc_column]<div class=\"eut-element eut-image eut-animated-item eut-fadeIn eut-align-center\" style=\"margin-bottom: 20px;\" data-delay=\"200\"><img loading=\"lazy\" decoding=\"async\" width=\"346\" height=\"246\" src=\"https:\/\/rouquette.com\/wp-content\/uploads\/2023\/12\/logoMC346.png\" class=\"attachment-full size-full\" alt=\"\" srcset=\"https:\/\/rouquette.com\/wp-content\/uploads\/2023\/12\/logoMC346.png 1x,https:\/\/rouquette.com\/wp-content\/uploads\/2023\/12\/logoMC692.png 2x\" \/><\/div>[vc_column_text text_style=&#8221;leader-text&#8221; animation=&#8221;fadeInUp&#8221;]<\/p>\n<p style=\"text-align: center;\"><span style=\"color: #000000;\"><strong>\u00ab Disponible sur votre application Rouquette+, Mon Camion regroupe une s\u00e9lection de produits insolites et innovants, en livraison dans la journ\u00e9e. \u00bb<\/strong><\/span><\/p>\n<p style=\"text-align: center;\"><em>Service uniquement disponible dans Paris intra-muros<\/em><\/p>\n<p>[\/vc_column_text][vc_empty_space height=&#8221;40px&#8221;]<div class=\"eut-element eut-image-text\" style=\"\"><div class=\"eut-image\"><img loading=\"lazy\" decoding=\"async\" width=\"180\" height=\"178\" src=\"https:\/\/rouquette.com\/wp-content\/uploads\/2023\/12\/180-user-yesrqt2.png\" class=\"attachment-full size-full\" alt=\"\" \/><\/div>  <div class=\"eut-content eut-align-left\"><h3>\u2714 D\u00e9j\u00e0 client<\/h3>  <p>Si vous disposez d\u00e9j\u00e0 d\u2019un compte Rouquette+, vous retrouverez ces produits sur votre page d\u2019accueil.<br \/>\nSi vous n\u2019avez pas encore de compte Rouquette+, vous pouvez d\u00e8s \u00e0 pr\u00e9sent le cr\u00e9er en compl\u00e9tant le document ci-dessous.<br \/>\nEn cas de question, n\u2019h\u00e9sitez pas \u00e0 vous rapprocher de votre commercial ou d\u2019\u00e9crire \u00e0 l\u2019adresse assistance@rouquette.com<br \/>\n<\/p>    <a href=\"https:\/\/rouquette.com\/?page_id=7819\" target=\" _blank\" class=\"eut-read-more \">Je demande mes acc\u00e8s Rouquette+<\/a>  <\/div><\/div>[vc_empty_space height=&#8221;40px&#8221;]<div class=\"eut-element eut-image-text\" style=\"\"><div class=\"eut-image\"><img loading=\"lazy\" decoding=\"async\" width=\"180\" height=\"180\" src=\"https:\/\/rouquette.com\/wp-content\/uploads\/2023\/12\/180-user-no.png\" class=\"attachment-full size-full\" alt=\"\" srcset=\"https:\/\/rouquette.com\/wp-content\/uploads\/2023\/12\/180-user-no.png 180w, https:\/\/rouquette.com\/wp-content\/uploads\/2023\/12\/180-user-no-150x150.png 150w\" sizes=\"(max-width: 180px) 100vw, 180px\" \/><\/div>  <div class=\"eut-content eut-align-left\"><h3>\u2718 Pas encore client<\/h3>  <p>Vous avez la possibilit\u00e9 de vous inscrire en t\u00e9l\u00e9chargeant l\u2019application Rouquette+ et faire une demande d\u2019inscription Mon Camion.<\/p>\n<h6>1.T\u00e9l\u00e9chargez l&#8217;application (en bas de cette page)<br \/>\n2.Remplissez le formulaire de demande d&#8217;inscription mon camion<br \/>\n3.Connectez-vous et commandez vos produits pr\u00e9f\u00e9r\u00e9s<\/h6>\n<p><\/p>  <\/div><\/div>[vc_empty_space height=&#8221;40px&#8221;][\/vc_column][\/vc_row][vc_row bg_type=&#8221;image&#8221; bg_image=&#8221;9004&#8243; opacity_overlay=&#8221;10&#8243; tablet_sm_visibility=&#8221;hide&#8221; mobile_visibility=&#8221;hide&#8221;][vc_column width=&#8221;1\/3&#8243;][vc_empty_space height=&#8221;120px&#8221;]<div class=\"eut-element eut-image eut-animated-item eut-fadeIn eut-align-center\" style=\"\" data-delay=\"200\"><a href=\"http:\/\/plus.rouquette.com\/\" target=\" _blank\"><img loading=\"lazy\" decoding=\"async\" width=\"1200\" height=\"464\" src=\"https:\/\/rouquette.com\/wp-content\/uploads\/2022\/01\/androidRQT.png\" class=\"attachment-full size-full\" alt=\"\" srcset=\"https:\/\/rouquette.com\/wp-content\/uploads\/2022\/01\/androidRQT.png 1200w, https:\/\/rouquette.com\/wp-content\/uploads\/2022\/01\/androidRQT-300x116.png 300w, https:\/\/rouquette.com\/wp-content\/uploads\/2022\/01\/androidRQT-1024x396.png 1024w, https:\/\/rouquette.com\/wp-content\/uploads\/2022\/01\/androidRQT-768x297.png 768w\" sizes=\"(max-width: 1200px) 100vw, 1200px\" \/><\/a><\/div><div class=\"eut-element eut-align-center\"><a class=\"eut-btn eut-btn-extralarge eut-round eut-bg-primary-1\" href=\"https:\/\/play.google.com\/store\/apps\/details?id=com.goot.rouquette\" target=\" _blank\" style=\"\"><span>Version Android<\/span><\/a><\/div>[\/vc_column][vc_column width=&#8221;1\/3&#8243;][vc_empty_space height=&#8221;60px&#8221;][vc_column_text]<\/p>\n<p style=\"text-align: center;\"><span style=\"color: #ffffff;\"><strong>T\u00e9l\u00e9charger la version qu&#8217;il vous faut<\/strong><\/span><\/p>\n<p>[\/vc_column_text]<div class=\"eut-element eut-image eut-animated-item eut-fadeIn eut-align-center\" style=\"\" data-delay=\"200\"><a href=\"http:\/\/plus.rouquette.com\/\" target=\" _blank\"><img loading=\"lazy\" decoding=\"async\" width=\"1200\" height=\"464\" src=\"https:\/\/rouquette.com\/wp-content\/uploads\/2022\/01\/internetRQT.png\" class=\"attachment-full size-full\" alt=\"\" srcset=\"https:\/\/rouquette.com\/wp-content\/uploads\/2022\/01\/internetRQT.png 1200w, https:\/\/rouquette.com\/wp-content\/uploads\/2022\/01\/internetRQT-300x116.png 300w, https:\/\/rouquette.com\/wp-content\/uploads\/2022\/01\/internetRQT-1024x396.png 1024w, https:\/\/rouquette.com\/wp-content\/uploads\/2022\/01\/internetRQT-768x297.png 768w\" sizes=\"(max-width: 1200px) 100vw, 1200px\" \/><\/a><\/div><div class=\"eut-element eut-align-center\"><a class=\"eut-btn eut-btn-extralarge eut-round eut-bg-primary-1\" href=\"http:\/\/plus.rouquette.com\/\" target=\" _blank\" style=\"\"><span>Version Web<\/span><\/a><\/div>[vc_empty_space height=&#8221;10px&#8221;][\/vc_column][vc_column width=&#8221;1\/3&#8243;][vc_empty_space height=&#8221;120px&#8221;]<div class=\"eut-element eut-image eut-animated-item eut-fadeIn eut-align-center\" style=\"\" data-delay=\"200\"><a href=\"http:\/\/plus.rouquette.com\/\" target=\" _blank\"><img loading=\"lazy\" decoding=\"async\" width=\"1200\" height=\"464\" src=\"https:\/\/rouquette.com\/wp-content\/uploads\/2022\/01\/iosRQT.png\" class=\"attachment-full size-full\" alt=\"\" srcset=\"https:\/\/rouquette.com\/wp-content\/uploads\/2022\/01\/iosRQT.png 1200w, https:\/\/rouquette.com\/wp-content\/uploads\/2022\/01\/iosRQT-300x116.png 300w, https:\/\/rouquette.com\/wp-content\/uploads\/2022\/01\/iosRQT-1024x396.png 1024w, https:\/\/rouquette.com\/wp-content\/uploads\/2022\/01\/iosRQT-768x297.png 768w\" sizes=\"(max-width: 1200px) 100vw, 1200px\" \/><\/a><\/div><div class=\"eut-element eut-align-center\"><a class=\"eut-btn eut-btn-extralarge eut-round eut-bg-primary-1\" href=\"https:\/\/apps.apple.com\/fr\/app\/rouquette\/id1316670304\" target=\" _blank\" style=\"\"><span>Version iOS\/iPhone<\/span><\/a><\/div>[\/vc_column][\/vc_row][vc_row bg_type=&#8221;image&#8221; bg_image=&#8221;9021&#8243; opacity_overlay=&#8221;10&#8243; desktop_visibility=&#8221;hide&#8221; tablet_visibility=&#8221;hide&#8221;][vc_column][vc_empty_space height=&#8221;20px&#8221;][vc_column_text]<\/p>\n<p style=\"text-align: center;\"><span style=\"color: #ffffff;\"><strong>T\u00e9l\u00e9charger la version qu&#8217;il vous faut<\/strong><\/span><\/p>\n<p>[\/vc_column_text]<div class=\"eut-element eut-image eut-animated-item eut-fadeIn eut-align-center\" style=\"\" data-delay=\"200\"><a href=\"http:\/\/plus.rouquette.com\/\" target=\" _blank\"><img loading=\"lazy\" decoding=\"async\" width=\"1200\" height=\"464\" src=\"https:\/\/rouquette.com\/wp-content\/uploads\/2022\/01\/androidRQT.png\" class=\"attachment-full size-full\" alt=\"\" srcset=\"https:\/\/rouquette.com\/wp-content\/uploads\/2022\/01\/androidRQT.png 1200w, https:\/\/rouquette.com\/wp-content\/uploads\/2022\/01\/androidRQT-300x116.png 300w, https:\/\/rouquette.com\/wp-content\/uploads\/2022\/01\/androidRQT-1024x396.png 1024w, https:\/\/rouquette.com\/wp-content\/uploads\/2022\/01\/androidRQT-768x297.png 768w\" sizes=\"(max-width: 1200px) 100vw, 1200px\" \/><\/a><\/div><div class=\"eut-element eut-align-center\"><a class=\"eut-btn eut-btn-extralarge eut-round eut-bg-primary-1\" href=\"https:\/\/play.google.com\/store\/apps\/details?id=com.goot.rouquette\" target=\" _blank\" style=\"\"><span>Version Android<\/span><\/a><\/div>[vc_empty_space height=&#8221;20px&#8221;]<div class=\"eut-element eut-image eut-animated-item eut-fadeIn eut-align-center\" style=\"\" data-delay=\"200\"><a href=\"http:\/\/plus.rouquette.com\/\" target=\" _blank\"><img loading=\"lazy\" decoding=\"async\" width=\"1200\" height=\"464\" src=\"https:\/\/rouquette.com\/wp-content\/uploads\/2022\/01\/iosRQT.png\" class=\"attachment-full size-full\" alt=\"\" srcset=\"https:\/\/rouquette.com\/wp-content\/uploads\/2022\/01\/iosRQT.png 1200w, https:\/\/rouquette.com\/wp-content\/uploads\/2022\/01\/iosRQT-300x116.png 300w, https:\/\/rouquette.com\/wp-content\/uploads\/2022\/01\/iosRQT-1024x396.png 1024w, https:\/\/rouquette.com\/wp-content\/uploads\/2022\/01\/iosRQT-768x297.png 768w\" sizes=\"(max-width: 1200px) 100vw, 1200px\" \/><\/a><\/div><div class=\"eut-element eut-align-center\"><a class=\"eut-btn eut-btn-extralarge eut-round eut-bg-primary-1\" href=\"https:\/\/apps.apple.com\/fr\/app\/rouquette\/id1316670304\" target=\" _blank\" style=\"\"><span>Version iOS\/iPhone<\/span><\/a><\/div>[vc_empty_space height=&#8221;20px&#8221;]<div class=\"eut-element eut-image eut-animated-item eut-fadeIn eut-align-center\" style=\"\" data-delay=\"200\"><a href=\"http:\/\/plus.rouquette.com\/\" target=\" _blank\"><img loading=\"lazy\" decoding=\"async\" width=\"1200\" height=\"464\" src=\"https:\/\/rouquette.com\/wp-content\/uploads\/2022\/01\/internetRQT.png\" class=\"attachment-full size-full\" alt=\"\" srcset=\"https:\/\/rouquette.com\/wp-content\/uploads\/2022\/01\/internetRQT.png 1200w, https:\/\/rouquette.com\/wp-content\/uploads\/2022\/01\/internetRQT-300x116.png 300w, https:\/\/rouquette.com\/wp-content\/uploads\/2022\/01\/internetRQT-1024x396.png 1024w, https:\/\/rouquette.com\/wp-content\/uploads\/2022\/01\/internetRQT-768x297.png 768w\" sizes=\"(max-width: 1200px) 100vw, 1200px\" \/><\/a><\/div><div class=\"eut-element eut-align-center\"><a class=\"eut-btn eut-btn-extralarge eut-round eut-bg-primary-1\" href=\"http:\/\/plus.rouquette.com\/\" target=\" _blank\" style=\"\"><span>Version Web<\/span><\/a><\/div>[vc_empty_space height=&#8221;150px&#8221;][\/vc_column][\/vc_row]<\/p>\n","protected":false},"excerpt":{"rendered":"<p>[vc_row bg_type=&#8221;image&#8221; bg_image=&#8221;10364&#8243; bg_image_type=&#8221;parallax&#8221; opacity_overlay=&#8221;10&#8243; header_feature=&#8221;yes&#8221; padding_top=&#8221;10px&#8221; padding_bottom=&#8221;10px&#8221;][vc_column width=&#8221;1\/3&#8243;][vc_empty_space height=&#8221;120px&#8221;][\/vc_column][vc_column width=&#8221;1\/3&#8243;][vc_empty_space height=&#8221;40px&#8221;][vc_column_text] Votre outil pour g\u00e9rer plus simplement vos comptes, vos d\u00e9marches et vos commandes [\/vc_column_text][vc_empty_space height=&#8221;100px&#8221;][\/vc_column][vc_column width=&#8221;1\/3&#8243;][vc_empty_space height=&#8221;120px&#8221;][\/vc_column][\/vc_row][vc_row section_full_height=&#8221;yes&#8221; bg_type=&#8221;image&#8221; bg_image=&#8221;10382&#8243; opacity_overlay=&#8221;10&#8243;][vc_column][vc_column_text text_style=&#8221;leader-text&#8221; animation=&#8221;fadeInUp&#8221;] \u00ab Disponible sur votre application Rouquette+, Mon Camion regroupe une s\u00e9lection de produits insolites et innovants, en livraison dans la [&hellip;]<\/p>\n","protected":false},"author":4,"featured_media":0,"parent":0,"menu_order":0,"comment_status":"closed","ping_status":"closed","template":"","meta":{"footnotes":""},"_links":{"self":[{"href":"https:\/\/rouquette.com\/index.php?rest_route=\/wp\/v2\/pages\/7580"}],"collection":[{"href":"https:\/\/rouquette.com\/index.php?rest_route=\/wp\/v2\/pages"}],"about":[{"href":"https:\/\/rouquette.com\/index.php?rest_route=\/wp\/v2\/types\/page"}],"author":[{"embeddable":true,"href":"https:\/\/rouquette.com\/index.php?rest_route=\/wp\/v2\/users\/4"}],"replies":[{"embeddable":true,"href":"https:\/\/rouquette.com\/index.php?rest_route=%2Fwp%2Fv2%2Fcomments&post=7580"}],"version-history":[{"count":78,"href":"https:\/\/rouquette.com\/index.php?rest_route=\/wp\/v2\/pages\/7580\/revisions"}],"predecessor-version":[{"id":10535,"href":"https:\/\/rouquette.com\/index.php?rest_route=\/wp\/v2\/pages\/7580\/revisions\/10535"}],"wp:attachment":[{"href":"https:\/\/rouquette.com\/index.php?rest_route=%2Fwp%2Fv2%2Fmedia&parent=7580"}],"curies":[{"name":"wp","href":"https:\/\/api.w.org\/{rel}","templated":true}]}}