{"id":6991,"date":"2016-06-14T14:00:57","date_gmt":"2016-06-14T13:00:57","guid":{"rendered":"https:\/\/rouquette.com\/?page_id=6991"},"modified":"2020-03-05T15:38:48","modified_gmt":"2020-03-05T14:38:48","slug":"rouquette-article-de-presse","status":"publish","type":"page","link":"https:\/\/rouquette.com\/?page_id=6991","title":{"rendered":"Presse"},"content":{"rendered":"<p>[vc_row][vc_column]\t\t<div class=\"eut-element eut-blog eut-blog-masonry eut-isotope eut-with-gap eut-shadow-mode\" style=\"\" data-columns=\"4\" data-columns-tablet-landscape=\"3\" data-columns-tablet-portrait=\"2\" data-columns-mobile=\"1\" data-layout=\"masonry\" data-spinner=\"yes\">\r\n\t\t\t<div class=\"eut-isotope-container\">\r\n\t\t\t<article id=\"post-8026\" class=\"eut-blog-item eut-isotope-item post-8026 post type-post status-publish format-standard has-post-thumbnail hentry category-presse\" itemscope itemType=\"http:\/\/schema.org\/BlogPosting\">\r\n\t\t\t\t<div class=\"eut-isotope-item-inner\">\t\t\t\t\t\t\t<div class=\"eut-media eut-image-hover\">\r\n\t\t\t<a href=\"https:\/\/rouquette.com\/?p=8026\"><img loading=\"lazy\" decoding=\"async\" width=\"1024\" height=\"600\" src=\"https:\/\/rouquette.com\/wp-content\/uploads\/2018\/08\/Article-Rouquette-Zepros-2018-2-1024x600.png\" class=\"attachment-large size-large wp-post-image\" alt=\"\" srcset=\"https:\/\/rouquette.com\/wp-content\/uploads\/2018\/08\/Article-Rouquette-Zepros-2018-2.png 1024w, https:\/\/rouquette.com\/wp-content\/uploads\/2018\/08\/Article-Rouquette-Zepros-2018-2-300x176.png 300w, https:\/\/rouquette.com\/wp-content\/uploads\/2018\/08\/Article-Rouquette-Zepros-2018-2-768x450.png 768w\" sizes=\"(max-width: 1024px) 100vw, 1024px\" \/><\/a>\r\n\t\t<\/div>\r\n\r\n\t\t\t\t\t\t\t\t\t\t\t<div class=\"eut-post-content\">\r\n\t\t\t\t\t\t\t<a href=\"https:\/\/rouquette.com\/?p=8026\" rel=\"bookmark\"><h6 class=\"eut-post-title\" itemprop=\"name headline\"><span>Le Groupe Rouquette dose son digital<\/span><\/h6><\/a>\t\t\t\t\t\t\t\t\t<span class=\"eut-hidden\">\r\n\t\t\t<span class=\"eut-structured-data\" itemprop=\"image\" itemscope itemtype=\"http:\/\/schema.org\/ImageObject\">\r\n\t\t\t   <span itemprop='url' >https:\/\/rouquette.com\/wp-content\/uploads\/2018\/08\/Article-Rouquette-Zepros-2018-2-1024x600.png<\/span>\r\n\t\t\t   <span itemprop='height' >1024<\/span>\r\n\t\t\t   <span itemprop='width' >600<\/span>\r\n\t\t\t<\/span>\r\n\t\t\t\t\t\t<span class=\"eut-structured-data\" itemprop=\"author\" itemscope itemtype=\"http:\/\/schema.org\/Person\">\r\n\t\t\t\t<span itemprop=\"name\">Rouquette | Distributeur sp\u00e9cialis\u00e9 dans la livraison des caf\u00e9s h\u00f4tels restaurants sur paris et \u00eele de france. D\u00e9couvrez notre large gamme de produits : boissons, alcools, jus de fruit, eaux, bi\u00e8res, vins, caf\u00e9s, infusion, mat\u00e9riels, spiritueux<\/span>\r\n\t\t\t<\/span>\r\n\t\t\t<span class=\"eut-structured-data\" itemprop=\"publisher\" itemscope itemtype=\"http:\/\/schema.org\/Organization\">\r\n\t\t\t\t<span itemprop='name'>Rouquette | Distributeur sp\u00e9cialis\u00e9 dans la livraison des caf\u00e9s h\u00f4tels restaurants sur paris et \u00eele de france. D\u00e9couvrez notre large gamme de produits : boissons, alcools, jus de fruit, eaux, bi\u00e8res, vins, caf\u00e9s, infusion, mat\u00e9riels, spiritueux<\/span>\r\n\t\t\t\t<span itemprop='logo' itemscope itemtype='http:\/\/schema.org\/ImageObject'>\r\n\t\t\t\t\t<span itemprop='url'>https:\/\/rouquette.com\/wp-content\/uploads\/2018\/08\/Article-Rouquette-Zepros-2018-2-1024x600.png<\/span>\r\n\t\t\t\t<\/span>\r\n\t\t\t<\/span>\r\n\t\t\t\t\t\t<time class=\"eut-structured-data\" itemprop=\"datePublished\" datetime=\"2018-08-29T11:41:05+01:00\">29 ao\u00fbt 2018<\/time>\r\n\t\t\t<time class=\"eut-structured-data\" itemprop=\"dateModified\"  datetime=\"2018-08-29T13:04:03+01:00\">29 ao\u00fbt 2018<\/time>\r\n\t\t\t<span class=\"eut-structured-data\" itemprop=\"mainEntityOfPage\" itemscope itemtype=\"http:\/\/schema.org\/WebPage\" itemid=\"https:\/\/rouquette.com\/?p=8026\"><\/span>\r\n\t\t<\/span>\r\n\t\t\t\t\t\t\t\t<div class=\"eut-small-text eut-post-meta\">\r\n\t\t\t\t\t\t\t\t\t\t\t\t\t\t\t\t\t\t\t\t\t\t\t\t\t\t<div class=\"eut-like-counter\"><span class=\"fa fa-heart\"><\/span>2<\/div>\r\n\t\t\t\t\t\t\t<\/div>\r\n\t\t\t\t\t\t\t<div itemprop=\"articleBody\"><p><\/p><a class=\"eut-read-more\" href=\"https:\/\/rouquette.com\/?p=8026\"><span>lire plus<\/span><\/a><\/div>\t\t\t\t\t\t<\/div>\r\n\t\t\t\t\t\r\n\t\t\t\t<\/div>\t\t\t<\/article>\r\n\r\n\t\t\t<article id=\"post-6995\" class=\"eut-blog-item eut-isotope-item post-6995 post type-post status-publish format-standard has-post-thumbnail hentry category-presse\" itemscope itemType=\"http:\/\/schema.org\/BlogPosting\">\r\n\t\t\t\t<div class=\"eut-isotope-item-inner\">\t\t\t\t\t\t\t<div class=\"eut-media eut-image-hover\">\r\n\t\t\t<a href=\"https:\/\/rouquette.com\/?p=6995\"><img loading=\"lazy\" decoding=\"async\" width=\"781\" height=\"1024\" src=\"https:\/\/rouquette.com\/wp-content\/uploads\/2016\/06\/ADP-881-Paillette-781x1024.jpg\" class=\"attachment-large size-large wp-post-image\" alt=\"\" srcset=\"https:\/\/rouquette.com\/wp-content\/uploads\/2016\/06\/ADP-881-Paillette-781x1024.jpg 781w, https:\/\/rouquette.com\/wp-content\/uploads\/2016\/06\/ADP-881-Paillette-229x300.jpg 229w, https:\/\/rouquette.com\/wp-content\/uploads\/2016\/06\/ADP-881-Paillette-768x1007.jpg 768w, https:\/\/rouquette.com\/wp-content\/uploads\/2016\/06\/ADP-881-Paillette.jpg 1464w\" sizes=\"(max-width: 781px) 100vw, 781px\" \/><\/a>\r\n\t\t<\/div>\r\n\r\n\t\t\t\t\t\t\t\t\t\t\t<div class=\"eut-post-content\">\r\n\t\t\t\t\t\t\t<a href=\"https:\/\/rouquette.com\/?p=6995\" rel=\"bookmark\"><h6 class=\"eut-post-title\" itemprop=\"name headline\"><span>Le retour en force d\u2019une bi\u00e8re n\u00e9e en 1596<\/span><\/h6><\/a>\t\t\t\t\t\t\t\t\t<span class=\"eut-hidden\">\r\n\t\t\t<span class=\"eut-structured-data\" itemprop=\"image\" itemscope itemtype=\"http:\/\/schema.org\/ImageObject\">\r\n\t\t\t   <span itemprop='url' >https:\/\/rouquette.com\/wp-content\/uploads\/2016\/06\/ADP-881-Paillette-781x1024.jpg<\/span>\r\n\t\t\t   <span itemprop='height' >781<\/span>\r\n\t\t\t   <span itemprop='width' >1024<\/span>\r\n\t\t\t<\/span>\r\n\t\t\t\t\t\t<span class=\"eut-structured-data\" itemprop=\"author\" itemscope itemtype=\"http:\/\/schema.org\/Person\">\r\n\t\t\t\t<span itemprop=\"name\">Rouquette | Distributeur sp\u00e9cialis\u00e9 dans la livraison des caf\u00e9s h\u00f4tels restaurants sur paris et \u00eele de france. D\u00e9couvrez notre large gamme de produits : boissons, alcools, jus de fruit, eaux, bi\u00e8res, vins, caf\u00e9s, infusion, mat\u00e9riels, spiritueux<\/span>\r\n\t\t\t<\/span>\r\n\t\t\t<span class=\"eut-structured-data\" itemprop=\"publisher\" itemscope itemtype=\"http:\/\/schema.org\/Organization\">\r\n\t\t\t\t<span itemprop='name'>Rouquette | Distributeur sp\u00e9cialis\u00e9 dans la livraison des caf\u00e9s h\u00f4tels restaurants sur paris et \u00eele de france. D\u00e9couvrez notre large gamme de produits : boissons, alcools, jus de fruit, eaux, bi\u00e8res, vins, caf\u00e9s, infusion, mat\u00e9riels, spiritueux<\/span>\r\n\t\t\t\t<span itemprop='logo' itemscope itemtype='http:\/\/schema.org\/ImageObject'>\r\n\t\t\t\t\t<span itemprop='url'>https:\/\/rouquette.com\/wp-content\/uploads\/2016\/06\/ADP-881-Paillette-781x1024.jpg<\/span>\r\n\t\t\t\t<\/span>\r\n\t\t\t<\/span>\r\n\t\t\t\t\t\t<time class=\"eut-structured-data\" itemprop=\"datePublished\" datetime=\"2016-06-14T14:11:43+01:00\">14 juin 2016<\/time>\r\n\t\t\t<time class=\"eut-structured-data\" itemprop=\"dateModified\"  datetime=\"2016-06-23T10:21:46+01:00\">23 juin 2016<\/time>\r\n\t\t\t<span class=\"eut-structured-data\" itemprop=\"mainEntityOfPage\" itemscope itemtype=\"http:\/\/schema.org\/WebPage\" itemid=\"https:\/\/rouquette.com\/?p=6995\"><\/span>\r\n\t\t<\/span>\r\n\t\t\t\t\t\t\t\t<div class=\"eut-small-text eut-post-meta\">\r\n\t\t\t\t\t\t\t\t\t\t\t\t\t\t\t\t\t\t\t\t\t\t\t\t\t\t<div class=\"eut-like-counter\"><span class=\"fa fa-heart\"><\/span>1<\/div>\r\n\t\t\t\t\t\t\t<\/div>\r\n\t\t\t\t\t\t\t<div itemprop=\"articleBody\"><p>La bi\u00e8re artisanale a le vent en poupe. Brasseurs de France recense actuellement en France 2 000 marques de bi\u00e8res et 800 brasseries. Le nombre de ces derni\u00e8res a doubl\u00e9\u2026<\/p><a class=\"eut-read-more\" href=\"https:\/\/rouquette.com\/?p=6995\"><span>lire plus<\/span><\/a><\/div>\t\t\t\t\t\t<\/div>\r\n\t\t\t\t\t\r\n\t\t\t\t<\/div>\t\t\t<\/article>\r\n\r\n\t\t\t<\/div>\r\n\t\t<\/div>\r\n[\/vc_column][\/vc_row]<\/p>\n","protected":false},"excerpt":{"rendered":"<p>[vc_row][vc_column][\/vc_column][\/vc_row]<\/p>\n","protected":false},"author":1,"featured_media":0,"parent":193,"menu_order":0,"comment_status":"closed","ping_status":"closed","template":"","meta":{"footnotes":""},"_links":{"self":[{"href":"https:\/\/rouquette.com\/index.php?rest_route=\/wp\/v2\/pages\/6991"}],"collection":[{"href":"https:\/\/rouquette.com\/index.php?rest_route=\/wp\/v2\/pages"}],"about":[{"href":"https:\/\/rouquette.com\/index.php?rest_route=\/wp\/v2\/types\/page"}],"author":[{"embeddable":true,"href":"https:\/\/rouquette.com\/index.php?rest_route=\/wp\/v2\/users\/1"}],"replies":[{"embeddable":true,"href":"https:\/\/rouquette.com\/index.php?rest_route=%2Fwp%2Fv2%2Fcomments&post=6991"}],"version-history":[{"count":2,"href":"https:\/\/rouquette.com\/index.php?rest_route=\/wp\/v2\/pages\/6991\/revisions"}],"predecessor-version":[{"id":6998,"href":"https:\/\/rouquette.com\/index.php?rest_route=\/wp\/v2\/pages\/6991\/revisions\/6998"}],"up":[{"embeddable":true,"href":"https:\/\/rouquette.com\/index.php?rest_route=\/wp\/v2\/pages\/193"}],"wp:attachment":[{"href":"https:\/\/rouquette.com\/index.php?rest_route=%2Fwp%2Fv2%2Fmedia&parent=6991"}],"curies":[{"name":"wp","href":"https:\/\/api.w.org\/{rel}","templated":true}]}}