{"id":6749,"date":"2016-03-01T10:54:11","date_gmt":"2016-03-01T09:54:11","guid":{"rendered":"https:\/\/rouquette.com\/?page_id=6749"},"modified":"2016-05-12T11:04:36","modified_gmt":"2016-05-12T10:04:36","slug":"livraison","status":"publish","type":"page","link":"https:\/\/rouquette.com\/?page_id=6749","title":{"rendered":"Livraison"},"content":{"rendered":"<p>[vc_row section_type=&#8221;fullwidth-element&#8221; flex_height=&#8221;yes&#8221; header_feature=&#8221;yes&#8221; footer_feature=&#8221;yes&#8221;][vc_column width=&#8221;1\/2&#8243; tablet_width=&#8221;1-3&#8243; tablet_sm_width=&#8221;1&#8243; css=&#8221;.vc_custom_1456846365083{background-position: center !important;background-repeat: no-repeat !important;background-size: cover !important;}&#8221;]<div class=\"eut-element eut-gallery eut-isotope eut-gallery-popup\" style=\"\" data-columns=\"2\" data-columns-tablet-landscape=\"2\" data-columns-tablet-portrait=\"2\" data-columns-mobile=\"1\" data-layout=\"masonry\">  <div class=\"eut-isotope-container\"><div class=\"eut-isotope-item  eut-image-square\">  <a href=\"https:\/\/rouquette.com\/wp-content\/uploads\/2016\/03\/livraison-2.jpg\">    <figure class=\"eut-image-hover eut-zoom-out\">      <div class=\"eut-media eut-dark-overlay eut-opacity-20\"><img loading=\"lazy\" decoding=\"async\" width=\"600\" height=\"600\" src=\"https:\/\/rouquette.com\/wp-content\/uploads\/2016\/03\/livraison-2-600x600.jpg\" class=\"attachment-eut-image-small-square size-eut-image-small-square\" alt=\"Service livraison\" srcset=\"https:\/\/rouquette.com\/wp-content\/uploads\/2016\/03\/livraison-2-600x600.jpg 600w, https:\/\/rouquette.com\/wp-content\/uploads\/2016\/03\/livraison-2-150x150.jpg 150w, https:\/\/rouquette.com\/wp-content\/uploads\/2016\/03\/livraison-2-300x300.jpg 300w, https:\/\/rouquette.com\/wp-content\/uploads\/2016\/03\/livraison-2-768x768.jpg 768w, https:\/\/rouquette.com\/wp-content\/uploads\/2016\/03\/livraison-2-1024x1024.jpg 1024w, https:\/\/rouquette.com\/wp-content\/uploads\/2016\/03\/livraison-2-180x180.jpg 180w, https:\/\/rouquette.com\/wp-content\/uploads\/2016\/03\/livraison-2.jpg 1120w\" sizes=\"(max-width: 600px) 100vw, 600px\" \/>      <\/div>      <figcaption><h5 class=\"eut-title eut-dark\">Service livraison<\/h5>      <\/figcaption>    <\/figure>  <\/a><\/div><div class=\"eut-isotope-item  eut-image-portrait\">  <a href=\"https:\/\/rouquette.com\/wp-content\/uploads\/2016\/03\/livraison-3.jpg\">    <figure class=\"eut-image-hover eut-zoom-out\">      <div class=\"eut-media eut-dark-overlay eut-opacity-20\"><img loading=\"lazy\" decoding=\"async\" width=\"560\" height=\"1120\" src=\"https:\/\/rouquette.com\/wp-content\/uploads\/2016\/03\/livraison-3-560x1120.jpg\" class=\"attachment-eut-image-medium-rect-vertical size-eut-image-medium-rect-vertical\" alt=\"Service livraison\" \/>      <\/div>      <figcaption><h5 class=\"eut-title eut-dark\">Service livraison<\/h5>      <\/figcaption>    <\/figure>  <\/a><\/div><div class=\"eut-isotope-item  eut-image-square\">  <a href=\"https:\/\/rouquette.com\/wp-content\/uploads\/2016\/03\/livraison.jpg\">    <figure class=\"eut-image-hover eut-zoom-out\">      <div class=\"eut-media eut-dark-overlay eut-opacity-20\"><img loading=\"lazy\" decoding=\"async\" width=\"600\" height=\"600\" src=\"https:\/\/rouquette.com\/wp-content\/uploads\/2016\/03\/livraison-600x600.jpg\" class=\"attachment-eut-image-small-square size-eut-image-small-square\" alt=\"Service livraison\" srcset=\"https:\/\/rouquette.com\/wp-content\/uploads\/2016\/03\/livraison-600x600.jpg 600w, https:\/\/rouquette.com\/wp-content\/uploads\/2016\/03\/livraison-150x150.jpg 150w, https:\/\/rouquette.com\/wp-content\/uploads\/2016\/03\/livraison-300x300.jpg 300w, https:\/\/rouquette.com\/wp-content\/uploads\/2016\/03\/livraison-768x768.jpg 768w, https:\/\/rouquette.com\/wp-content\/uploads\/2016\/03\/livraison-1024x1024.jpg 1024w, https:\/\/rouquette.com\/wp-content\/uploads\/2016\/03\/livraison-180x180.jpg 180w, https:\/\/rouquette.com\/wp-content\/uploads\/2016\/03\/livraison.jpg 1120w\" sizes=\"(max-width: 600px) 100vw, 600px\" \/>      <\/div>      <figcaption><h5 class=\"eut-title eut-dark\">Service livraison<\/h5>      <\/figcaption>    <\/figure>  <\/a><\/div>  <\/div><\/div>[\/vc_column][vc_column width=&#8221;1\/2&#8243; tablet_width=&#8221;2-3&#8243; tablet_sm_width=&#8221;1&#8243; css=&#8221;.vc_custom_1462271151938{padding-top: 12% !important;padding-right: 15% !important;padding-bottom: 12% !important;padding-left: 15% !important;background-color: #313340 !important;}&#8221; el_class=&#8221;text-light&#8221;][vc_column_text animation=&#8221;fadeInUp&#8221; animation_delay=&#8221;400&#8243;]<\/p>\n<h1>La livraison<\/h1>\n<p>Rouquette, c&#8217;est une livraison rapide et efficace ![\/vc_column_text]<div class=\"eut-element eut-hr \" style=\"\"><div class=\"eut-line-divider\"><\/div><\/div>[vc_column_text animation=&#8221;fadeInUp&#8221; animation_delay=&#8221;800&#8243;]Avec un total de 6 semi-remorques, 57 porteurs, 9 v\u00e9hicules de livraison, notre soci\u00e9t\u00e9 est \u00e0 m\u00eame de r\u00e9pondre \u00e0 toutes vos demandes en termes de volumes.[\/vc_column_text]<div class=\"eut-element eut-hr \" style=\"\"><div class=\"eut-line-divider\"><\/div><\/div>[vc_column_text animation=&#8221;fadeInUp&#8221; animation_delay=&#8221;800&#8243;]Pour plus d&#8217;efficacit\u00e9, nous d\u00e9terminons ensemble une tranche horaire ainsi qu&#8217;un jour de livraison.[\/vc_column_text][\/vc_column][\/vc_row]<\/p>\n","protected":false},"excerpt":{"rendered":"<p>[vc_row section_type=&#8221;fullwidth-element&#8221; flex_height=&#8221;yes&#8221; header_feature=&#8221;yes&#8221; footer_feature=&#8221;yes&#8221;][vc_column width=&#8221;1\/2&#8243; tablet_width=&#8221;1-3&#8243; tablet_sm_width=&#8221;1&#8243; css=&#8221;.vc_custom_1456846365083{background-position: center !important;background-repeat: no-repeat !important;background-size: cover !important;}&#8221;][\/vc_column][vc_column width=&#8221;1\/2&#8243; tablet_width=&#8221;2-3&#8243; tablet_sm_width=&#8221;1&#8243; css=&#8221;.vc_custom_1462271151938{padding-top: 12% !important;padding-right: 15% !important;padding-bottom: 12% !important;padding-left: 15% !important;background-color: #313340 !important;}&#8221; el_class=&#8221;text-light&#8221;][vc_column_text animation=&#8221;fadeInUp&#8221; animation_delay=&#8221;400&#8243;] La livraison Rouquette, c&#8217;est une livraison rapide et efficace ![\/vc_column_text][vc_column_text animation=&#8221;fadeInUp&#8221; animation_delay=&#8221;800&#8243;]Avec un total de 6 semi-remorques, 57 porteurs, 9 v\u00e9hicules de livraison, [&hellip;]<\/p>\n","protected":false},"author":1,"featured_media":0,"parent":6711,"menu_order":0,"comment_status":"closed","ping_status":"closed","template":"","meta":{"footnotes":""},"_links":{"self":[{"href":"https:\/\/rouquette.com\/index.php?rest_route=\/wp\/v2\/pages\/6749"}],"collection":[{"href":"https:\/\/rouquette.com\/index.php?rest_route=\/wp\/v2\/pages"}],"about":[{"href":"https:\/\/rouquette.com\/index.php?rest_route=\/wp\/v2\/types\/page"}],"author":[{"embeddable":true,"href":"https:\/\/rouquette.com\/index.php?rest_route=\/wp\/v2\/users\/1"}],"replies":[{"embeddable":true,"href":"https:\/\/rouquette.com\/index.php?rest_route=%2Fwp%2Fv2%2Fcomments&post=6749"}],"version-history":[{"count":18,"href":"https:\/\/rouquette.com\/index.php?rest_route=\/wp\/v2\/pages\/6749\/revisions"}],"predecessor-version":[{"id":6948,"href":"https:\/\/rouquette.com\/index.php?rest_route=\/wp\/v2\/pages\/6749\/revisions\/6948"}],"up":[{"embeddable":true,"href":"https:\/\/rouquette.com\/index.php?rest_route=\/wp\/v2\/pages\/6711"}],"wp:attachment":[{"href":"https:\/\/rouquette.com\/index.php?rest_route=%2Fwp%2Fv2%2Fmedia&parent=6749"}],"curies":[{"name":"wp","href":"https:\/\/api.w.org\/{rel}","templated":true}]}}