{"id":6737,"date":"2016-02-29T13:47:27","date_gmt":"2016-02-29T12:47:27","guid":{"rendered":"https:\/\/rouquette.com\/?page_id=6737"},"modified":"2018-05-16T13:17:48","modified_gmt":"2018-05-16T12:17:48","slug":"societe-jacquier","status":"publish","type":"page","link":"https:\/\/rouquette.com\/?page_id=6737","title":{"rendered":"Soci\u00e9t\u00e9 Jacquier"},"content":{"rendered":"<p>[vc_row][vc_column css=&#8221;.vc_custom_1434893356000{margin-bottom: 18px !important;}&#8221;]<div class=\"eut-element eut-image eut-align-center\" style=\"\"><img loading=\"lazy\" decoding=\"async\" width=\"238\" height=\"150\" src=\"https:\/\/rouquette.com\/wp-content\/uploads\/2018\/05\/Jacquier-logo-2018-rouge.png\" class=\"attachment-full size-full\" alt=\"\" srcset=\"https:\/\/rouquette.com\/wp-content\/uploads\/2018\/05\/Jacquier-logo-2018-rouge.png 1x,https:\/\/rouquette.com\/wp-content\/uploads\/2018\/05\/Jacquier-logo-2018-rouge.png 2x\" \/><\/div>[vc_row_inner][vc_column_inner width=&#8221;1\/2&#8243;][vc_column_text]<\/p>\n<p style=\"text-align: left;\">Forte de sa notori\u00e9t\u00e9 et de son savoir-faire, la Maison Jacquier \u0153uvre depuis plus de 130 ans aupr\u00e8s des restaurants gastronomiques et traditionnels, des brasseries et des grandes cha\u00eenes h\u00f4teli\u00e8res, afin de leur proposer des produits d\u2019\u00e9picerie et d\u2019hygi\u00e8ne, toujours plus qualitatifs et raffin\u00e9s.<\/p>\n<p>[\/vc_column_text][\/vc_column_inner][vc_column_inner width=&#8221;1\/2&#8243;][vc_column_text]<\/p>\n<p style=\"text-align: left;\">En partenariat avec de nombreux professionnels de la gastronomie, et dans un souci d\u2019excellence, chaque produit fait l\u2019objet de tests scrupuleusement contr\u00f4l\u00e9s. L\u2019exp\u00e9rience de plus d\u2019une centaine de fournisseurs \u00e0 travers le monde et des milliers de produits, font de Jacquier une r\u00e9f\u00e9rence.<\/p>\n<p>[\/vc_column_text][\/vc_column_inner][\/vc_row_inner]<div class=\"eut-element eut-dropcap\" style=\"\"><p><span class=\"eut-style-2 eut-bg-primary-1\">D<\/span>epuis 1884, les \u00c9tablissements Jacquier b\u00e9n\u00e9ficient d\u2019un v\u00e9ritable savoir-faire dans l\u2019\u00e9picerie fine et restent les plus anciens distributeurs d\u2019\u00e9picerie de Paris. La Maison Jacquier, rachet\u00e9e en 2004 par le Groupe Rouquette, perp\u00e9tue la tradition d\u2019excellence qui assoit, aujourd\u2019hui encore, sa renomm\u00e9e aupr\u00e8s des plus grands chefs cuisiniers&#8230;<\/p><\/div>[\/vc_column][\/vc_row][vc_row][vc_column]<div class=\"eut-element eut-gallery eut-isotope eut-gallery-popup eut-with-gap\" style=\"\" data-columns=\"2\" data-columns-tablet-landscape=\"2\" data-columns-tablet-portrait=\"2\" data-columns-mobile=\"1\" data-layout=\"fitRows\">  <div class=\"eut-isotope-container\"><div class=\"eut-isotope-item \">  <a href=\"https:\/\/rouquette.com\/wp-content\/uploads\/2016\/02\/jacquier-1.jpg\">    <figure class=\"eut-image-hover eut-zoom-none\">      <div class=\"eut-media eut-dark-overlay eut-opacity-10\"><img loading=\"lazy\" decoding=\"async\" width=\"800\" height=\"600\" src=\"https:\/\/rouquette.com\/wp-content\/uploads\/2016\/02\/jacquier-1-800x600.jpg\" class=\"attachment-eut-image-small-rect-horizontal size-eut-image-small-rect-horizontal\" alt=\"Jacquier\" \/>      <\/div>      <figcaption>      <\/figcaption>    <\/figure>  <\/a><\/div><div class=\"eut-isotope-item \">  <a href=\"https:\/\/rouquette.com\/wp-content\/uploads\/2016\/02\/jacquier-2.jpg\">    <figure class=\"eut-image-hover eut-zoom-none\">      <div class=\"eut-media eut-dark-overlay eut-opacity-10\"><img loading=\"lazy\" decoding=\"async\" width=\"800\" height=\"600\" src=\"https:\/\/rouquette.com\/wp-content\/uploads\/2016\/02\/jacquier-2-800x600.jpg\" class=\"attachment-eut-image-small-rect-horizontal size-eut-image-small-rect-horizontal\" alt=\"\" \/>      <\/div>      <figcaption>      <\/figcaption>    <\/figure>  <\/a><\/div>  <\/div><\/div><h2 class=\"eut-element eut-align-left eut-title-no-line\" style=\"\"><span>\u00c0 propos du d\u00e9veloppement durable<\/span><\/h2>[vc_column_text]Nos camions de livraison sont \u00e9quip\u00e9s de la derni\u00e8re technologie Euro 6 qui rejette moins de CO2 et permet un gain de consommation de + 8 % \u00e0 90 km\/heure&#8230;<br \/>\nDepuis cet automne, nous livrons nos clients en camion hybride ![\/vc_column_text][\/vc_column][\/vc_row][vc_row][vc_column][\/vc_column][\/vc_row]<\/p>\n","protected":false},"excerpt":{"rendered":"<p>[vc_row][vc_column css=&#8221;.vc_custom_1434893356000{margin-bottom: 18px !important;}&#8221;][vc_row_inner][vc_column_inner width=&#8221;1\/2&#8243;][vc_column_text] Forte de sa notori\u00e9t\u00e9 et de son savoir-faire, la Maison Jacquier \u0153uvre depuis plus de 130 ans aupr\u00e8s des restaurants gastronomiques et traditionnels, des brasseries et des grandes cha\u00eenes h\u00f4teli\u00e8res, afin de leur proposer des produits d\u2019\u00e9picerie et d\u2019hygi\u00e8ne, toujours plus qualitatifs et raffin\u00e9s. [\/vc_column_text][\/vc_column_inner][vc_column_inner width=&#8221;1\/2&#8243;][vc_column_text] En partenariat avec de [&hellip;]<\/p>\n","protected":false},"author":1,"featured_media":0,"parent":6684,"menu_order":0,"comment_status":"closed","ping_status":"closed","template":"","meta":{"footnotes":""},"_links":{"self":[{"href":"https:\/\/rouquette.com\/index.php?rest_route=\/wp\/v2\/pages\/6737"}],"collection":[{"href":"https:\/\/rouquette.com\/index.php?rest_route=\/wp\/v2\/pages"}],"about":[{"href":"https:\/\/rouquette.com\/index.php?rest_route=\/wp\/v2\/types\/page"}],"author":[{"embeddable":true,"href":"https:\/\/rouquette.com\/index.php?rest_route=\/wp\/v2\/users\/1"}],"replies":[{"embeddable":true,"href":"https:\/\/rouquette.com\/index.php?rest_route=%2Fwp%2Fv2%2Fcomments&post=6737"}],"version-history":[{"count":17,"href":"https:\/\/rouquette.com\/index.php?rest_route=\/wp\/v2\/pages\/6737\/revisions"}],"predecessor-version":[{"id":7413,"href":"https:\/\/rouquette.com\/index.php?rest_route=\/wp\/v2\/pages\/6737\/revisions\/7413"}],"up":[{"embeddable":true,"href":"https:\/\/rouquette.com\/index.php?rest_route=\/wp\/v2\/pages\/6684"}],"wp:attachment":[{"href":"https:\/\/rouquette.com\/index.php?rest_route=%2Fwp%2Fv2%2Fmedia&parent=6737"}],"curies":[{"name":"wp","href":"https:\/\/api.w.org\/{rel}","templated":true}]}}