{"id":6733,"date":"2016-02-29T13:26:37","date_gmt":"2016-02-29T12:26:37","guid":{"rendered":"https:\/\/rouquette.com\/?page_id=6733"},"modified":"2018-03-27T14:45:02","modified_gmt":"2018-03-27T13:45:02","slug":"logistique","status":"publish","type":"page","link":"https:\/\/rouquette.com\/?page_id=6733","title":{"rendered":"Logistique"},"content":{"rendered":"<p>[vc_row section_type=&#8221;fullwidth-element&#8221; flex_height=&#8221;yes&#8221; header_feature=&#8221;yes&#8221; footer_feature=&#8221;yes&#8221; margin_bottom=&#8221;0&#8243;][vc_column width=&#8221;1\/2&#8243; tablet_width=&#8221;1-3&#8243; tablet_sm_width=&#8221;1&#8243;]<div class=\"eut-element eut-gallery eut-isotope eut-gallery-popup\" style=\"\" data-columns=\"2\" data-columns-tablet-landscape=\"2\" data-columns-tablet-portrait=\"2\" data-columns-mobile=\"1\" data-layout=\"masonry\">  <div class=\"eut-isotope-container\"><div class=\"eut-isotope-item  eut-image-square\">  <a href=\"https:\/\/rouquette.com\/wp-content\/uploads\/2016\/02\/logistique-2.jpg\">    <figure class=\"eut-image-hover eut-zoom-out\">      <div class=\"eut-media eut-dark-overlay eut-opacity-20\"><img loading=\"lazy\" decoding=\"async\" width=\"600\" height=\"600\" src=\"https:\/\/rouquette.com\/wp-content\/uploads\/2016\/02\/logistique-2-600x600.jpg\" class=\"attachment-eut-image-small-square size-eut-image-small-square\" alt=\"Service logistique\" srcset=\"https:\/\/rouquette.com\/wp-content\/uploads\/2016\/02\/logistique-2-600x600.jpg 600w, https:\/\/rouquette.com\/wp-content\/uploads\/2016\/02\/logistique-2-150x150.jpg 150w, https:\/\/rouquette.com\/wp-content\/uploads\/2016\/02\/logistique-2-300x300.jpg 300w, https:\/\/rouquette.com\/wp-content\/uploads\/2016\/02\/logistique-2-768x768.jpg 768w, https:\/\/rouquette.com\/wp-content\/uploads\/2016\/02\/logistique-2-1024x1024.jpg 1024w, https:\/\/rouquette.com\/wp-content\/uploads\/2016\/02\/logistique-2-180x180.jpg 180w, https:\/\/rouquette.com\/wp-content\/uploads\/2016\/02\/logistique-2.jpg 1120w\" sizes=\"(max-width: 600px) 100vw, 600px\" \/>      <\/div>      <figcaption><h5 class=\"eut-title eut-dark\">Service logistique<\/h5>      <\/figcaption>    <\/figure>  <\/a><\/div><div class=\"eut-isotope-item  eut-image-portrait\">  <a href=\"https:\/\/rouquette.com\/wp-content\/uploads\/2016\/02\/logistique-3.jpg\">    <figure class=\"eut-image-hover eut-zoom-out\">      <div class=\"eut-media eut-dark-overlay eut-opacity-20\"><img loading=\"lazy\" decoding=\"async\" width=\"560\" height=\"1120\" src=\"https:\/\/rouquette.com\/wp-content\/uploads\/2016\/02\/logistique-3-560x1120.jpg\" class=\"attachment-eut-image-medium-rect-vertical size-eut-image-medium-rect-vertical\" alt=\"Service logistique\" \/>      <\/div>      <figcaption><h5 class=\"eut-title eut-dark\">Service logistique<\/h5>      <\/figcaption>    <\/figure>  <\/a><\/div><div class=\"eut-isotope-item  eut-image-square\">  <a href=\"https:\/\/rouquette.com\/wp-content\/uploads\/2016\/02\/logistique.jpg\">    <figure class=\"eut-image-hover eut-zoom-out\">      <div class=\"eut-media eut-dark-overlay eut-opacity-20\"><img loading=\"lazy\" decoding=\"async\" width=\"600\" height=\"600\" src=\"https:\/\/rouquette.com\/wp-content\/uploads\/2016\/02\/logistique-600x600.jpg\" class=\"attachment-eut-image-small-square size-eut-image-small-square\" alt=\"Service logistique\" srcset=\"https:\/\/rouquette.com\/wp-content\/uploads\/2016\/02\/logistique-600x600.jpg 600w, https:\/\/rouquette.com\/wp-content\/uploads\/2016\/02\/logistique-150x150.jpg 150w, https:\/\/rouquette.com\/wp-content\/uploads\/2016\/02\/logistique-300x300.jpg 300w, https:\/\/rouquette.com\/wp-content\/uploads\/2016\/02\/logistique-768x768.jpg 768w, https:\/\/rouquette.com\/wp-content\/uploads\/2016\/02\/logistique-1024x1024.jpg 1024w, https:\/\/rouquette.com\/wp-content\/uploads\/2016\/02\/logistique-180x180.jpg 180w, https:\/\/rouquette.com\/wp-content\/uploads\/2016\/02\/logistique.jpg 1120w\" sizes=\"(max-width: 600px) 100vw, 600px\" \/>      <\/div>      <figcaption><h5 class=\"eut-title eut-dark\">Service logistique<\/h5>      <\/figcaption>    <\/figure>  <\/a><\/div>  <\/div><\/div>[\/vc_column][vc_column width=&#8221;1\/2&#8243; tablet_width=&#8221;2-3&#8243; tablet_sm_width=&#8221;1&#8243; css=&#8221;.vc_custom_1462268079807{padding-top: 10% !important;padding-right: 15% !important;padding-bottom: 10% !important;padding-left: 15% !important;background-color: #313340 !important;}&#8221; el_class=&#8221;text-light&#8221;][vc_column_text animation=&#8221;fadeInUp&#8221; animation_delay=&#8221;400&#8243;]<\/p>\n<h1>La logistique<\/h1>\n<p>Organisation et optimisation ! Un entrep\u00f4t bien organis\u00e9 est, pour nous, une des cl\u00e9s de la r\u00e9ussite. Notre organisation nous permet de gagner en efficacit\u00e9 lors de la pr\u00e9paration de nos tourn\u00e9es de livraisons.[\/vc_column_text]<div class=\"eut-element eut-hr \" style=\"\"><div class=\"eut-line-divider\"><\/div><\/div>[vc_column_text animation=&#8221;fadeInUp&#8221; animation_delay=&#8221;800&#8243;]Nos produits sont stock\u00e9s dans des conditions optimum de mani\u00e8re \u00e0 ne pas \u00eatre d\u00e9grad\u00e9s durant la p\u00e9riode d&#8217;entreposage.[\/vc_column_text]<div class=\"eut-element eut-hr \" style=\"\"><div class=\"eut-line-divider\"><\/div><\/div>[vc_column_text animation=&#8221;fadeInUp&#8221; animation_delay=&#8221;800&#8243;]Notre capacit\u00e9 de stockage de plus de 20 000 m\u00b2 nous permet d&#8217;offrir un large choix parmi plus de 1700 r\u00e9f\u00e9rences.[\/vc_column_text][\/vc_column][\/vc_row]<\/p>\n","protected":false},"excerpt":{"rendered":"<p>[vc_row section_type=&#8221;fullwidth-element&#8221; flex_height=&#8221;yes&#8221; header_feature=&#8221;yes&#8221; footer_feature=&#8221;yes&#8221; margin_bottom=&#8221;0&#8243;][vc_column width=&#8221;1\/2&#8243; tablet_width=&#8221;1-3&#8243; tablet_sm_width=&#8221;1&#8243;][\/vc_column][vc_column width=&#8221;1\/2&#8243; tablet_width=&#8221;2-3&#8243; tablet_sm_width=&#8221;1&#8243; css=&#8221;.vc_custom_1462268079807{padding-top: 10% !important;padding-right: 15% !important;padding-bottom: 10% !important;padding-left: 15% !important;background-color: #313340 !important;}&#8221; el_class=&#8221;text-light&#8221;][vc_column_text animation=&#8221;fadeInUp&#8221; animation_delay=&#8221;400&#8243;] La logistique Organisation et optimisation ! Un entrep\u00f4t bien organis\u00e9 est, pour nous, une des cl\u00e9s de la r\u00e9ussite. Notre organisation nous permet de gagner en efficacit\u00e9 lors de [&hellip;]<\/p>\n","protected":false},"author":1,"featured_media":0,"parent":6711,"menu_order":0,"comment_status":"closed","ping_status":"closed","template":"","meta":{"footnotes":""},"_links":{"self":[{"href":"https:\/\/rouquette.com\/index.php?rest_route=\/wp\/v2\/pages\/6733"}],"collection":[{"href":"https:\/\/rouquette.com\/index.php?rest_route=\/wp\/v2\/pages"}],"about":[{"href":"https:\/\/rouquette.com\/index.php?rest_route=\/wp\/v2\/types\/page"}],"author":[{"embeddable":true,"href":"https:\/\/rouquette.com\/index.php?rest_route=\/wp\/v2\/users\/1"}],"replies":[{"embeddable":true,"href":"https:\/\/rouquette.com\/index.php?rest_route=%2Fwp%2Fv2%2Fcomments&post=6733"}],"version-history":[{"count":16,"href":"https:\/\/rouquette.com\/index.php?rest_route=\/wp\/v2\/pages\/6733\/revisions"}],"predecessor-version":[{"id":7171,"href":"https:\/\/rouquette.com\/index.php?rest_route=\/wp\/v2\/pages\/6733\/revisions\/7171"}],"up":[{"embeddable":true,"href":"https:\/\/rouquette.com\/index.php?rest_route=\/wp\/v2\/pages\/6711"}],"wp:attachment":[{"href":"https:\/\/rouquette.com\/index.php?rest_route=%2Fwp%2Fv2%2Fmedia&parent=6733"}],"curies":[{"name":"wp","href":"https:\/\/api.w.org\/{rel}","templated":true}]}}