{"id":6710,"date":"2016-02-26T12:27:20","date_gmt":"2016-02-26T11:27:20","guid":{"rendered":"https:\/\/rouquette.com\/?page_id=6710"},"modified":"2018-03-28T13:35:50","modified_gmt":"2018-03-28T12:35:50","slug":"commercial","status":"publish","type":"page","link":"https:\/\/rouquette.com\/?page_id=6710","title":{"rendered":"Commercial"},"content":{"rendered":"<p>[vc_row section_type=&#8221;fullwidth-element&#8221; flex_height=&#8221;yes&#8221; header_feature=&#8221;yes&#8221; footer_feature=&#8221;yes&#8221; margin_bottom=&#8221;0&#8243;][vc_column width=&#8221;1\/2&#8243; tablet_width=&#8221;1-3&#8243; tablet_sm_width=&#8221;1&#8243; css=&#8221;.vc_custom_1456845520595{background-position: center !important;background-repeat: no-repeat !important;background-size: cover !important;}&#8221;]<div class=\"eut-element eut-image eut-align-left\" style=\"\"><img loading=\"lazy\" decoding=\"async\" width=\"1120\" height=\"1120\" src=\"https:\/\/rouquette.com\/wp-content\/uploads\/2016\/02\/commercial.jpg\" class=\"attachment-full size-full\" alt=\"Service commercial\" srcset=\"https:\/\/rouquette.com\/wp-content\/uploads\/2016\/02\/commercial.jpg 1120w, https:\/\/rouquette.com\/wp-content\/uploads\/2016\/02\/commercial-150x150.jpg 150w, https:\/\/rouquette.com\/wp-content\/uploads\/2016\/02\/commercial-300x300.jpg 300w, https:\/\/rouquette.com\/wp-content\/uploads\/2016\/02\/commercial-768x768.jpg 768w, https:\/\/rouquette.com\/wp-content\/uploads\/2016\/02\/commercial-1024x1024.jpg 1024w, https:\/\/rouquette.com\/wp-content\/uploads\/2016\/02\/commercial-180x180.jpg 180w, https:\/\/rouquette.com\/wp-content\/uploads\/2016\/02\/commercial-600x600.jpg 600w\" sizes=\"(max-width: 1120px) 100vw, 1120px\" \/><\/div>[\/vc_column][vc_column width=&#8221;1\/2&#8243; tablet_width=&#8221;2-3&#8243; tablet_sm_width=&#8221;1&#8243; css=&#8221;.vc_custom_1462267264463{padding-top: 10% !important;padding-right: 15% !important;padding-bottom: 10% !important;padding-left: 15% !important;background-color: #313340 !important;}&#8221; el_class=&#8221;text-light&#8221;][vc_column_text animation=&#8221;fadeInUp&#8221; animation_delay=&#8221;400&#8243;]<\/p>\n<h1>L&#8217;\u00e9quipe commerciale<\/h1>\n<p>Forte de ses 32 commerciaux, notre \u00e9quipe est \u00e0 votre disposition pour r\u00e9pondre \u00e0 vos attentes.[\/vc_column_text]<div class=\"eut-element eut-hr \" style=\"\"><div class=\"eut-line-divider\"><\/div><\/div>[vc_column_text animation=&#8221;fadeInUp&#8221; animation_delay=&#8221;800&#8243;]Nous d\u00e9terminons ensemble vos besoins et mettons en place des solutions personnalis\u00e9es.[\/vc_column_text]<div class=\"eut-element eut-hr \" style=\"\"><div class=\"eut-line-divider\"><\/div><\/div>[vc_column_text animation=&#8221;fadeInUp&#8221; animation_delay=&#8221;1200&#8243;]Profitez de leur exp\u00e9rience, de leur expertise et b\u00e9n\u00e9ficiez \u00e9galement de leurs conseils afin de mieux d\u00e9velopper votre activit\u00e9.[\/vc_column_text][\/vc_column][\/vc_row]<\/p>\n","protected":false},"excerpt":{"rendered":"<p>[vc_row section_type=&#8221;fullwidth-element&#8221; flex_height=&#8221;yes&#8221; header_feature=&#8221;yes&#8221; footer_feature=&#8221;yes&#8221; margin_bottom=&#8221;0&#8243;][vc_column width=&#8221;1\/2&#8243; tablet_width=&#8221;1-3&#8243; tablet_sm_width=&#8221;1&#8243; css=&#8221;.vc_custom_1456845520595{background-position: center !important;background-repeat: no-repeat !important;background-size: cover !important;}&#8221;][\/vc_column][vc_column width=&#8221;1\/2&#8243; tablet_width=&#8221;2-3&#8243; tablet_sm_width=&#8221;1&#8243; css=&#8221;.vc_custom_1462267264463{padding-top: 10% !important;padding-right: 15% !important;padding-bottom: 10% !important;padding-left: 15% !important;background-color: #313340 !important;}&#8221; el_class=&#8221;text-light&#8221;][vc_column_text animation=&#8221;fadeInUp&#8221; animation_delay=&#8221;400&#8243;] L&#8217;\u00e9quipe commerciale Forte de ses 32 commerciaux, notre \u00e9quipe est \u00e0 votre disposition pour r\u00e9pondre \u00e0 vos attentes.[\/vc_column_text][vc_column_text animation=&#8221;fadeInUp&#8221; animation_delay=&#8221;800&#8243;]Nous d\u00e9terminons ensemble [&hellip;]<\/p>\n","protected":false},"author":1,"featured_media":0,"parent":6711,"menu_order":0,"comment_status":"closed","ping_status":"closed","template":"","meta":{"footnotes":""},"_links":{"self":[{"href":"https:\/\/rouquette.com\/index.php?rest_route=\/wp\/v2\/pages\/6710"}],"collection":[{"href":"https:\/\/rouquette.com\/index.php?rest_route=\/wp\/v2\/pages"}],"about":[{"href":"https:\/\/rouquette.com\/index.php?rest_route=\/wp\/v2\/types\/page"}],"author":[{"embeddable":true,"href":"https:\/\/rouquette.com\/index.php?rest_route=\/wp\/v2\/users\/1"}],"replies":[{"embeddable":true,"href":"https:\/\/rouquette.com\/index.php?rest_route=%2Fwp%2Fv2%2Fcomments&post=6710"}],"version-history":[{"count":24,"href":"https:\/\/rouquette.com\/index.php?rest_route=\/wp\/v2\/pages\/6710\/revisions"}],"predecessor-version":[{"id":7181,"href":"https:\/\/rouquette.com\/index.php?rest_route=\/wp\/v2\/pages\/6710\/revisions\/7181"}],"up":[{"embeddable":true,"href":"https:\/\/rouquette.com\/index.php?rest_route=\/wp\/v2\/pages\/6711"}],"wp:attachment":[{"href":"https:\/\/rouquette.com\/index.php?rest_route=%2Fwp%2Fv2%2Fmedia&parent=6710"}],"curies":[{"name":"wp","href":"https:\/\/api.w.org\/{rel}","templated":true}]}}