{"id":6705,"date":"2016-02-26T12:00:28","date_gmt":"2016-02-26T11:00:28","guid":{"rendered":"https:\/\/rouquette.com\/?page_id=6705"},"modified":"2023-05-25T15:01:28","modified_gmt":"2023-05-25T14:01:28","slug":"le-domaine-la-seigneurie","status":"publish","type":"page","link":"https:\/\/rouquette.com\/?page_id=6705","title":{"rendered":"Le Domaine La Seigneurie"},"content":{"rendered":"<p>[vc_row][vc_column width=&#8221;2\/3&#8243;]<h2 class=\"eut-element eut-align-left eut-title-no-line\" style=\"\"><span>L'histoire<\/span><\/h2><div class=\"eut-element eut-dropcap\" style=\"\"><p><span class=\"eut-style-2 eut-bg-primary-3\">V<\/span>oici deux mill\u00e9naires que le ch\u00e2teau s&#8217;accroche fi\u00e8rement aux collines du village de Flassans-sur-Issole, au c\u0153ur du Var. D\u00e8s le 1er si\u00e8cle av. JC, les Romains choisissent de mettre ces terres en valeur. Un vin voit le jour, qui restitue \u00e0 merveille l&#8217;\u00e2me de cette Provence fra\u00eechement conquise.<\/p>\n<p>Devenu propri\u00e9t\u00e9 de la grande famille des Pontev\u00e8s le domaine prend alors le nom de La Seigneurie. \u00c0 l&#8217;issue des guerres de religion du XVe et XVIe si\u00e8cle, ces puissants princes catholiques perdent le domaine au profit de la grande famille des Bourbon-Cond\u00e9.<br \/>\nCette derni\u00e8re en reste propri\u00e9taire jusqu&#8217;en 1830. Vendu et morcel\u00e9 en plusieurs exploitations, le domaine doit attendre la seconde partie du XXe si\u00e8cle pour retrouver son unit\u00e9.<\/p><\/div><div class=\"eut-element eut-image eut-align-center\" style=\"\"><img loading=\"lazy\" decoding=\"async\" width=\"779\" height=\"600\" src=\"https:\/\/rouquette.com\/wp-content\/uploads\/2018\/05\/Cep-3-779x600.jpg\" class=\"attachment-eut-image-small-rect-horizontal size-eut-image-small-rect-horizontal\" alt=\"\" \/><\/div>[\/vc_column][vc_column width=&#8221;1\/3&#8243;][vc_row_inner][vc_column_inner width=&#8221;1\/2&#8243;]<div class=\"eut-element eut-image eut-align-center\" style=\"\"><a href=\"http:\/\/www.laseigneurie.fr\/\" target=\" _blank\"><img loading=\"lazy\" decoding=\"async\" width=\"283\" height=\"168\" src=\"https:\/\/rouquette.com\/wp-content\/uploads\/2019\/09\/LA-SEIGNEURIE-LOGO.png\" class=\"attachment-medium size-medium\" alt=\"\" \/><\/a><\/div><div class=\"eut-element eut-image eut-align-center\" style=\"\"><a class=\"eut-image-popup\" href=\"https:\/\/rouquette.com\/wp-content\/uploads\/2021\/08\/CHATEAU-LA-SEIGNEURIE-2020-75CL-1.png\"><img loading=\"lazy\" decoding=\"async\" width=\"133\" height=\"600\" src=\"https:\/\/rouquette.com\/wp-content\/uploads\/2021\/08\/CHATEAU-LA-SEIGNEURIE-2020-75CL-1.png\" class=\"attachment-full size-full\" alt=\"\" srcset=\"https:\/\/rouquette.com\/wp-content\/uploads\/2021\/08\/CHATEAU-LA-SEIGNEURIE-2020-75CL-1.png 1x,https:\/\/rouquette.com\/wp-content\/uploads\/2021\/08\/CHATEAU-LA-SEIGNEURIE-2020-75CL-1.png 2x\" \/><\/a><\/div>[vc_custom_heading text=&#8221;Ros\u00e9 C\u00f4te de Provence AOC \u00abCh\u00e2teau La Seigneurie\u00bb<br \/>\n&#8221; font_container=&#8221;tag:p|font_size:14px|text_align:center|line_height:18px&#8221; use_theme_fonts=&#8221;yes&#8221;][\/vc_column_inner][vc_column_inner width=&#8221;1\/2&#8243;][vc_empty_space]<div class=\"eut-element eut-image eut-align-center\" style=\"\"><a href=\"http:\/\/www.laseigneurie.fr\/\" target=\" _blank\"><img loading=\"lazy\" decoding=\"async\" width=\"300\" height=\"114\" src=\"https:\/\/rouquette.com\/wp-content\/uploads\/2019\/09\/LES-LOUPS-DE-LA-SEIGNEURIE-Logo-300x114.png\" class=\"attachment-medium size-medium\" alt=\"\" srcset=\"https:\/\/rouquette.com\/wp-content\/uploads\/2019\/09\/LES-LOUPS-DE-LA-SEIGNEURIE-Logo-300x114.png 300w, https:\/\/rouquette.com\/wp-content\/uploads\/2019\/09\/LES-LOUPS-DE-LA-SEIGNEURIE-Logo.png 768w\" sizes=\"(max-width: 300px) 100vw, 300px\" \/><\/a><\/div><div class=\"eut-element eut-image eut-align-center\" style=\"\"><a class=\"eut-image-popup\" href=\"https:\/\/rouquette.com\/wp-content\/uploads\/2021\/08\/IGP-VAR-LOUPS-DE-LA-SEIGNEURIE-ROSE-75CL.png\"><img loading=\"lazy\" decoding=\"async\" width=\"143\" height=\"600\" src=\"https:\/\/rouquette.com\/wp-content\/uploads\/2021\/08\/IGP-VAR-LOUPS-DE-LA-SEIGNEURIE-ROSE-75CL.png\" class=\"attachment-full size-full\" alt=\"\" srcset=\"https:\/\/rouquette.com\/wp-content\/uploads\/2021\/08\/IGP-VAR-LOUPS-DE-LA-SEIGNEURIE-ROSE-75CL.png 1x,https:\/\/rouquette.com\/wp-content\/uploads\/2021\/08\/IGP-VAR-LOUPS-DE-LA-SEIGNEURIE-ROSE-75CL.png 2x\" \/><\/a><\/div>[vc_custom_heading text=&#8221;Ros\u00e9 Var IGP \u00abLes Loups de La Seigneurie\u00bb<br \/>\n&#8221; font_container=&#8221;tag:p|font_size:14px|text_align:center|line_height:18px&#8221; use_theme_fonts=&#8221;yes&#8221;][\/vc_column_inner][\/vc_row_inner][\/vc_column][\/vc_row][vc_row padding_bottom=&#8221;0&#8243;][vc_column width=&#8221;1\/3&#8243; css=&#8221;.vc_custom_1434893356000{margin-bottom: 18px !important;}&#8221;][\/vc_column][vc_column width=&#8221;1\/3&#8243;]<div class=\"eut-element eut-align-center\"><a class=\"eut-btn eut-btn-medium eut-square eut-bg-primary-3 boutonseigneurie\" href=\"https:\/\/www.laseigneurie.fr\/\" target=\" _blank\" style=\"\"><span>LASEIGNEURIE.FR<\/span><\/a><\/div>[\/vc_column][vc_column width=&#8221;1\/3&#8243;][\/vc_column][\/vc_row][vc_row][vc_column][vc_column_text]<code><div class=\"_df_book df-lite\" id=\"df_9839\"  data-title=\"la-seigneurie-2023\" _slug=\"la-seigneurie-2023\" wpoptions=\"true\" thumb=\"https:\/\/rouquette.com\/wp-content\/uploads\/2023\/05\/e-Plaquette-Seigneurie-2023-CHR_Page_1.jpg\" thumbtype=\"\" ><\/div><script class=\"df-shortcode-script\" type=\"application\/javascript\">window.option_df_9839 = {\"outline\":[],\"backgroundColor\":\"#fffff\",\"autoEnableOutline\":\"false\",\"autoEnableThumbnail\":\"false\",\"overwritePDFOutline\":\"false\",\"direction\":\"1\",\"pageSize\":\"0\",\"controlsPosition\":\"hide\",\"source\":\"https:\\\/\\\/rouquette.com\\\/wp-content\\\/uploads\\\/2023\\\/05\\\/e-Plaquette-Seigneurie-2023-CHR.pdf\",\"wpOptions\":\"true\"}; if(window.DFLIP && window.DFLIP.parseBooks){window.DFLIP.parseBooks();}<\/script><\/code>[\/vc_column_text][\/vc_column][\/vc_row]<\/p>\n","protected":false},"excerpt":{"rendered":"<p>[vc_row][vc_column width=&#8221;2\/3&#8243;][\/vc_column][vc_column width=&#8221;1\/3&#8243;][vc_row_inner][vc_column_inner width=&#8221;1\/2&#8243;][vc_custom_heading text=&#8221;Ros\u00e9 C\u00f4te de Provence AOC \u00abCh\u00e2teau La Seigneurie\u00bb &#8221; font_container=&#8221;tag:p|font_size:14px|text_align:center|line_height:18px&#8221; use_theme_fonts=&#8221;yes&#8221;][\/vc_column_inner][vc_column_inner width=&#8221;1\/2&#8243;][vc_empty_space][vc_custom_heading text=&#8221;Ros\u00e9 Var IGP \u00abLes Loups de La Seigneurie\u00bb &#8221; font_container=&#8221;tag:p|font_size:14px|text_align:center|line_height:18px&#8221; use_theme_fonts=&#8221;yes&#8221;][\/vc_column_inner][\/vc_row_inner][\/vc_column][\/vc_row][vc_row padding_bottom=&#8221;0&#8243;][vc_column width=&#8221;1\/3&#8243; css=&#8221;.vc_custom_1434893356000{margin-bottom: 18px !important;}&#8221;][\/vc_column][vc_column width=&#8221;1\/3&#8243;][\/vc_column][vc_column width=&#8221;1\/3&#8243;][\/vc_column][\/vc_row][vc_row][vc_column][vc_column_text][\/vc_column_text][\/vc_column][\/vc_row]<\/p>\n","protected":false},"author":1,"featured_media":0,"parent":0,"menu_order":0,"comment_status":"closed","ping_status":"closed","template":"","meta":{"footnotes":""},"_links":{"self":[{"href":"https:\/\/rouquette.com\/index.php?rest_route=\/wp\/v2\/pages\/6705"}],"collection":[{"href":"https:\/\/rouquette.com\/index.php?rest_route=\/wp\/v2\/pages"}],"about":[{"href":"https:\/\/rouquette.com\/index.php?rest_route=\/wp\/v2\/types\/page"}],"author":[{"embeddable":true,"href":"https:\/\/rouquette.com\/index.php?rest_route=\/wp\/v2\/users\/1"}],"replies":[{"embeddable":true,"href":"https:\/\/rouquette.com\/index.php?rest_route=%2Fwp%2Fv2%2Fcomments&post=6705"}],"version-history":[{"count":41,"href":"https:\/\/rouquette.com\/index.php?rest_route=\/wp\/v2\/pages\/6705\/revisions"}],"predecessor-version":[{"id":9849,"href":"https:\/\/rouquette.com\/index.php?rest_route=\/wp\/v2\/pages\/6705\/revisions\/9849"}],"wp:attachment":[{"href":"https:\/\/rouquette.com\/index.php?rest_route=%2Fwp%2Fv2%2Fmedia&parent=6705"}],"curies":[{"name":"wp","href":"https:\/\/api.w.org\/{rel}","templated":true}]}}