{"id":6686,"date":"2016-02-26T10:17:15","date_gmt":"2016-02-26T09:17:15","guid":{"rendered":"https:\/\/rouquette.com\/?page_id=6686"},"modified":"2026-02-05T12:28:23","modified_gmt":"2026-02-05T11:28:23","slug":"notre-histoire","status":"publish","type":"page","link":"https:\/\/rouquette.com\/?page_id=6686","title":{"rendered":"Notre histoire"},"content":{"rendered":"<p>[vc_row][vc_column css=&#8221;.vc_custom_1434893356000{margin-bottom: 18px !important;}&#8221;]<h2 class=\"eut-element eut-align-left eut-title-no-line\" style=\"\"><span>Pr\u00e9sentation de la soci\u00e9t\u00e9<\/span><\/h2>[\/vc_column][vc_column width=&#8221;1\/2&#8243;][vc_column_text]<\/p>\n<p style=\"text-align: left;\">Fort de l\u2019union des Hommes, des comp\u00e9tences et des savoir-faire, le Groupe Rouquette, depuis 1947, n\u2019a d\u2019autre souhait que de satisfaire ses clients au quotidien.<\/p>\n<p>[\/vc_column_text][\/vc_column][vc_column width=&#8221;1\/2&#8243;][vc_column_text]<\/p>\n<p style=\"text-align: left;\">Acteur majeur de la distribution de boissons sur le march\u00e9 \u00cele-de-France et Picardie, le Groupe est devenu un intervenant incontournable dans l\u2019univers des brasseries.<\/p>\n<p>[\/vc_column_text][\/vc_column][\/vc_row][vc_row][vc_column]<div class=\"eut-element eut-dropcap\" style=\"\"><p><span class=\"eut-style-2 eut-bg-primary-1\">D<\/span>ot\u00e9e d\u2019une gamme riche et vari\u00e9e, la Maison Rouquette s\u2019efforce de proposer \u00e0 ses clients des produits en accord avec l\u2019\u00e9volution du march\u00e9 et des m\u00e9tiers.<br \/>\nDepuis de nombreuses ann\u00e9es, l\u2019offre VINS, CHAMPAGNES et SPIRITUEUX, prend place dans de grands \u00e9tablissements aux c\u00f4t\u00e9s de bi\u00e8res traditionnelles, eaux, sodas, jus de fruits et caf\u00e9s.<\/p>\n<p>Fi\u00e8re de sa nouvelle identit\u00e9 visuelle, la Maison Rouquette exprime avec clart\u00e9 et force, la modernit\u00e9, le dynamisme et la comp\u00e9tence des hommes qui \u0153uvrent au sein des soci\u00e9t\u00e9s du Groupe. La vitalit\u00e9 de l\u2019entreprise et l\u2019esprit de tradition qui animent ses relations au quotidien avec sa client\u00e8le, font du Groupe Rouquette une r\u00e9f\u00e9rence sur le march\u00e9 de la distribution. Elle se veut compl\u00e8te, pr\u00eate \u00e0 satisfaire et ravir les clients les plus exigeants, en s\u2019adaptant \u00e0 tout type d\u2019\u00e9tablissement, qu\u2019il soit brasserie, restaurant ou collectivit\u00e9.<\/p><\/div><div class=\"eut-element eut-gallery eut-isotope eut-gallery-popup eut-with-gap\" style=\"\" data-columns=\"2\" data-columns-tablet-landscape=\"2\" data-columns-tablet-portrait=\"2\" data-columns-mobile=\"1\" data-layout=\"fitRows\">  <div class=\"eut-isotope-container\"><div class=\"eut-isotope-item \">  <a href=\"https:\/\/rouquette.com\/wp-content\/uploads\/2016\/02\/notre-histoire-3-1.jpg\">    <figure class=\"eut-image-hover eut-zoom-none\">      <div class=\"eut-media eut-dark-overlay eut-opacity-10\"><img loading=\"lazy\" decoding=\"async\" width=\"800\" height=\"600\" src=\"https:\/\/rouquette.com\/wp-content\/uploads\/2016\/02\/notre-histoire-3-1-800x600.jpg\" class=\"attachment-eut-image-small-rect-horizontal size-eut-image-small-rect-horizontal\" alt=\"\" \/>      <\/div>      <figcaption>      <\/figcaption>    <\/figure>  <\/a><\/div><div class=\"eut-isotope-item \">  <a href=\"https:\/\/rouquette.com\/wp-content\/uploads\/2016\/02\/notre-histoire-2-1920x1573.jpg\">    <figure class=\"eut-image-hover eut-zoom-none\">      <div class=\"eut-media eut-dark-overlay eut-opacity-10\"><img loading=\"lazy\" decoding=\"async\" width=\"800\" height=\"600\" src=\"https:\/\/rouquette.com\/wp-content\/uploads\/2016\/02\/notre-histoire-2-800x600.jpg\" class=\"attachment-eut-image-small-rect-horizontal size-eut-image-small-rect-horizontal\" alt=\"\" \/>      <\/div>      <figcaption>      <\/figcaption>    <\/figure>  <\/a><\/div>  <\/div><\/div><h2 class=\"eut-element eut-align-left eut-title-no-line\" style=\"\"><span>\u00c0 propos du d\u00e9veloppement durable<\/span><\/h2>[vc_column_text]Nos camions de livraison sont \u00e9quip\u00e9s de la derni\u00e8re technologie Euro 6 qui rejette moins de CO2 et permet un gain de consommation de + 8 % \u00e0 90 km\/heure&#8230;[\/vc_column_text]<h2 class=\"eut-element eut-align-left eut-title-no-line\" style=\"\"><span>\u00c0 propos de la parit\u00e9<\/span><\/h2>[vc_column_text]Pour l\u2019ann\u00e9e 2025, les crit\u00e8res de calcul de l\u2019Index d\u2019\u00c9galit\u00e9 Professionnelle Femmes-Hommes ne nous permettent pas d\u2019\u00e9tablir cette \u00e9valuation (le total de points requis pour les indicateurs calculables n\u2019ayant pas \u00e9t\u00e9 atteint).<\/p>\n<p>Toutefois, les 4 indicateurs ont obtenu les notations suivantes lorsque le calcul a \u00e9t\u00e9 possible :<br \/>\n\u2013\u00a0\u00a0\u00a0\u00a0\u00a0\u00a0\u00a0\u00a0\u00a0\u00a0Les \u00e9carts de r\u00e9mun\u00e9ration : indicateur non calculable car les effectifs des groupes valides \u00e9taient inf\u00e9rieurs \u00e0 40 % de l\u2019effectif<br \/>\n\u2013\u00a0\u00a0\u00a0\u00a0\u00a0\u00a0\u00a0\u00a0\u00a0\u00a0L\u2019\u00e9cart de taux d\u2019augmentations individuelles\u00a0: note de 25 \/ 35<br \/>\n\u2013\u00a0\u00a0\u00a0\u00a0\u00a0\u00a0\u00a0\u00a0\u00a0\u00a0Pourcentage de salari\u00e9es ayant b\u00e9n\u00e9fici\u00e9 d\u2019une augmentation dans l\u2019ann\u00e9e suivant leur retour de cong\u00e9 maternit\u00e9 : note de 0 \/ 15<br \/>\n\u2013\u00a0\u00a0\u00a0\u00a0\u00a0\u00a0\u00a0\u00a0\u00a0\u00a0Nombre de salari\u00e9s du sexe sous-repr\u00e9sent\u00e9 parmi les 10 salari\u00e9s ayant per\u00e7u les plus hautes r\u00e9mun\u00e9rations : note de 0 \/ 10[\/vc_column_text][\/vc_column][\/vc_row]<\/p>\n","protected":false},"excerpt":{"rendered":"<p>[vc_row][vc_column css=&#8221;.vc_custom_1434893356000{margin-bottom: 18px !important;}&#8221;][\/vc_column][vc_column width=&#8221;1\/2&#8243;][vc_column_text] Fort de l\u2019union des Hommes, des comp\u00e9tences et des savoir-faire, le Groupe Rouquette, depuis 1947, n\u2019a d\u2019autre souhait que de satisfaire ses clients au quotidien. [\/vc_column_text][\/vc_column][vc_column width=&#8221;1\/2&#8243;][vc_column_text] Acteur majeur de la distribution de boissons sur le march\u00e9 \u00cele-de-France et Picardie, le Groupe est devenu un intervenant incontournable dans l\u2019univers des [&hellip;]<\/p>\n","protected":false},"author":1,"featured_media":0,"parent":0,"menu_order":0,"comment_status":"closed","ping_status":"closed","template":"","meta":{"footnotes":""},"_links":{"self":[{"href":"https:\/\/rouquette.com\/index.php?rest_route=\/wp\/v2\/pages\/6686"}],"collection":[{"href":"https:\/\/rouquette.com\/index.php?rest_route=\/wp\/v2\/pages"}],"about":[{"href":"https:\/\/rouquette.com\/index.php?rest_route=\/wp\/v2\/types\/page"}],"author":[{"embeddable":true,"href":"https:\/\/rouquette.com\/index.php?rest_route=\/wp\/v2\/users\/1"}],"replies":[{"embeddable":true,"href":"https:\/\/rouquette.com\/index.php?rest_route=%2Fwp%2Fv2%2Fcomments&post=6686"}],"version-history":[{"count":32,"href":"https:\/\/rouquette.com\/index.php?rest_route=\/wp\/v2\/pages\/6686\/revisions"}],"predecessor-version":[{"id":12833,"href":"https:\/\/rouquette.com\/index.php?rest_route=\/wp\/v2\/pages\/6686\/revisions\/12833"}],"wp:attachment":[{"href":"https:\/\/rouquette.com\/index.php?rest_route=%2Fwp%2Fv2%2Fmedia&parent=6686"}],"curies":[{"name":"wp","href":"https:\/\/api.w.org\/{rel}","templated":true}]}}