{"id":6532,"date":"2016-02-02T10:14:13","date_gmt":"2016-02-02T09:14:13","guid":{"rendered":"https:\/\/rouquette.com\/?page_id=6532"},"modified":"2018-05-14T14:08:16","modified_gmt":"2018-05-14T13:08:16","slug":"nos-produits","status":"publish","type":"page","link":"https:\/\/rouquette.com\/?page_id=6532","title":{"rendered":"Produits"},"content":{"rendered":"<p>[vc_row][vc_column]<h1 class=\"eut-element eut-align-left eut-title-no-line\" style=\"\"><span>Nos produits<\/span><\/h1>[\/vc_column][\/vc_row][vc_row][vc_column]\t\t\t<div class=\"eut-element eut-with-gap eut-portfolio eut-isotope\" style=\"\" data-gutter=\"yes\" data-spinner=\"no\" data-columns=\"3\" data-columns-tablet-landscape=\"2\" data-columns-tablet-portrait=\"2\" data-columns-mobile=\"1\" data-layout=\"fitRows\">\r\n\t\t\r\n\t\t\t<div class=\"eut-isotope-container\">\r\n\t\t\t\t\t\t\t<article id=\"portfolio-6610-69f42bdce9b10\" class=\"eut-isotope-item eut-portfolio-item  post-6610 portfolio type-portfolio status-publish has-post-thumbnail hentry portfolio_category-nos-produits\">\r\n\t\t\t\t\t\t\t\t\t\t\t\t\t\t\t\t\t\t<a href=\"https:\/\/rouquette.com\/?portfolio=les-jus-de-fruits\">\r\n\t\t\t\t\t\t\t\t\t\t\t<figure class=\"eut-hover-style-1 eut-image-hover eut-zoom-none eut-dark\">\r\n\r\n\t\t\t\t\t\t\t\t<div class=\"eut-media eut-dark-overlay eut-opacity-60\">\r\n\t\t\t\t\t\t\t\t\t<img loading=\"lazy\" decoding=\"async\" width=\"600\" height=\"800\" src=\"https:\/\/rouquette.com\/wp-content\/uploads\/2016\/02\/jus-de-fruits-600x800.jpg\" class=\"attachment-eut-image-small-rect-vertical size-eut-image-small-rect-vertical\" alt=\"Jus de fruits\" \/>\t\t\t\t\t\t\t\t<\/div>\r\n\t\t\t\t\t\t\t\t<figcaption>\r\n\t\t\t\t\t\t\t\t\t\t\t\t\t\t\t\t\t\t\t\t\t\t\t\t\t\t\t<h5 class=\"eut-title eut-dark\">Les jus de fruits<\/h5>\r\n\t\t\t\t\t\t\t\t\t\t\t\t\t\t\t\t\t\t\t\t\t\t\t\t\t\t\t<span class=\"eut-caption eut-dark\">Les jus de fruits, source de bien-\u00eatre, existent en diff\u00e9rentes cat\u00e9gories.<\/span>\r\n\t\t\t\t\t\t\t\t\t\t\t\t\t\t\t\t\t\t\t\t\t\t\t\t\t\t\t<span class=\"eut-portfolio-btns\">En savoir plus<\/span>\r\n\t\t\t\t\t\t\t\t\t\t\t\t\t\t\t\t\t<\/figcaption>\r\n\t\t\t\t\t\t\t<\/figure>\r\n\t\t\t\t\t\t\t<\/a>\t\t\t\t\t\t\r\n\t\t\t\t\t<\/article>\r\n\t\t\t\t\t<article id=\"portfolio-6621-69f42bdce9fdb\" class=\"eut-isotope-item eut-portfolio-item  post-6621 portfolio type-portfolio status-publish has-post-thumbnail hentry portfolio_category-nos-produits\">\r\n\t\t\t\t\t\t\t\t\t\t\t\t\t\t\t\t\t\t<a href=\"https:\/\/rouquette.com\/?portfolio=les-cafes\">\r\n\t\t\t\t\t\t\t\t\t\t\t<figure class=\"eut-hover-style-1 eut-image-hover eut-zoom-none eut-dark\">\r\n\r\n\t\t\t\t\t\t\t\t<div class=\"eut-media eut-dark-overlay eut-opacity-60\">\r\n\t\t\t\t\t\t\t\t\t<img loading=\"lazy\" decoding=\"async\" width=\"600\" height=\"800\" src=\"https:\/\/rouquette.com\/wp-content\/uploads\/2016\/02\/les-cafes-600x800.jpg\" class=\"attachment-eut-image-small-rect-vertical size-eut-image-small-rect-vertical\" alt=\"Les caf\u00e9s\" \/>\t\t\t\t\t\t\t\t<\/div>\r\n\t\t\t\t\t\t\t\t<figcaption>\r\n\t\t\t\t\t\t\t\t\t\t\t\t\t\t\t\t\t\t\t\t\t\t\t\t\t\t\t<h5 class=\"eut-title eut-dark\">Les boissons chaudes<\/h5>\r\n\t\t\t\t\t\t\t\t\t\t\t\t\t\t\t\t\t\t\t\t\t\t\t\t\t\t\t<span class=\"eut-caption eut-dark\">Le march\u00e9 des boissons chaudes apporte une offre vari\u00e9e de produits, ces boissons se consomment avec plaisir \u00e0 tout moment de la journ\u00e9e.<\/span>\r\n\t\t\t\t\t\t\t\t\t\t\t\t\t\t\t\t\t\t\t\t\t\t\t\t\t\t\t<span class=\"eut-portfolio-btns\">En savoir plus<\/span>\r\n\t\t\t\t\t\t\t\t\t\t\t\t\t\t\t\t\t<\/figcaption>\r\n\t\t\t\t\t\t\t<\/figure>\r\n\t\t\t\t\t\t\t<\/a>\t\t\t\t\t\t\r\n\t\t\t\t\t<\/article>\r\n\t\t\t\t\t<article id=\"portfolio-6624-69f42bdcea468\" class=\"eut-isotope-item eut-portfolio-item  post-6624 portfolio type-portfolio status-publish has-post-thumbnail hentry portfolio_category-nos-produits\">\r\n\t\t\t\t\t\t\t\t\t\t\t\t\t\t\t\t\t\t<a href=\"https:\/\/rouquette.com\/?portfolio=leau\">\r\n\t\t\t\t\t\t\t\t\t\t\t<figure class=\"eut-hover-style-1 eut-image-hover eut-zoom-none eut-dark\">\r\n\r\n\t\t\t\t\t\t\t\t<div class=\"eut-media eut-dark-overlay eut-opacity-60\">\r\n\t\t\t\t\t\t\t\t\t<img loading=\"lazy\" decoding=\"async\" width=\"600\" height=\"800\" src=\"https:\/\/rouquette.com\/wp-content\/uploads\/2016\/02\/l-eau-600x800.jpg\" class=\"attachment-eut-image-small-rect-vertical size-eut-image-small-rect-vertical\" alt=\"L&#039;eau\" \/>\t\t\t\t\t\t\t\t<\/div>\r\n\t\t\t\t\t\t\t\t<figcaption>\r\n\t\t\t\t\t\t\t\t\t\t\t\t\t\t\t\t\t\t\t\t\t\t\t\t\t\t\t<h5 class=\"eut-title eut-dark\">L&#8217;eau<\/h5>\r\n\t\t\t\t\t\t\t\t\t\t\t\t\t\t\t\t\t\t\t\t\t\t\t\t\t\t\t<span class=\"eut-caption eut-dark\">L\u2019eau, \u00e9l\u00e9ment indispensable \u00e0 notre survie, repr\u00e9sente environ 65 % du corps humain adulte.<\/span>\r\n\t\t\t\t\t\t\t\t\t\t\t\t\t\t\t\t\t\t\t\t\t\t\t\t\t\t\t<span class=\"eut-portfolio-btns\">En savoir plus<\/span>\r\n\t\t\t\t\t\t\t\t\t\t\t\t\t\t\t\t\t<\/figcaption>\r\n\t\t\t\t\t\t\t<\/figure>\r\n\t\t\t\t\t\t\t<\/a>\t\t\t\t\t\t\r\n\t\t\t\t\t<\/article>\r\n\t\t\t\t\t<article id=\"portfolio-6626-69f42bdcea87a\" class=\"eut-isotope-item eut-portfolio-item  post-6626 portfolio type-portfolio status-publish has-post-thumbnail hentry portfolio_category-nos-produits\">\r\n\t\t\t\t\t\t\t\t\t\t\t\t\t\t\t\t\t\t<a href=\"https:\/\/rouquette.com\/?portfolio=la-biere\">\r\n\t\t\t\t\t\t\t\t\t\t\t<figure class=\"eut-hover-style-1 eut-image-hover eut-zoom-none eut-dark\">\r\n\r\n\t\t\t\t\t\t\t\t<div class=\"eut-media eut-dark-overlay eut-opacity-60\">\r\n\t\t\t\t\t\t\t\t\t<img loading=\"lazy\" decoding=\"async\" width=\"600\" height=\"800\" src=\"https:\/\/rouquette.com\/wp-content\/uploads\/2016\/02\/la-bierre-600x800.jpg\" class=\"attachment-eut-image-small-rect-vertical size-eut-image-small-rect-vertical\" alt=\"La biere\" \/>\t\t\t\t\t\t\t\t<\/div>\r\n\t\t\t\t\t\t\t\t<figcaption>\r\n\t\t\t\t\t\t\t\t\t\t\t\t\t\t\t\t\t\t\t\t\t\t\t\t\t\t\t<h5 class=\"eut-title eut-dark\">La bi\u00e8re<\/h5>\r\n\t\t\t\t\t\t\t\t\t\t\t\t\t\t\t\t\t\t\t\t\t\t\t\t\t\t\t<span class=\"eut-caption eut-dark\">La bi\u00e8re est le c\u0153ur de notre m\u00e9tier<\/span>\r\n\t\t\t\t\t\t\t\t\t\t\t\t\t\t\t\t\t\t\t\t\t\t\t\t\t\t\t<span class=\"eut-portfolio-btns\">En savoir plus<\/span>\r\n\t\t\t\t\t\t\t\t\t\t\t\t\t\t\t\t\t<\/figcaption>\r\n\t\t\t\t\t\t\t<\/figure>\r\n\t\t\t\t\t\t\t<\/a>\t\t\t\t\t\t\r\n\t\t\t\t\t<\/article>\r\n\t\t\t\t\t<article id=\"portfolio-6628-69f42bdcead0c\" class=\"eut-isotope-item eut-portfolio-item  post-6628 portfolio type-portfolio status-publish has-post-thumbnail hentry portfolio_category-nos-produits\">\r\n\t\t\t\t\t\t\t\t\t\t\t\t\t\t\t\t\t\t<a href=\"https:\/\/rouquette.com\/?portfolio=les-vins\">\r\n\t\t\t\t\t\t\t\t\t\t\t<figure class=\"eut-hover-style-1 eut-image-hover eut-zoom-none eut-dark\">\r\n\r\n\t\t\t\t\t\t\t\t<div class=\"eut-media eut-dark-overlay eut-opacity-60\">\r\n\t\t\t\t\t\t\t\t\t<img loading=\"lazy\" decoding=\"async\" width=\"600\" height=\"800\" src=\"https:\/\/rouquette.com\/wp-content\/uploads\/2016\/02\/le-vin-600x800.jpg\" class=\"attachment-eut-image-small-rect-vertical size-eut-image-small-rect-vertical\" alt=\"Les vins\" \/>\t\t\t\t\t\t\t\t<\/div>\r\n\t\t\t\t\t\t\t\t<figcaption>\r\n\t\t\t\t\t\t\t\t\t\t\t\t\t\t\t\t\t\t\t\t\t\t\t\t\t\t\t<h5 class=\"eut-title eut-dark\">Les vins<\/h5>\r\n\t\t\t\t\t\t\t\t\t\t\t\t\t\t\t\t\t\t\t\t\t\t\t\t\t\t\t<span class=\"eut-caption eut-dark\">Probablement la plus ancienne des boissons de l\u2019histoire du temps...<\/span>\r\n\t\t\t\t\t\t\t\t\t\t\t\t\t\t\t\t\t\t\t\t\t\t\t\t\t\t\t<span class=\"eut-portfolio-btns\">En savoir plus<\/span>\r\n\t\t\t\t\t\t\t\t\t\t\t\t\t\t\t\t\t<\/figcaption>\r\n\t\t\t\t\t\t\t<\/figure>\r\n\t\t\t\t\t\t\t<\/a>\t\t\t\t\t\t\r\n\t\t\t\t\t<\/article>\r\n\t\t\t\t\t<article id=\"portfolio-6633-69f42bdceb18f\" class=\"eut-isotope-item eut-portfolio-item  post-6633 portfolio type-portfolio status-publish has-post-thumbnail hentry portfolio_category-nos-produits\">\r\n\t\t\t\t\t\t\t\t\t\t\t\t\t\t\t\t\t\t<a href=\"https:\/\/rouquette.com\/?portfolio=les-brsa\">\r\n\t\t\t\t\t\t\t\t\t\t\t<figure class=\"eut-hover-style-1 eut-image-hover eut-zoom-none eut-dark\">\r\n\r\n\t\t\t\t\t\t\t\t<div class=\"eut-media eut-dark-overlay eut-opacity-60\">\r\n\t\t\t\t\t\t\t\t\t<img loading=\"lazy\" decoding=\"async\" width=\"600\" height=\"800\" src=\"https:\/\/rouquette.com\/wp-content\/uploads\/2016\/02\/les-brsa-600x800.jpg\" class=\"attachment-eut-image-small-rect-vertical size-eut-image-small-rect-vertical\" alt=\"Les BRSA\" \/>\t\t\t\t\t\t\t\t<\/div>\r\n\t\t\t\t\t\t\t\t<figcaption>\r\n\t\t\t\t\t\t\t\t\t\t\t\t\t\t\t\t\t\t\t\t\t\t\t\t\t\t\t<h5 class=\"eut-title eut-dark\">Les BRSA<\/h5>\r\n\t\t\t\t\t\t\t\t\t\t\t\t\t\t\t\t\t\t\t\t\t\t\t\t\t\t\t<span class=\"eut-caption eut-dark\">Les BRSA, ou plus commun\u00e9ment nomm\u00e9s sodas, sont des boissons sans alcool avec ou sans bulles.<\/span>\r\n\t\t\t\t\t\t\t\t\t\t\t\t\t\t\t\t\t\t\t\t\t\t\t\t\t\t\t<span class=\"eut-portfolio-btns\">En savoir plus<\/span>\r\n\t\t\t\t\t\t\t\t\t\t\t\t\t\t\t\t\t<\/figcaption>\r\n\t\t\t\t\t\t\t<\/figure>\r\n\t\t\t\t\t\t\t<\/a>\t\t\t\t\t\t\r\n\t\t\t\t\t<\/article>\r\n\t\t\t\t\t<article id=\"portfolio-6665-69f42bdceb63c\" class=\"eut-isotope-item eut-portfolio-item  post-6665 portfolio type-portfolio status-publish has-post-thumbnail hentry portfolio_category-nos-produits\">\r\n\t\t\t\t\t\t\t\t\t\t\t\t\t\t\t\t\t\t<a href=\"https:\/\/rouquette.com\/?portfolio=les-sirops\">\r\n\t\t\t\t\t\t\t\t\t\t\t<figure class=\"eut-hover-style-1 eut-image-hover eut-zoom-none eut-dark\">\r\n\r\n\t\t\t\t\t\t\t\t<div class=\"eut-media eut-dark-overlay eut-opacity-60\">\r\n\t\t\t\t\t\t\t\t\t<img loading=\"lazy\" decoding=\"async\" width=\"600\" height=\"800\" src=\"https:\/\/rouquette.com\/wp-content\/uploads\/2016\/02\/les-sirops-600x800.jpg\" class=\"attachment-eut-image-small-rect-vertical size-eut-image-small-rect-vertical\" alt=\"Les sirops\" \/>\t\t\t\t\t\t\t\t<\/div>\r\n\t\t\t\t\t\t\t\t<figcaption>\r\n\t\t\t\t\t\t\t\t\t\t\t\t\t\t\t\t\t\t\t\t\t\t\t\t\t\t\t<h5 class=\"eut-title eut-dark\">Les sirops<\/h5>\r\n\t\t\t\t\t\t\t\t\t\t\t\t\t\t\t\t\t\t\t\t\t\t\t\t\t\t\t<span class=\"eut-caption eut-dark\">Les sirops proposent une gamme de parfums tr\u00e8s \u00e9tendue.<\/span>\r\n\t\t\t\t\t\t\t\t\t\t\t\t\t\t\t\t\t\t\t\t\t\t\t\t\t\t\t<span class=\"eut-portfolio-btns\">En savoir plus<\/span>\r\n\t\t\t\t\t\t\t\t\t\t\t\t\t\t\t\t\t<\/figcaption>\r\n\t\t\t\t\t\t\t<\/figure>\r\n\t\t\t\t\t\t\t<\/a>\t\t\t\t\t\t\r\n\t\t\t\t\t<\/article>\r\n\t\t\t\t\t<article id=\"portfolio-6666-69f42bdcebaa4\" class=\"eut-isotope-item eut-portfolio-item  post-6666 portfolio type-portfolio status-publish has-post-thumbnail hentry portfolio_category-nos-produits\">\r\n\t\t\t\t\t\t\t\t\t\t\t\t\t\t\t\t\t\t<a href=\"https:\/\/rouquette.com\/?portfolio=les-spiritueux\">\r\n\t\t\t\t\t\t\t\t\t\t\t<figure class=\"eut-hover-style-1 eut-image-hover eut-zoom-none eut-dark\">\r\n\r\n\t\t\t\t\t\t\t\t<div class=\"eut-media eut-dark-overlay eut-opacity-60\">\r\n\t\t\t\t\t\t\t\t\t<img loading=\"lazy\" decoding=\"async\" width=\"600\" height=\"800\" src=\"https:\/\/rouquette.com\/wp-content\/uploads\/2016\/02\/les-spiritueux-600x800.jpg\" class=\"attachment-eut-image-small-rect-vertical size-eut-image-small-rect-vertical\" alt=\"Les spiritueux\" \/>\t\t\t\t\t\t\t\t<\/div>\r\n\t\t\t\t\t\t\t\t<figcaption>\r\n\t\t\t\t\t\t\t\t\t\t\t\t\t\t\t\t\t\t\t\t\t\t\t\t\t\t\t<h5 class=\"eut-title eut-dark\">Les spiritueux<\/h5>\r\n\t\t\t\t\t\t\t\t\t\t\t\t\t\t\t\t\t\t\t\t\t\t\t\t\t\t\t<span class=\"eut-caption eut-dark\">Boissons produites par distillation ou mac\u00e9rations de mati\u00e8res premi\u00e8res agricoles (plantes, fruits, fleurs, herbes\u2026).<\/span>\r\n\t\t\t\t\t\t\t\t\t\t\t\t\t\t\t\t\t\t\t\t\t\t\t\t\t\t\t<span class=\"eut-portfolio-btns\">En savoir plus<\/span>\r\n\t\t\t\t\t\t\t\t\t\t\t\t\t\t\t\t\t<\/figcaption>\r\n\t\t\t\t\t\t\t<\/figure>\r\n\t\t\t\t\t\t\t<\/a>\t\t\t\t\t\t\r\n\t\t\t\t\t<\/article>\r\n\t\t\t\t<\/div>\r\n\t\t\t<\/div>\r\n\r\n\t\t[\/vc_column][\/vc_row]<\/p>\n","protected":false},"excerpt":{"rendered":"<p>[vc_row][vc_column][\/vc_column][\/vc_row][vc_row][vc_column][\/vc_column][\/vc_row]<\/p>\n","protected":false},"author":1,"featured_media":0,"parent":0,"menu_order":0,"comment_status":"closed","ping_status":"closed","template":"","meta":{"footnotes":""},"_links":{"self":[{"href":"https:\/\/rouquette.com\/index.php?rest_route=\/wp\/v2\/pages\/6532"}],"collection":[{"href":"https:\/\/rouquette.com\/index.php?rest_route=\/wp\/v2\/pages"}],"about":[{"href":"https:\/\/rouquette.com\/index.php?rest_route=\/wp\/v2\/types\/page"}],"author":[{"embeddable":true,"href":"https:\/\/rouquette.com\/index.php?rest_route=\/wp\/v2\/users\/1"}],"replies":[{"embeddable":true,"href":"https:\/\/rouquette.com\/index.php?rest_route=%2Fwp%2Fv2%2Fcomments&post=6532"}],"version-history":[{"count":20,"href":"https:\/\/rouquette.com\/index.php?rest_route=\/wp\/v2\/pages\/6532\/revisions"}],"predecessor-version":[{"id":7381,"href":"https:\/\/rouquette.com\/index.php?rest_route=\/wp\/v2\/pages\/6532\/revisions\/7381"}],"wp:attachment":[{"href":"https:\/\/rouquette.com\/index.php?rest_route=%2Fwp%2Fv2%2Fmedia&parent=6532"}],"curies":[{"name":"wp","href":"https:\/\/api.w.org\/{rel}","templated":true}]}}