{"id":2798,"date":"2015-07-07T12:40:26","date_gmt":"2015-07-07T11:40:26","guid":{"rendered":"https:\/\/rouquette.com\/home\/"},"modified":"2025-05-15T09:02:02","modified_gmt":"2025-05-15T08:02:02","slug":"accueil-rouquette-v","status":"publish","type":"page","link":"https:\/\/rouquette.com\/","title":{"rendered":"Accueil"},"content":{"rendered":"<p>[vc_row header_feature=&#8221;yes&#8221; padding_top=&#8221;120&#8243; padding_bottom=&#8221;120&#8243; margin_bottom=&#8221;0&#8243;][vc_column][vc_column_text animation=&#8221;fadeInDown&#8221;]<\/p>\n<h1 style=\"text-align: center;\">Bienvenue sur le site de la Soci\u00e9t\u00e9 Rouquette<\/h1>\n<p>[\/vc_column_text][vc_column_text text_style=&#8221;leader-text&#8221; animation=&#8221;fadeInUp&#8221; animation_delay=&#8221;1500&#8243;]<\/p>\n<p style=\"text-align: center;\">Distributeur Parisien Ind\u00e9pendant au service des Caf\u00e9s, H\u00f4tels, Restaurants<\/p>\n<p>[\/vc_column_text][\/vc_column][\/vc_row][vc_row desktop_visibility=&#8221;hide&#8221; tablet_visibility=&#8221;hide&#8221; tablet_sm_visibility=&#8221;hide&#8221; mobile_visibility=&#8221;hide&#8221; padding_bottom=&#8221;120&#8243;][vc_column width=&#8221;1\/3&#8243;]<div class=\"eut-element eut-slogan eut-align-left eut-animated-item eut-fadeInLeft\" style=\"\" data-delay=\"300\"><div class=\"eut-subtitle\">Be highlighted<\/div><h4 class=\"eut-slogan-title eut-align-left eut-title-no-line\"><span>Unique Design<\/span><\/h4>  <p class=\"\">Web design encompasses many different skills and disciplines in the production and maintenance of websites.<\/p><\/div>[\/vc_column][vc_column width=&#8221;1\/3&#8243;]<div class=\"eut-element eut-slogan eut-align-left eut-animated-item eut-fadeInLeft\" style=\"\" data-delay=\"400\"><div class=\"eut-subtitle\">User Friendly<\/div><h4 class=\"eut-slogan-title eut-align-left eut-title-no-line\"><span>Decent Success<\/span><\/h4>  <p class=\"\">The different areas of web design include web graphic design, interface design, standardised code, UX and SEO.<\/p><\/div>[\/vc_column][vc_column width=&#8221;1\/3&#8243;]<div class=\"eut-element eut-slogan eut-align-left eut-animated-item eut-fadeInLeft\" style=\"\" data-delay=\"500\"><div class=\"eut-subtitle\">Without Doubt<\/div><h4 class=\"eut-slogan-title eut-align-left eut-title-no-line\"><span>Easy to use<\/span><\/h4>  <p class=\"\">Design with the user in mind to enjoy the clean look. Feeling at home with backend, being an artist with frontend.<\/p><\/div>[\/vc_column][\/vc_row][vc_row section_type=&#8221;fullwidth-element&#8221; margin_bottom=&#8221;0&#8243;][vc_column]<div class=\"eut-element eut-hr \" style=\"\"><div class=\"eut-line-divider\"><\/div><\/div>[\/vc_column][\/vc_row][vc_row heading_color=&#8221;light&#8221; section_type=&#8221;fullwidth-element&#8221; flex_height=&#8221;yes&#8221; bg_type=&#8221;color&#8221; margin_bottom=&#8221;0&#8243; font_color=&#8221;rgba(255,255,255,0.4)&#8221; bg_color=&#8221;#020101&#8243;][vc_column width=&#8221;1\/2&#8243; tablet_width=&#8221;1&#8243; css=&#8221;.vc_custom_1453126970548{padding-top: 3% !important;padding-right: 5% !important;padding-bottom: 3% !important;padding-left: 5% !important;}&#8221;]<div class=\"eut-element eut-image eut-animated-item eut-fadeInUp eut-align-center\" style=\"\" data-delay=\"400\"><img loading=\"lazy\" decoding=\"async\" width=\"120\" height=\"120\" src=\"https:\/\/rouquette.com\/wp-content\/uploads\/2015\/07\/R-rouge.png\" class=\"attachment-full size-full\" alt=\"\" srcset=\"https:\/\/rouquette.com\/wp-content\/uploads\/2015\/07\/R-rouge.png 1x,https:\/\/rouquette.com\/wp-content\/uploads\/2015\/07\/R-rouge.png 2x\" \/><\/div><div class=\"eut-element eut-slogan eut-align-center\" style=\"\"><h2 class=\"eut-slogan-title eut-align-center eut-title-no-line\"><span>Des Hommes et des Femmes qui s\u2019engagent chaque jour afin de r\u00e9pondre aux demandes de nos clients.<\/span><\/h2><div class=\"eut-btn-wrapper\"><a class=\"eut-btn eut-btn-medium eut-square eut-bg-primary-1\" href=\"\/groupe\/notre-histoire\/\" target=\"_self\" style=\"\"><span>Qui sommes-nous ?<\/span><\/a><\/div><\/div>[\/vc_column][vc_column width=&#8221;1\/2&#8243;]<div class=\"eut-element eut-video\" style=\"\"><iframe loading=\"lazy\" width=\"1080\" height=\"608\" src=\"https:\/\/www.youtube.com\/embed\/fd9fr1C7zNs?feature=oembed\" frameborder=\"0\" allowfullscreen><\/iframe><\/div>[\/vc_column][\/vc_row][vc_row heading_color=&#8221;primary-1&#8243; padding_top=&#8221;100&#8243; padding_bottom=&#8221;100&#8243; margin_bottom=&#8221;0&#8243;][vc_column width=&#8221;1\/4&#8243; tablet_sm_width=&#8221;1&#8243;]<div class=\"eut-element eut-box-icon eut-align-center eut-large eut-with-shape\" style=\"\">  <div class=\"eut-wrapper-icon eut-simple eut-circle eut-bg-primary-1\"><i class=\"vc_li vc_li-truck eut-color-white\"><\/i><\/div>  <div class=\"eut-box-content\">      <h4 class=\"eut-box-title\">Notre Service Livraison J + 1<\/h4>    <p class=\"\">D\u00e8s 5 h du matin, nos camions sillonnent les rues de Paris et la r\u00e9gion parisienne.<br \/>\nNotre priorit\u00e9 : vous garantir une livraison optimale et r\u00e9active.<br \/>\nEnsemble, nous d\u00e9terminons un jour de livraison et une tranche horaire.<\/p>  <\/div><\/div>[\/vc_column][vc_column width=&#8221;1\/4&#8243; tablet_sm_width=&#8221;1&#8243;]<div class=\"eut-element eut-box-icon eut-align-center eut-large eut-with-shape\" style=\"\">  <div class=\"eut-wrapper-icon eut-simple eut-circle eut-bg-primary-1\"><i class=\"entypo-icon entypo-icon-tools eut-color-white\"><\/i><\/div>  <div class=\"eut-box-content\">      <h4 class=\"eut-box-title\">Notre Service Technique<\/h4>    <p class=\"\">Chaque jour, nos techniciens parcourent la r\u00e9gion Paris Ile-de-France pour installer et entretenir votre mat\u00e9riel afin de garantir une qualit\u00e9 constante de vos produits.<br \/>\nUne urgence ? Nous intervenons, r\u00e9parons ou rempla\u00e7ons !<\/p>  <\/div><\/div>[\/vc_column][vc_column width=&#8221;1\/4&#8243; tablet_sm_width=&#8221;1&#8243;]<div class=\"eut-element eut-box-icon eut-align-center eut-large eut-with-shape\" style=\"\">  <div class=\"eut-wrapper-icon eut-simple eut-circle eut-bg-primary-1\"><i class=\"fa fa-users eut-color-white\"><\/i><\/div>  <div class=\"eut-box-content\">      <h4 class=\"eut-box-title\">Notre Service Commercial &amp; notre Service T\u00e9l\u00e9vente<\/h4>    <p class=\"\">Toute notre \u00e9quipe est \u00e0 votre disposition pour r\u00e9pondre \u00e0 vos attentes. Profitez de leurs exp\u00e9riences et expertises, b\u00e9n\u00e9ficiez de leurs conseils afin de mieux d\u00e9velopper votre activit\u00e9.<\/p>  <\/div><\/div>[\/vc_column][vc_column width=&#8221;1\/4&#8243; tablet_sm_width=&#8221;1&#8243;]<div class=\"eut-element eut-box-icon eut-align-center eut-large eut-with-shape\" style=\"\"><a href=\"http:\/\/rouquette.com\/recrutement\/\" target=\" _blank\">  <div class=\"eut-wrapper-icon eut-simple eut-circle eut-bg-primary-1\"><i class=\"entypo-icon entypo-icon-search eut-color-white\"><\/i><\/div><\/a>  <div class=\"eut-box-content\"><a href=\"http:\/\/rouquette.com\/recrutement\/\" target=\" _blank\">      <h4 class=\"eut-box-title\">Nous recrutons...<\/h4><\/a>    <p class=\"\">Vous souhaitez rejoindre nos \u00e9quipes ?<br \/>\nN&#8217;h\u00e9sitez pas \u00e0 postuler !<\/p>  <\/div><\/div>[\/vc_column][\/vc_row][vc_row heading_color=&#8221;grey&#8221; bg_type=&#8221;image&#8221; bg_image=&#8221;6303&#8243; bg_image_type=&#8221;parallax&#8221; color_overlay=&#8221;dark&#8221; opacity_overlay=&#8221;60&#8243; padding_top=&#8221;150&#8243; padding_bottom=&#8221;150&#8243; margin_bottom=&#8221;0&#8243;][vc_column width=&#8221;1\/4&#8243; css=&#8221;.vc_custom_1438867773509{border-right-width: 1px !important;border-right-color: #474747 !important;border-right-style: solid !important;}&#8221;]<div class=\"eut-element eut-counter eut-align-center eut-animated-item eut-fadeInUp\" style=\"\" data-delay=\"800\">  <div class=\"eut-counter-icon\">  <i class=\"fa fa-beer eut-color-primary-1 eut-medium\"><\/i>  <\/div>  <div class=\"eut-counter-content\">    <div class=\"eut-counter-item eut-color-white eut-small\">      <span data-thousands-separator-vis=\"\" data-thousands-separator=\" \" data-prefix=\"\" data-suffix=\"\" data-start-val=\"0\" data-end-val=\"312240\" data-decimal-points=\"0\" data-decimal-separator=\".\">0<\/span>    <\/div>\t<h5 class=\"eut-counter-title\">F\u00fbts livr\u00e9s<\/h5>  <\/div><\/div>[\/vc_column][vc_column width=&#8221;1\/4&#8243; css=&#8221;.vc_custom_1438867780821{border-right-width: 1px !important;border-right-color: #474747 !important;border-right-style: solid !important;}&#8221;]<div class=\"eut-element eut-counter eut-align-center eut-animated-item eut-fadeInUp\" style=\"\" data-delay=\"1200\">  <div class=\"eut-counter-icon\">  <i class=\"fa fa-user eut-color-primary-1 eut-medium\"><\/i>  <\/div>  <div class=\"eut-counter-content\">    <div class=\"eut-counter-item eut-color-white eut-small\">      <span data-thousands-separator-vis=\"\" data-thousands-separator=\" \" data-prefix=\"\" data-suffix=\"\" data-start-val=\"0\" data-end-val=\"5325\" data-decimal-points=\"0\" data-decimal-separator=\".\">0<\/span>    <\/div>\t<h5 class=\"eut-counter-title\">Clients<\/h5>  <\/div><\/div>[\/vc_column][vc_column width=&#8221;1\/4&#8243; css=&#8221;.vc_custom_1438867787041{border-right-width: 1px !important;border-right-color: #474747 !important;border-right-style: solid !important;}&#8221;]<div class=\"eut-element eut-counter eut-align-center eut-animated-item eut-fadeInUp\" style=\"\" data-delay=\"1600\">  <div class=\"eut-counter-icon\">  <i class=\"fa fa-tags eut-color-primary-1 eut-medium\"><\/i>  <\/div>  <div class=\"eut-counter-content\">    <div class=\"eut-counter-item eut-color-white eut-small\">      <span data-thousands-separator-vis=\"\" data-thousands-separator=\" \" data-prefix=\"\" data-suffix=\"\" data-start-val=\"0\" data-end-val=\"8250\" data-decimal-points=\"0\" data-decimal-separator=\".\">0<\/span>    <\/div>\t<h5 class=\"eut-counter-title\">R\u00e9f\u00e9rences produits<\/h5>  <\/div><\/div>[\/vc_column][vc_column width=&#8221;1\/4&#8243;]<div class=\"eut-element eut-counter eut-align-center eut-animated-item eut-fadeInUp\" style=\"\" data-delay=\"2000\">  <div class=\"eut-counter-icon\">  <i class=\"fa fa-truck eut-color-primary-1 eut-medium\"><\/i>  <\/div>  <div class=\"eut-counter-content\">    <div class=\"eut-counter-item eut-color-white eut-small\">      <span data-thousands-separator-vis=\"\" data-thousands-separator=\" \" data-prefix=\"\" data-suffix=\"\" data-start-val=\"0\" data-end-val=\"157317\" data-decimal-points=\"0\" data-decimal-separator=\".\">0<\/span>    <\/div>\t<h5 class=\"eut-counter-title\">Livraisons<\/h5>  <\/div><\/div>[\/vc_column][\/vc_row][vc_row section_type=&#8221;fullwidth-element&#8221; flex_height=&#8221;yes&#8221; font_color=&#8221;rgba(0,0,0,0.85)&#8221;][vc_column width=&#8221;1\/4&#8243; tablet_width=&#8221;1-4&#8243; tablet_sm_width=&#8221;1-2&#8243; css=&#8221;.vc_custom_1652867001639{padding-top: 6% !important;padding-right: 6% !important;padding-bottom: 6% !important;padding-left: 6% !important;background-color: #e1e7eb !important;}&#8221;]<div class=\"eut-element eut-slogan eut-align-center\" style=\"\"><div class=\"eut-subtitle\">Notre catalogue<\/div><h2 class=\"eut-slogan-title eut-align-center eut-title-line\"><span>Boissons<\/span><\/h2>  <p class=\"eut-subtitle\">Dot\u00e9 d\u2019une gamme vari\u00e9e et riche, nous nous effor\u00e7ons chaque ann\u00e9e de proposer \u00e0 nos partenaires CHR, un catalogue mettant en avant des produits en accord avec les besoins de notre m\u00e9tier et de l\u2019\u00e9volution du march\u00e9.<\/p><div class=\"eut-btn-wrapper\"><a class=\"eut-btn eut-btn-medium eut-square eut-bg-primary-1\" href=\"https:\/\/rouquette.com\/wp-content\/uploads\/2025\/05\/CATALOGUE-DIGITAL-ROUQUETTE-PARIS-AVR2025.pdf\" target=\" _blank\" style=\"\"><span>Catalogue Boissons 2025 - Paris <\/span><\/a><a class=\"eut-btn eut-btn-medium eut-square eut-bg-primary-1\" href=\"https:\/\/rouquette.com\/wp-content\/uploads\/2025\/04\/Catalogue-BOISSONS-LITTORAL-2025-DIGITAL-19-MARS-2025-LEG.pdf\" target=\" _blank\" style=\"\"><span>CATALOGUE BOISSONS 2025 - PICARDIE<\/span><\/a><\/div><\/div>[\/vc_column][vc_column width=&#8221;1\/4&#8243; tablet_width=&#8221;1-4&#8243; tablet_sm_width=&#8221;1-2&#8243; css=&#8221;.vc_custom_1743493632163{background-image: url(https:\/\/rouquette.com\/wp-content\/uploads\/2025\/04\/CoverCatalogue-DIGITAL-ROUQUETTE-2025.jpg?id=11825) !important;background-position: center !important;background-repeat: no-repeat !important;background-size: cover !important;}&#8221;][vc_empty_space height=&#8221;720&#8243;][\/vc_column][vc_column width=&#8221;1\/4&#8243; tablet_width=&#8221;1-4&#8243; tablet_sm_width=&#8221;1-2&#8243; css=&#8221;.vc_custom_1652866455873{padding-top: 6% !important;padding-right: 3% !important;padding-bottom: 6% !important;padding-left: 3% !important;background-color: #e1e7eb !important;}&#8221;]<div class=\"eut-element eut-slogan eut-align-center\" style=\"\"><div class=\"eut-subtitle\">Notre catalogue<\/div><h2 class=\"eut-slogan-title eut-align-center eut-title-line\"><span>\u00c9picerie Fine<\/span><\/h2>  <p class=\"eut-subtitle\">Forte de sa notori\u00e9t\u00e9 et de son savoir-faire, la maison Jacquier \u0153uvre depuis 1884 aupr\u00e8s des restaurants gastronomiques et traditionnels, et propose cette ann\u00e9e un catalogue de produits d\u2019\u00c9picerie fine raffin\u00e9s et atypiques, en lien \u00e9troit avec les besoins et les attentes des grands chefs cuisiniers.<\/p><div class=\"eut-btn-wrapper\"><a class=\"eut-btn eut-btn-medium eut-square eut-black-color\" href=\"https:\/\/rouquette.com\/wp-content\/uploads\/Catalogues\/JACQUIER-CATALOGUE-2022-BD.pdf\" target=\" _blank\" style=\"\"><span>Voir le catalogue Jacquier<\/span><\/a><\/div><\/div><div class=\"eut-element eut-align-center\"><a class=\"eut-btn eut-btn-medium eut-square eut-blue-color\" href=\"https:\/\/rouquette.com\/wp-content\/uploads\/Catalogues\/Catalogue_Hygiene_et_Entretien.pdf\" target=\" _blank\" style=\"\"><span>Gamme Hygi\u00e8ne &amp; Entretien<\/span><\/a><\/div>[\/vc_column][vc_column width=&#8221;1\/4&#8243; tablet_width=&#8221;1-4&#8243; tablet_sm_width=&#8221;1-2&#8243; css=&#8221;.vc_custom_1652866464241{background: #e1e7eb url(https:\/\/rouquette.com\/wp-content\/uploads\/2022\/05\/CATALOGUE-JACQUIER.jpg?id=9097) !important;background-position: center !important;background-repeat: no-repeat !important;background-size: cover !important;}&#8221;][vc_empty_space height=&#8221;720&#8243;][\/vc_column][\/vc_row][vc_row heading_color=&#8221;light&#8221; section_type=&#8221;fullwidth-element&#8221; flex_height=&#8221;yes&#8221; bg_type=&#8221;color&#8221; font_color=&#8221;rgba(255,255,255,0.4)&#8221; bg_color=&#8221;#000000&#8243; padding_bottom=&#8221;0&#8243; margin_bottom=&#8221;40&#8243;][vc_column width=&#8221;1\/2&#8243; tablet_width=&#8221;1&#8243;]<div class=\"eut-element eut-video\" style=\"\"><iframe loading=\"lazy\" width=\"1080\" height=\"608\" src=\"https:\/\/www.youtube.com\/embed\/dCUjm3wczVQ?feature=oembed\" frameborder=\"0\" allowfullscreen><\/iframe><\/div>[\/vc_column][vc_column width=&#8221;1\/2&#8243; css=&#8221;.vc_custom_1453202128321{padding-top: 3% !important;padding-right: 5% !important;padding-bottom: 3% !important;padding-left: 5% !important;}&#8221;]<div class=\"eut-element eut-image eut-animated-item eut-fadeInUp eut-align-center\" style=\"\" data-delay=\"400\"><img loading=\"lazy\" decoding=\"async\" width=\"238\" height=\"150\" src=\"https:\/\/rouquette.com\/wp-content\/uploads\/2018\/05\/Jacquier-logo-2018-rouge.png\" class=\"attachment-full size-full\" alt=\"\" srcset=\"https:\/\/rouquette.com\/wp-content\/uploads\/2018\/05\/Jacquier-logo-2018-rouge.png 1x,https:\/\/rouquette.com\/wp-content\/uploads\/2018\/05\/Jacquier-logo-2018-rouge.png 2x\" \/><\/div><div class=\"eut-element eut-slogan eut-align-center\" style=\"\">  <p class=\"eut-leader-text\">Depuis 1884, les \u00c9tablissements Jacquier b\u00e9n\u00e9ficient d&#8217;un v\u00e9ritable savoir-faire dans l&#8217;\u00e9picerie fine et restent les plus anciens distributeurs d&#8217;\u00e9picerie de Paris.<\/p><div class=\"eut-btn-wrapper\"><a class=\"eut-btn eut-btn-medium eut-square eut-bg-primary-1\" href=\"\/groupe\/societe-jacquier\/\" target=\"_self\" style=\"\"><span>Qui sommes-nous ?<\/span><\/a><\/div><\/div>[\/vc_column][\/vc_row]<\/p>\n","protected":false},"excerpt":{"rendered":"<p>[vc_row header_feature=&#8221;yes&#8221; padding_top=&#8221;120&#8243; padding_bottom=&#8221;120&#8243; margin_bottom=&#8221;0&#8243;][vc_column][vc_column_text animation=&#8221;fadeInDown&#8221;] Bienvenue sur le site de la Soci\u00e9t\u00e9 Rouquette [\/vc_column_text][vc_column_text text_style=&#8221;leader-text&#8221; animation=&#8221;fadeInUp&#8221; animation_delay=&#8221;1500&#8243;] Distributeur Parisien Ind\u00e9pendant au service des Caf\u00e9s, H\u00f4tels, Restaurants [\/vc_column_text][\/vc_column][\/vc_row][vc_row desktop_visibility=&#8221;hide&#8221; tablet_visibility=&#8221;hide&#8221; tablet_sm_visibility=&#8221;hide&#8221; mobile_visibility=&#8221;hide&#8221; padding_bottom=&#8221;120&#8243;][vc_column width=&#8221;1\/3&#8243;][\/vc_column][vc_column width=&#8221;1\/3&#8243;][\/vc_column][vc_column width=&#8221;1\/3&#8243;][\/vc_column][\/vc_row][vc_row section_type=&#8221;fullwidth-element&#8221; margin_bottom=&#8221;0&#8243;][vc_column][\/vc_column][\/vc_row][vc_row heading_color=&#8221;light&#8221; section_type=&#8221;fullwidth-element&#8221; flex_height=&#8221;yes&#8221; bg_type=&#8221;color&#8221; margin_bottom=&#8221;0&#8243; font_color=&#8221;rgba(255,255,255,0.4)&#8221; bg_color=&#8221;#020101&#8243;][vc_column width=&#8221;1\/2&#8243; tablet_width=&#8221;1&#8243; css=&#8221;.vc_custom_1453126970548{padding-top: 3% !important;padding-right: 5% !important;padding-bottom: 3% !important;padding-left: 5% [&hellip;]<\/p>\n","protected":false},"author":1,"featured_media":0,"parent":0,"menu_order":0,"comment_status":"closed","ping_status":"closed","template":"","meta":{"footnotes":""},"_links":{"self":[{"href":"https:\/\/rouquette.com\/index.php?rest_route=\/wp\/v2\/pages\/2798"}],"collection":[{"href":"https:\/\/rouquette.com\/index.php?rest_route=\/wp\/v2\/pages"}],"about":[{"href":"https:\/\/rouquette.com\/index.php?rest_route=\/wp\/v2\/types\/page"}],"author":[{"embeddable":true,"href":"https:\/\/rouquette.com\/index.php?rest_route=\/wp\/v2\/users\/1"}],"replies":[{"embeddable":true,"href":"https:\/\/rouquette.com\/index.php?rest_route=%2Fwp%2Fv2%2Fcomments&post=2798"}],"version-history":[{"count":393,"href":"https:\/\/rouquette.com\/index.php?rest_route=\/wp\/v2\/pages\/2798\/revisions"}],"predecessor-version":[{"id":11965,"href":"https:\/\/rouquette.com\/index.php?rest_route=\/wp\/v2\/pages\/2798\/revisions\/11965"}],"wp:attachment":[{"href":"https:\/\/rouquette.com\/index.php?rest_route=%2Fwp%2Fv2%2Fmedia&parent=2798"}],"curies":[{"name":"wp","href":"https:\/\/api.w.org\/{rel}","templated":true}]}}