{"id":193,"date":"2015-06-21T16:55:26","date_gmt":"2015-06-21T16:55:26","guid":{"rendered":"https:\/\/rouquette.com\/blog-masonry-with-filter\/"},"modified":"2020-03-12T16:20:50","modified_gmt":"2020-03-12T15:20:50","slug":"rouquette-actualites-grossiste-boisson","status":"publish","type":"page","link":"https:\/\/rouquette.com\/?page_id=193","title":{"rendered":"Actualit\u00e9s"},"content":{"rendered":"<p>[vc_row header_feature=&#8221;yes&#8221; footer_feature=&#8221;yes&#8221; padding_top=&#8221;120&#8243; padding_bottom=&#8221;120&#8243;][vc_column]\t\t<div class=\"eut-element eut-blog eut-blog-masonry eut-isotope eut-with-gap eut-shadow-mode\" style=\"\" data-columns=\"4\" data-columns-tablet-landscape=\"3\" data-columns-tablet-portrait=\"2\" data-columns-mobile=\"1\" data-layout=\"masonry\" data-spinner=\"yes\">\r\n\t\t\t\t<div class=\"eut-filter eut-align-center\">\r\n\t\t\t\t\t<ul>\r\n\t\t\t\t\t\t<li data-filter=\"*\" class=\"selected\"><span>Tous<\/span><\/li><li data-filter=\".category-presse\"><span>Presse<\/span><\/li><li data-filter=\".category-actualite\"><span>Actualit\u00e9<\/span><\/li>\t\t\t\t\t<\/ul>\r\n\t\t\t\t<\/div>\r\n\t\t\t\t\t<div class=\"eut-isotope-container\">\r\n\t\t\t<article id=\"post-8026\" class=\"eut-blog-item eut-isotope-item post-8026 post type-post status-publish format-standard has-post-thumbnail hentry category-presse\" itemscope itemType=\"http:\/\/schema.org\/BlogPosting\">\r\n\t\t\t\t<div class=\"eut-isotope-item-inner\">\t\t\t\t\t\t\t<div class=\"eut-media eut-image-hover\">\r\n\t\t\t<a href=\"https:\/\/rouquette.com\/?p=8026\"><img loading=\"lazy\" decoding=\"async\" width=\"1024\" height=\"600\" src=\"https:\/\/rouquette.com\/wp-content\/uploads\/2018\/08\/Article-Rouquette-Zepros-2018-2-1024x600.png\" class=\"attachment-large size-large wp-post-image\" alt=\"\" srcset=\"https:\/\/rouquette.com\/wp-content\/uploads\/2018\/08\/Article-Rouquette-Zepros-2018-2.png 1024w, https:\/\/rouquette.com\/wp-content\/uploads\/2018\/08\/Article-Rouquette-Zepros-2018-2-300x176.png 300w, https:\/\/rouquette.com\/wp-content\/uploads\/2018\/08\/Article-Rouquette-Zepros-2018-2-768x450.png 768w\" sizes=\"(max-width: 1024px) 100vw, 1024px\" \/><\/a>\r\n\t\t<\/div>\r\n\r\n\t\t\t\t\t\t\t\t\t\t\t<div class=\"eut-post-content\">\r\n\t\t\t\t\t\t\t<a href=\"https:\/\/rouquette.com\/?p=8026\" rel=\"bookmark\"><h6 class=\"eut-post-title\" itemprop=\"name headline\"><span>Le Groupe Rouquette dose son digital<\/span><\/h6><\/a>\t\t\t\t\t\t\t\t\t<span class=\"eut-hidden\">\r\n\t\t\t<span class=\"eut-structured-data\" itemprop=\"image\" itemscope itemtype=\"http:\/\/schema.org\/ImageObject\">\r\n\t\t\t   <span itemprop='url' >https:\/\/rouquette.com\/wp-content\/uploads\/2018\/08\/Article-Rouquette-Zepros-2018-2-1024x600.png<\/span>\r\n\t\t\t   <span itemprop='height' >1024<\/span>\r\n\t\t\t   <span itemprop='width' >600<\/span>\r\n\t\t\t<\/span>\r\n\t\t\t\t\t\t<span class=\"eut-structured-data\" itemprop=\"author\" itemscope itemtype=\"http:\/\/schema.org\/Person\">\r\n\t\t\t\t<span itemprop=\"name\">Rouquette | Distributeur sp\u00e9cialis\u00e9 dans la livraison des caf\u00e9s h\u00f4tels restaurants sur paris et \u00eele de france. D\u00e9couvrez notre large gamme de produits : boissons, alcools, jus de fruit, eaux, bi\u00e8res, vins, caf\u00e9s, infusion, mat\u00e9riels, spiritueux<\/span>\r\n\t\t\t<\/span>\r\n\t\t\t<span class=\"eut-structured-data\" itemprop=\"publisher\" itemscope itemtype=\"http:\/\/schema.org\/Organization\">\r\n\t\t\t\t<span itemprop='name'>Rouquette | Distributeur sp\u00e9cialis\u00e9 dans la livraison des caf\u00e9s h\u00f4tels restaurants sur paris et \u00eele de france. D\u00e9couvrez notre large gamme de produits : boissons, alcools, jus de fruit, eaux, bi\u00e8res, vins, caf\u00e9s, infusion, mat\u00e9riels, spiritueux<\/span>\r\n\t\t\t\t<span itemprop='logo' itemscope itemtype='http:\/\/schema.org\/ImageObject'>\r\n\t\t\t\t\t<span itemprop='url'>https:\/\/rouquette.com\/wp-content\/uploads\/2018\/08\/Article-Rouquette-Zepros-2018-2-1024x600.png<\/span>\r\n\t\t\t\t<\/span>\r\n\t\t\t<\/span>\r\n\t\t\t\t\t\t<time class=\"eut-structured-data\" itemprop=\"datePublished\" datetime=\"2018-08-29T11:41:05+01:00\">29 ao\u00fbt 2018<\/time>\r\n\t\t\t<time class=\"eut-structured-data\" itemprop=\"dateModified\"  datetime=\"2018-08-29T13:04:03+01:00\">29 ao\u00fbt 2018<\/time>\r\n\t\t\t<span class=\"eut-structured-data\" itemprop=\"mainEntityOfPage\" itemscope itemtype=\"http:\/\/schema.org\/WebPage\" itemid=\"https:\/\/rouquette.com\/?p=8026\"><\/span>\r\n\t\t<\/span>\r\n\t\t\t\t\t\t\t\t<div class=\"eut-small-text eut-post-meta\">\r\n\t\t\t\t\t\t\t\t\t\t\t\t\t\t\t\t\t\t\t\t\t\t\t\t\t\t<div class=\"eut-like-counter\"><span class=\"fa fa-heart\"><\/span>2<\/div>\r\n\t\t\t\t\t\t\t<\/div>\r\n\t\t\t\t\t\t\t<div itemprop=\"articleBody\"><p><\/p><a class=\"eut-read-more\" href=\"https:\/\/rouquette.com\/?p=8026\"><span>lire plus<\/span><\/a><\/div>\t\t\t\t\t\t<\/div>\r\n\t\t\t\t\t\r\n\t\t\t\t<\/div>\t\t\t<\/article>\r\n\r\n\t\t\t<article id=\"post-7336\" class=\"eut-blog-item eut-isotope-item post-7336 post type-post status-publish format-gallery has-post-thumbnail hentry category-actualite post_format-post-format-gallery\" itemscope itemType=\"http:\/\/schema.org\/BlogPosting\">\r\n\t\t\t\t<div class=\"eut-isotope-item-inner\">\t\t\t\t\t\t\t<div class=\"eut-media eut-image-hover\">\r\n\t\t\t<a href=\"https:\/\/rouquette.com\/?p=7336\"><img loading=\"lazy\" decoding=\"async\" width=\"673\" height=\"1024\" src=\"https:\/\/rouquette.com\/wp-content\/uploads\/2023\/05\/Catalogue-BOISSONS-2023-673x1024.jpg\" class=\"attachment-large size-large wp-post-image\" alt=\"\" srcset=\"https:\/\/rouquette.com\/wp-content\/uploads\/2023\/05\/Catalogue-BOISSONS-2023-673x1024.jpg 673w, https:\/\/rouquette.com\/wp-content\/uploads\/2023\/05\/Catalogue-BOISSONS-2023-197x300.jpg 197w, https:\/\/rouquette.com\/wp-content\/uploads\/2023\/05\/Catalogue-BOISSONS-2023-768x1168.jpg 768w, https:\/\/rouquette.com\/wp-content\/uploads\/2023\/05\/Catalogue-BOISSONS-2023-1010x1536.jpg 1010w, https:\/\/rouquette.com\/wp-content\/uploads\/2023\/05\/Catalogue-BOISSONS-2023-1346x2048.jpg 1346w, https:\/\/rouquette.com\/wp-content\/uploads\/2023\/05\/Catalogue-BOISSONS-2023-1262x1920.jpg 1262w, https:\/\/rouquette.com\/wp-content\/uploads\/2023\/05\/Catalogue-BOISSONS-2023.jpg 1630w\" sizes=\"(max-width: 673px) 100vw, 673px\" \/><\/a>\r\n\t\t<\/div>\r\n\r\n\t\t\t\t\t\t\t\t\t\t\t<div class=\"eut-post-content\">\r\n\t\t\t\t\t\t\t<a href=\"https:\/\/rouquette.com\/?p=7336\" rel=\"bookmark\"><h6 class=\"eut-post-title\" itemprop=\"name headline\"><span>Le catalogue Boissons 2023<\/span><\/h6><\/a>\t\t\t\t\t\t\t\t\t<span class=\"eut-hidden\">\r\n\t\t\t<span class=\"eut-structured-data\" itemprop=\"image\" itemscope itemtype=\"http:\/\/schema.org\/ImageObject\">\r\n\t\t\t   <span itemprop='url' >https:\/\/rouquette.com\/wp-content\/uploads\/2023\/05\/Catalogue-BOISSONS-2023-673x1024.jpg<\/span>\r\n\t\t\t   <span itemprop='height' >673<\/span>\r\n\t\t\t   <span itemprop='width' >1024<\/span>\r\n\t\t\t<\/span>\r\n\t\t\t\t\t\t<span class=\"eut-structured-data\" itemprop=\"author\" itemscope itemtype=\"http:\/\/schema.org\/Person\">\r\n\t\t\t\t<span itemprop=\"name\">Rouquette | Distributeur sp\u00e9cialis\u00e9 dans la livraison des caf\u00e9s h\u00f4tels restaurants sur paris et \u00eele de france. D\u00e9couvrez notre large gamme de produits : boissons, alcools, jus de fruit, eaux, bi\u00e8res, vins, caf\u00e9s, infusion, mat\u00e9riels, spiritueux<\/span>\r\n\t\t\t<\/span>\r\n\t\t\t<span class=\"eut-structured-data\" itemprop=\"publisher\" itemscope itemtype=\"http:\/\/schema.org\/Organization\">\r\n\t\t\t\t<span itemprop='name'>Rouquette | Distributeur sp\u00e9cialis\u00e9 dans la livraison des caf\u00e9s h\u00f4tels restaurants sur paris et \u00eele de france. D\u00e9couvrez notre large gamme de produits : boissons, alcools, jus de fruit, eaux, bi\u00e8res, vins, caf\u00e9s, infusion, mat\u00e9riels, spiritueux<\/span>\r\n\t\t\t\t<span itemprop='logo' itemscope itemtype='http:\/\/schema.org\/ImageObject'>\r\n\t\t\t\t\t<span itemprop='url'>https:\/\/rouquette.com\/wp-content\/uploads\/2023\/05\/Catalogue-BOISSONS-2023-673x1024.jpg<\/span>\r\n\t\t\t\t<\/span>\r\n\t\t\t<\/span>\r\n\t\t\t\t\t\t<time class=\"eut-structured-data\" itemprop=\"datePublished\" datetime=\"2018-05-11T15:29:49+01:00\">11 mai 2018<\/time>\r\n\t\t\t<time class=\"eut-structured-data\" itemprop=\"dateModified\"  datetime=\"2023-06-30T09:11:42+01:00\">30 juin 2023<\/time>\r\n\t\t\t<span class=\"eut-structured-data\" itemprop=\"mainEntityOfPage\" itemscope itemtype=\"http:\/\/schema.org\/WebPage\" itemid=\"https:\/\/rouquette.com\/?p=7336\"><\/span>\r\n\t\t<\/span>\r\n\t\t\t\t\t\t\t\t<div class=\"eut-small-text eut-post-meta\">\r\n\t\t\t\t\t\t\t\t\t\t\t\t\t\t\t\t\t\t\t\t\t\t\t\t\t\t<div class=\"eut-like-counter\"><span class=\"fa fa-heart\"><\/span>4<\/div>\r\n\t\t\t\t\t\t\t<\/div>\r\n\t\t\t\t\t\t\t<div itemprop=\"articleBody\"><p>Vous l\u2019attendiez ? Le catalogue des boissons est enfin arriv\u00e9 ! Vous pouvez le consulter en ligne en suivant le lien ci-dessous. CATALOGUE BOISSONS PARIS 2023<\/p><a class=\"eut-read-more\" href=\"https:\/\/rouquette.com\/?p=7336\"><span>lire plus<\/span><\/a><\/div>\t\t\t\t\t\t<\/div>\r\n\t\t\t\t\t\r\n\t\t\t\t<\/div>\t\t\t<\/article>\r\n\r\n\t\t\t<article id=\"post-7036\" class=\"eut-blog-item eut-label-post eut-isotope-item post-7036 post type-post status-publish format-link has-post-thumbnail hentry category-actualite post_format-post-format-link\" itemscope itemType=\"http:\/\/schema.org\/BlogPosting\">\r\n\t\t\t\t<div class=\"eut-isotope-item-inner\">\t\t\t\t\t\t\t<div class=\"eut-media eut-image-hover\">\r\n\t\t\t<a href=\"https:\/\/rouquette.com\/?p=7036\"><img loading=\"lazy\" decoding=\"async\" width=\"1024\" height=\"1024\" src=\"https:\/\/rouquette.com\/wp-content\/uploads\/2022\/05\/CATALOGUE-JACQUIER-1024x1024.jpg\" class=\"attachment-large size-large wp-post-image\" alt=\"\" srcset=\"https:\/\/rouquette.com\/wp-content\/uploads\/2022\/05\/CATALOGUE-JACQUIER-1024x1024.jpg 1024w, https:\/\/rouquette.com\/wp-content\/uploads\/2022\/05\/CATALOGUE-JACQUIER-300x300.jpg 300w, https:\/\/rouquette.com\/wp-content\/uploads\/2022\/05\/CATALOGUE-JACQUIER-150x150.jpg 150w, https:\/\/rouquette.com\/wp-content\/uploads\/2022\/05\/CATALOGUE-JACQUIER-768x768.jpg 768w, https:\/\/rouquette.com\/wp-content\/uploads\/2022\/05\/CATALOGUE-JACQUIER-1536x1536.jpg 1536w, https:\/\/rouquette.com\/wp-content\/uploads\/2022\/05\/CATALOGUE-JACQUIER-600x600.jpg 600w, https:\/\/rouquette.com\/wp-content\/uploads\/2022\/05\/CATALOGUE-JACQUIER-1120x1120.jpg 1120w, https:\/\/rouquette.com\/wp-content\/uploads\/2022\/05\/CATALOGUE-JACQUIER-1920x1920.jpg 1920w\" sizes=\"(max-width: 1024px) 100vw, 1024px\" \/><\/a>\r\n\t\t<\/div>\r\n\r\n\t\t\t\t\t\t\t\t\t\t\t<a href=\"https:\/\/rouquette.com\/wp-content\/uploads\/2022\/07\/JACQUIER-CATALOGUE-2022-PAGES-WEB-.pdf\" target=\"_blank\" rel=\"bookmark\"><h4 class=\"eut-post-title\" itemprop=\"name headline\">Le catalogue Jacquier est arriv\u00e9 !<\/h4><p itemprop=\"articleBody\">Vous l'attendiez ? Le catalogue \u00c9picerie Fine Jacquier est enfin arriv\u00e9 ! Vous pouvez le consulter en ligne en cliquant ici.<\/p><div class=\"eut-subtitle\">https:\/\/rouquette.com\/wp-content\/uploads\/2022\/07\/JACQUIER-CATALOGUE-2022-PAGES-WEB-.pdf<\/div><\/a>\t\t\t\t\t\t\t\t<span class=\"eut-hidden\">\r\n\t\t\t<span class=\"eut-structured-data\" itemprop=\"image\" itemscope itemtype=\"http:\/\/schema.org\/ImageObject\">\r\n\t\t\t   <span itemprop='url' >https:\/\/rouquette.com\/wp-content\/uploads\/2022\/05\/CATALOGUE-JACQUIER-1024x1024.jpg<\/span>\r\n\t\t\t   <span itemprop='height' >1024<\/span>\r\n\t\t\t   <span itemprop='width' >1024<\/span>\r\n\t\t\t<\/span>\r\n\t\t\t\t\t\t<span class=\"eut-structured-data\" itemprop=\"author\" itemscope itemtype=\"http:\/\/schema.org\/Person\">\r\n\t\t\t\t<span itemprop=\"name\">Rouquette | Distributeur sp\u00e9cialis\u00e9 dans la livraison des caf\u00e9s h\u00f4tels restaurants sur paris et \u00eele de france. D\u00e9couvrez notre large gamme de produits : boissons, alcools, jus de fruit, eaux, bi\u00e8res, vins, caf\u00e9s, infusion, mat\u00e9riels, spiritueux<\/span>\r\n\t\t\t<\/span>\r\n\t\t\t<span class=\"eut-structured-data\" itemprop=\"publisher\" itemscope itemtype=\"http:\/\/schema.org\/Organization\">\r\n\t\t\t\t<span itemprop='name'>Rouquette | Distributeur sp\u00e9cialis\u00e9 dans la livraison des caf\u00e9s h\u00f4tels restaurants sur paris et \u00eele de france. D\u00e9couvrez notre large gamme de produits : boissons, alcools, jus de fruit, eaux, bi\u00e8res, vins, caf\u00e9s, infusion, mat\u00e9riels, spiritueux<\/span>\r\n\t\t\t\t<span itemprop='logo' itemscope itemtype='http:\/\/schema.org\/ImageObject'>\r\n\t\t\t\t\t<span itemprop='url'>https:\/\/rouquette.com\/wp-content\/uploads\/2022\/05\/CATALOGUE-JACQUIER-1024x1024.jpg<\/span>\r\n\t\t\t\t<\/span>\r\n\t\t\t<\/span>\r\n\t\t\t\t\t\t<time class=\"eut-structured-data\" itemprop=\"datePublished\" datetime=\"2018-03-09T10:11:02+01:00\">9 mars 2018<\/time>\r\n\t\t\t<time class=\"eut-structured-data\" itemprop=\"dateModified\"  datetime=\"2022-07-29T08:02:46+01:00\">29 juillet 2022<\/time>\r\n\t\t\t<span class=\"eut-structured-data\" itemprop=\"mainEntityOfPage\" itemscope itemtype=\"http:\/\/schema.org\/WebPage\" itemid=\"https:\/\/rouquette.com\/?p=7036\"><\/span>\r\n\t\t<\/span>\r\n\t\t\t\t\t\t\r\n\t\t\t\t<\/div>\t\t\t<\/article>\r\n\r\n\t\t\t<article id=\"post-6995\" class=\"eut-blog-item eut-isotope-item post-6995 post type-post status-publish format-standard has-post-thumbnail hentry category-presse\" itemscope itemType=\"http:\/\/schema.org\/BlogPosting\">\r\n\t\t\t\t<div class=\"eut-isotope-item-inner\">\t\t\t\t\t\t\t<div class=\"eut-media eut-image-hover\">\r\n\t\t\t<a href=\"https:\/\/rouquette.com\/?p=6995\"><img loading=\"lazy\" decoding=\"async\" width=\"781\" height=\"1024\" src=\"https:\/\/rouquette.com\/wp-content\/uploads\/2016\/06\/ADP-881-Paillette-781x1024.jpg\" class=\"attachment-large size-large wp-post-image\" alt=\"\" srcset=\"https:\/\/rouquette.com\/wp-content\/uploads\/2016\/06\/ADP-881-Paillette-781x1024.jpg 781w, https:\/\/rouquette.com\/wp-content\/uploads\/2016\/06\/ADP-881-Paillette-229x300.jpg 229w, https:\/\/rouquette.com\/wp-content\/uploads\/2016\/06\/ADP-881-Paillette-768x1007.jpg 768w, https:\/\/rouquette.com\/wp-content\/uploads\/2016\/06\/ADP-881-Paillette.jpg 1464w\" sizes=\"(max-width: 781px) 100vw, 781px\" \/><\/a>\r\n\t\t<\/div>\r\n\r\n\t\t\t\t\t\t\t\t\t\t\t<div class=\"eut-post-content\">\r\n\t\t\t\t\t\t\t<a href=\"https:\/\/rouquette.com\/?p=6995\" rel=\"bookmark\"><h6 class=\"eut-post-title\" itemprop=\"name headline\"><span>Le retour en force d\u2019une bi\u00e8re n\u00e9e en 1596<\/span><\/h6><\/a>\t\t\t\t\t\t\t\t\t<span class=\"eut-hidden\">\r\n\t\t\t<span class=\"eut-structured-data\" itemprop=\"image\" itemscope itemtype=\"http:\/\/schema.org\/ImageObject\">\r\n\t\t\t   <span itemprop='url' >https:\/\/rouquette.com\/wp-content\/uploads\/2016\/06\/ADP-881-Paillette-781x1024.jpg<\/span>\r\n\t\t\t   <span itemprop='height' >781<\/span>\r\n\t\t\t   <span itemprop='width' >1024<\/span>\r\n\t\t\t<\/span>\r\n\t\t\t\t\t\t<span class=\"eut-structured-data\" itemprop=\"author\" itemscope itemtype=\"http:\/\/schema.org\/Person\">\r\n\t\t\t\t<span itemprop=\"name\">Rouquette | Distributeur sp\u00e9cialis\u00e9 dans la livraison des caf\u00e9s h\u00f4tels restaurants sur paris et \u00eele de france. D\u00e9couvrez notre large gamme de produits : boissons, alcools, jus de fruit, eaux, bi\u00e8res, vins, caf\u00e9s, infusion, mat\u00e9riels, spiritueux<\/span>\r\n\t\t\t<\/span>\r\n\t\t\t<span class=\"eut-structured-data\" itemprop=\"publisher\" itemscope itemtype=\"http:\/\/schema.org\/Organization\">\r\n\t\t\t\t<span itemprop='name'>Rouquette | Distributeur sp\u00e9cialis\u00e9 dans la livraison des caf\u00e9s h\u00f4tels restaurants sur paris et \u00eele de france. D\u00e9couvrez notre large gamme de produits : boissons, alcools, jus de fruit, eaux, bi\u00e8res, vins, caf\u00e9s, infusion, mat\u00e9riels, spiritueux<\/span>\r\n\t\t\t\t<span itemprop='logo' itemscope itemtype='http:\/\/schema.org\/ImageObject'>\r\n\t\t\t\t\t<span itemprop='url'>https:\/\/rouquette.com\/wp-content\/uploads\/2016\/06\/ADP-881-Paillette-781x1024.jpg<\/span>\r\n\t\t\t\t<\/span>\r\n\t\t\t<\/span>\r\n\t\t\t\t\t\t<time class=\"eut-structured-data\" itemprop=\"datePublished\" datetime=\"2016-06-14T14:11:43+01:00\">14 juin 2016<\/time>\r\n\t\t\t<time class=\"eut-structured-data\" itemprop=\"dateModified\"  datetime=\"2016-06-23T10:21:46+01:00\">23 juin 2016<\/time>\r\n\t\t\t<span class=\"eut-structured-data\" itemprop=\"mainEntityOfPage\" itemscope itemtype=\"http:\/\/schema.org\/WebPage\" itemid=\"https:\/\/rouquette.com\/?p=6995\"><\/span>\r\n\t\t<\/span>\r\n\t\t\t\t\t\t\t\t<div class=\"eut-small-text eut-post-meta\">\r\n\t\t\t\t\t\t\t\t\t\t\t\t\t\t\t\t\t\t\t\t\t\t\t\t\t\t<div class=\"eut-like-counter\"><span class=\"fa fa-heart\"><\/span>1<\/div>\r\n\t\t\t\t\t\t\t<\/div>\r\n\t\t\t\t\t\t\t<div itemprop=\"articleBody\"><p>La bi\u00e8re artisanale a le vent en poupe. Brasseurs de France recense actuellement en France 2 000 marques de bi\u00e8res et 800 brasseries. Le nombre de ces derni\u00e8res a doubl\u00e9\u2026<\/p><a class=\"eut-read-more\" href=\"https:\/\/rouquette.com\/?p=6995\"><span>lire plus<\/span><\/a><\/div>\t\t\t\t\t\t<\/div>\r\n\t\t\t\t\t\r\n\t\t\t\t<\/div>\t\t\t<\/article>\r\n\r\n\t\t\t<article id=\"post-6527\" class=\"eut-blog-item eut-isotope-item post-6527 post type-post status-publish format-standard has-post-thumbnail hentry category-actualite\" itemscope itemType=\"http:\/\/schema.org\/BlogPosting\">\r\n\t\t\t\t<div class=\"eut-isotope-item-inner\">\t\t\t\t\t\t\t<div class=\"eut-media eut-image-hover\">\r\n\t\t\t<a href=\"https:\/\/rouquette.com\/?p=6527\"><img loading=\"lazy\" decoding=\"async\" width=\"1024\" height=\"1024\" src=\"https:\/\/rouquette.com\/wp-content\/uploads\/2016\/01\/entrepot1120x1120-1-1024x1024.jpg\" class=\"attachment-large size-large wp-post-image\" alt=\"Entrep\u00f4t Rouquette\" srcset=\"https:\/\/rouquette.com\/wp-content\/uploads\/2016\/01\/entrepot1120x1120-1-1024x1024.jpg 1024w, https:\/\/rouquette.com\/wp-content\/uploads\/2016\/01\/entrepot1120x1120-1-150x150.jpg 150w, https:\/\/rouquette.com\/wp-content\/uploads\/2016\/01\/entrepot1120x1120-1-300x300.jpg 300w, https:\/\/rouquette.com\/wp-content\/uploads\/2016\/01\/entrepot1120x1120-1-768x768.jpg 768w, https:\/\/rouquette.com\/wp-content\/uploads\/2016\/01\/entrepot1120x1120-1-180x180.jpg 180w, https:\/\/rouquette.com\/wp-content\/uploads\/2016\/01\/entrepot1120x1120-1-600x600.jpg 600w, https:\/\/rouquette.com\/wp-content\/uploads\/2016\/01\/entrepot1120x1120-1.jpg 1120w\" sizes=\"(max-width: 1024px) 100vw, 1024px\" \/><\/a>\r\n\t\t<\/div>\r\n\r\n\t\t\t\t\t\t\t\t\t\t\t<div class=\"eut-post-content\">\r\n\t\t\t\t\t\t\t<a href=\"https:\/\/rouquette.com\/?p=6527\" rel=\"bookmark\"><h6 class=\"eut-post-title\" itemprop=\"name headline\"><span>L&#8217;entrep\u00f4t Rouquette \u00e0 Chelles fait peau neuve<\/span><\/h6><\/a>\t\t\t\t\t\t\t\t\t<span class=\"eut-hidden\">\r\n\t\t\t<span class=\"eut-structured-data\" itemprop=\"image\" itemscope itemtype=\"http:\/\/schema.org\/ImageObject\">\r\n\t\t\t   <span itemprop='url' >https:\/\/rouquette.com\/wp-content\/uploads\/2016\/01\/entrepot1120x1120-1-1024x1024.jpg<\/span>\r\n\t\t\t   <span itemprop='height' >1024<\/span>\r\n\t\t\t   <span itemprop='width' >1024<\/span>\r\n\t\t\t<\/span>\r\n\t\t\t\t\t\t<span class=\"eut-structured-data\" itemprop=\"author\" itemscope itemtype=\"http:\/\/schema.org\/Person\">\r\n\t\t\t\t<span itemprop=\"name\">Rouquette | Distributeur sp\u00e9cialis\u00e9 dans la livraison des caf\u00e9s h\u00f4tels restaurants sur paris et \u00eele de france. D\u00e9couvrez notre large gamme de produits : boissons, alcools, jus de fruit, eaux, bi\u00e8res, vins, caf\u00e9s, infusion, mat\u00e9riels, spiritueux<\/span>\r\n\t\t\t<\/span>\r\n\t\t\t<span class=\"eut-structured-data\" itemprop=\"publisher\" itemscope itemtype=\"http:\/\/schema.org\/Organization\">\r\n\t\t\t\t<span itemprop='name'>Rouquette | Distributeur sp\u00e9cialis\u00e9 dans la livraison des caf\u00e9s h\u00f4tels restaurants sur paris et \u00eele de france. D\u00e9couvrez notre large gamme de produits : boissons, alcools, jus de fruit, eaux, bi\u00e8res, vins, caf\u00e9s, infusion, mat\u00e9riels, spiritueux<\/span>\r\n\t\t\t\t<span itemprop='logo' itemscope itemtype='http:\/\/schema.org\/ImageObject'>\r\n\t\t\t\t\t<span itemprop='url'>https:\/\/rouquette.com\/wp-content\/uploads\/2016\/01\/entrepot1120x1120-1-1024x1024.jpg<\/span>\r\n\t\t\t\t<\/span>\r\n\t\t\t<\/span>\r\n\t\t\t\t\t\t<time class=\"eut-structured-data\" itemprop=\"datePublished\" datetime=\"2016-01-21T12:28:27+01:00\">21 janvier 2016<\/time>\r\n\t\t\t<time class=\"eut-structured-data\" itemprop=\"dateModified\"  datetime=\"2016-05-03T11:29:07+01:00\">3 mai 2016<\/time>\r\n\t\t\t<span class=\"eut-structured-data\" itemprop=\"mainEntityOfPage\" itemscope itemtype=\"http:\/\/schema.org\/WebPage\" itemid=\"https:\/\/rouquette.com\/?p=6527\"><\/span>\r\n\t\t<\/span>\r\n\t\t\t\t\t\t\t\t<div class=\"eut-small-text eut-post-meta\">\r\n\t\t\t\t\t\t\t\t\t\t\t\t\t\t\t\t\t\t\t\t\t\t\t\t\t\t<div class=\"eut-like-counter\"><span class=\"fa fa-heart\"><\/span>0<\/div>\r\n\t\t\t\t\t\t\t<\/div>\r\n\t\t\t\t\t\t\t<div itemprop=\"articleBody\"><p><\/p><a class=\"eut-read-more\" href=\"https:\/\/rouquette.com\/?p=6527\"><span>lire plus<\/span><\/a><\/div>\t\t\t\t\t\t<\/div>\r\n\t\t\t\t\t\r\n\t\t\t\t<\/div>\t\t\t<\/article>\r\n\r\n\t\t\t<article id=\"post-6525\" class=\"eut-blog-item eut-isotope-item post-6525 post type-post status-publish format-standard has-post-thumbnail hentry category-actualite\" itemscope itemType=\"http:\/\/schema.org\/BlogPosting\">\r\n\t\t\t\t<div class=\"eut-isotope-item-inner\">\t\t\t\t\t\t\t<div class=\"eut-media eut-image-hover\">\r\n\t\t\t<a href=\"https:\/\/rouquette.com\/?p=6525\"><img loading=\"lazy\" decoding=\"async\" width=\"471\" height=\"893\" src=\"https:\/\/rouquette.com\/wp-content\/uploads\/2016\/01\/Hybride-fondautre-FINAL-V3.jpg\" class=\"attachment-large size-large wp-post-image\" alt=\"Camion Hybride\" srcset=\"https:\/\/rouquette.com\/wp-content\/uploads\/2016\/01\/Hybride-fondautre-FINAL-V3.jpg 471w, https:\/\/rouquette.com\/wp-content\/uploads\/2016\/01\/Hybride-fondautre-FINAL-V3-158x300.jpg 158w\" sizes=\"(max-width: 471px) 100vw, 471px\" \/><\/a>\r\n\t\t<\/div>\r\n\r\n\t\t\t\t\t\t\t\t\t\t\t<div class=\"eut-post-content\">\r\n\t\t\t\t\t\t\t<a href=\"https:\/\/rouquette.com\/?p=6525\" rel=\"bookmark\"><h6 class=\"eut-post-title\" itemprop=\"name headline\"><span>Jacquier livre ses clients en camion Hybride !<\/span><\/h6><\/a>\t\t\t\t\t\t\t\t\t<span class=\"eut-hidden\">\r\n\t\t\t<span class=\"eut-structured-data\" itemprop=\"image\" itemscope itemtype=\"http:\/\/schema.org\/ImageObject\">\r\n\t\t\t   <span itemprop='url' >https:\/\/rouquette.com\/wp-content\/uploads\/2016\/01\/Hybride-fondautre-FINAL-V3.jpg<\/span>\r\n\t\t\t   <span itemprop='height' >471<\/span>\r\n\t\t\t   <span itemprop='width' >893<\/span>\r\n\t\t\t<\/span>\r\n\t\t\t\t\t\t<span class=\"eut-structured-data\" itemprop=\"author\" itemscope itemtype=\"http:\/\/schema.org\/Person\">\r\n\t\t\t\t<span itemprop=\"name\">Rouquette | Distributeur sp\u00e9cialis\u00e9 dans la livraison des caf\u00e9s h\u00f4tels restaurants sur paris et \u00eele de france. D\u00e9couvrez notre large gamme de produits : boissons, alcools, jus de fruit, eaux, bi\u00e8res, vins, caf\u00e9s, infusion, mat\u00e9riels, spiritueux<\/span>\r\n\t\t\t<\/span>\r\n\t\t\t<span class=\"eut-structured-data\" itemprop=\"publisher\" itemscope itemtype=\"http:\/\/schema.org\/Organization\">\r\n\t\t\t\t<span itemprop='name'>Rouquette | Distributeur sp\u00e9cialis\u00e9 dans la livraison des caf\u00e9s h\u00f4tels restaurants sur paris et \u00eele de france. D\u00e9couvrez notre large gamme de produits : boissons, alcools, jus de fruit, eaux, bi\u00e8res, vins, caf\u00e9s, infusion, mat\u00e9riels, spiritueux<\/span>\r\n\t\t\t\t<span itemprop='logo' itemscope itemtype='http:\/\/schema.org\/ImageObject'>\r\n\t\t\t\t\t<span itemprop='url'>https:\/\/rouquette.com\/wp-content\/uploads\/2016\/01\/Hybride-fondautre-FINAL-V3.jpg<\/span>\r\n\t\t\t\t<\/span>\r\n\t\t\t<\/span>\r\n\t\t\t\t\t\t<time class=\"eut-structured-data\" itemprop=\"datePublished\" datetime=\"2016-01-21T11:11:28+01:00\">21 janvier 2016<\/time>\r\n\t\t\t<time class=\"eut-structured-data\" itemprop=\"dateModified\"  datetime=\"2016-05-03T11:29:15+01:00\">3 mai 2016<\/time>\r\n\t\t\t<span class=\"eut-structured-data\" itemprop=\"mainEntityOfPage\" itemscope itemtype=\"http:\/\/schema.org\/WebPage\" itemid=\"https:\/\/rouquette.com\/?p=6525\"><\/span>\r\n\t\t<\/span>\r\n\t\t\t\t\t\t\t\t<div class=\"eut-small-text eut-post-meta\">\r\n\t\t\t\t\t\t\t\t\t\t\t\t\t\t\t\t\t\t\t\t\t\t\t\t\t\t<div class=\"eut-like-counter\"><span class=\"fa fa-heart\"><\/span>0<\/div>\r\n\t\t\t\t\t\t\t<\/div>\r\n\t\t\t\t\t\t\t<div itemprop=\"articleBody\"><p><\/p><a class=\"eut-read-more\" href=\"https:\/\/rouquette.com\/?p=6525\"><span>lire plus<\/span><\/a><\/div>\t\t\t\t\t\t<\/div>\r\n\t\t\t\t\t\r\n\t\t\t\t<\/div>\t\t\t<\/article>\r\n\r\n\t\t\t<\/div>\r\n\t\t<\/div>\r\n[\/vc_column][\/vc_row]<\/p>\n","protected":false},"excerpt":{"rendered":"<p>[vc_row header_feature=&#8221;yes&#8221; footer_feature=&#8221;yes&#8221; padding_top=&#8221;120&#8243; padding_bottom=&#8221;120&#8243;][vc_column][\/vc_column][\/vc_row]<\/p>\n","protected":false},"author":1,"featured_media":0,"parent":0,"menu_order":0,"comment_status":"closed","ping_status":"closed","template":"","meta":{"footnotes":""},"_links":{"self":[{"href":"https:\/\/rouquette.com\/index.php?rest_route=\/wp\/v2\/pages\/193"}],"collection":[{"href":"https:\/\/rouquette.com\/index.php?rest_route=\/wp\/v2\/pages"}],"about":[{"href":"https:\/\/rouquette.com\/index.php?rest_route=\/wp\/v2\/types\/page"}],"author":[{"embeddable":true,"href":"https:\/\/rouquette.com\/index.php?rest_route=\/wp\/v2\/users\/1"}],"replies":[{"embeddable":true,"href":"https:\/\/rouquette.com\/index.php?rest_route=%2Fwp%2Fv2%2Fcomments&post=193"}],"version-history":[{"count":5,"href":"https:\/\/rouquette.com\/index.php?rest_route=\/wp\/v2\/pages\/193\/revisions"}],"predecessor-version":[{"id":6992,"href":"https:\/\/rouquette.com\/index.php?rest_route=\/wp\/v2\/pages\/193\/revisions\/6992"}],"wp:attachment":[{"href":"https:\/\/rouquette.com\/index.php?rest_route=%2Fwp%2Fv2%2Fmedia&parent=193"}],"curies":[{"name":"wp","href":"https:\/\/api.w.org\/{rel}","templated":true}]}}