{"id":1573,"date":"2015-06-28T16:31:00","date_gmt":"2015-06-28T16:31:00","guid":{"rendered":"https:\/\/rouquette.com\/contact-us\/"},"modified":"2023-01-18T11:45:52","modified_gmt":"2023-01-18T10:45:52","slug":"contactez-nous","status":"publish","type":"page","link":"https:\/\/rouquette.com\/?page_id=1573","title":{"rendered":"Contact"},"content":{"rendered":"<p>[vc_row section_type=&#8221;fullwidth-element&#8221; flex_height=&#8221;yes&#8221; header_feature=&#8221;yes&#8221; footer_feature=&#8221;yes&#8221; desktop_visibility=&#8221;hide&#8221; tablet_visibility=&#8221;hide&#8221; tablet_sm_visibility=&#8221;hide&#8221; mobile_visibility=&#8221;hide&#8221;][vc_column width=&#8221;1\/2&#8243; tablet_sm_width=&#8221;1&#8243; css=&#8221;.vc_custom_1438849744337{padding-top: 8% !important;padding-right: 15% !important;padding-bottom: 8% !important;padding-left: 15% !important;}&#8221;][vc_column_text animation=&#8221;fadeInLeft&#8221; animation_delay=&#8221;300&#8243;]<\/p>\n<h5>Site Chelles<\/h5>\n<p style=\"text-align: left;\">Chemin le Bouleur<br \/>\n77500 Chelles<\/p>\n<p>[\/vc_column_text]<div class=\"eut-element eut-hr \" style=\"\"><div class=\"eut-line-divider\"><\/div><\/div>[vc_column_text animation=&#8221;fadeInLeft&#8221; animation_delay=&#8221;600&#8243;]<\/p>\n<h5>Site Paris<\/h5>\n<p style=\"text-align: left;\">10 rue de la Tr\u00e9moille<br \/>\n75008 Paris<\/p>\n<p>[\/vc_column_text]<div class=\"eut-element eut-hr \" style=\"\"><div class=\"eut-line-divider\"><\/div><\/div>[vc_column_text animation=&#8221;fadeInLeft&#8221; animation_delay=&#8221;900&#8243;]<\/p>\n<h5><strong>Rouquette Production<\/strong><\/h5>\n<p style=\"text-align: left;\">Rue de la Gare<br \/>\n60112 Milly-Sur-Therain<\/p>\n<p>[\/vc_column_text][\/vc_column][vc_column width=&#8221;1\/2&#8243; tablet_sm_width=&#8221;1&#8243; css=&#8221;.vc_custom_1455191657849{padding-top: 10% !important;padding-bottom: 10% !important;background-image: url(https:\/\/rouquette.com-content\/uploads\/2015\/06\/logo-RetJ.jpg?id=6681) !important;background-position: center !important;background-repeat: no-repeat !important;background-size: cover !important;}&#8221;][vc_empty_space height=&#8221;400&#8243;][\/vc_column][\/vc_row][vc_row section_type=&#8221;fullwidth-element&#8221; footer_feature=&#8221;yes&#8221; margin_bottom=&#8221;0&#8243;][vc_column width=&#8221;1\/6&#8243; tablet_sm_width=&#8221;1&#8243;][\/vc_column][vc_column width=&#8221;2\/3&#8243;]\n<div class=\"wpcf7 no-js\" id=\"wpcf7-f9035-o1\" lang=\"fr-FR\" dir=\"ltr\">\n<div class=\"screen-reader-response\"><p role=\"status\" aria-live=\"polite\" aria-atomic=\"true\"><\/p> <ul><\/ul><\/div>\n<form action=\"\/index.php?rest_route=%2Fwp%2Fv2%2Fpages%2F1573#wpcf7-f9035-o1\" method=\"post\" class=\"wpcf7-form init\" aria-label=\"Formulaire de contact\" novalidate=\"novalidate\" data-status=\"init\">\n<div style=\"display: none;\">\n<input type=\"hidden\" name=\"_wpcf7\" value=\"9035\" \/>\n<input type=\"hidden\" name=\"_wpcf7_version\" value=\"5.7.4\" \/>\n<input type=\"hidden\" name=\"_wpcf7_locale\" value=\"fr_FR\" \/>\n<input type=\"hidden\" name=\"_wpcf7_unit_tag\" value=\"wpcf7-f9035-o1\" \/>\n<input type=\"hidden\" name=\"_wpcf7_container_post\" value=\"0\" \/>\n<input type=\"hidden\" name=\"_wpcf7_posted_data_hash\" value=\"\" \/>\n<input type=\"hidden\" name=\"_wpcf7_recaptcha_response\" value=\"\" \/>\n<\/div>\n<p><span class=\"wpcf7-form-control-wrap\" data-name=\"destinataire\"><select class=\"wpcf7-form-control wpcf7-select wpcf7-validates-as-required choixmail\" id=\"choix\" aria-required=\"true\" aria-invalid=\"false\" name=\"destinataire\"><option value=\"s\u00e9lectionnez parmi la liste\">s\u00e9lectionnez parmi la liste<\/option><option value=\"comptabilit\u00e9\">comptabilit\u00e9<\/option><option value=\"service commerciale\">service commerciale<\/option><option value=\"T\u00e9l\u00e9vente\">T\u00e9l\u00e9vente<\/option><option value=\"RouquettePlus\">RouquettePlus<\/option><\/select><\/span>\n<\/p>\n<p><span class=\"wpcf7-form-control-wrap\" data-name=\"your-name\"><input size=\"40\" class=\"wpcf7-form-control wpcf7-text wpcf7-validates-as-required\" aria-required=\"true\" aria-invalid=\"false\" placeholder=\"...Votre nom (obligatoire)\" value=\"\" type=\"text\" name=\"your-name\" \/><\/span><br \/>\n<span class=\"wpcf7-form-control-wrap\" data-name=\"your-email\"><input size=\"40\" class=\"wpcf7-form-control wpcf7-text wpcf7-email wpcf7-validates-as-required wpcf7-validates-as-email\" aria-required=\"true\" aria-invalid=\"false\" placeholder=\"...Votre adresse de messagerie (obligatoire)\" value=\"\" type=\"email\" name=\"your-email\" \/><\/span><br \/>\n<span class=\"wpcf7-form-control-wrap\" data-name=\"tel-398\"><input size=\"40\" class=\"wpcf7-form-control wpcf7-text wpcf7-tel wpcf7-validates-as-required wpcf7-validates-as-tel\" aria-required=\"true\" aria-invalid=\"false\" placeholder=\"...Votre num\u00e9ro de t\u00e9l\u00e9phone (obligatoire)\" value=\"\" type=\"tel\" name=\"tel-398\" \/><\/span><br \/>\n<span class=\"wpcf7-form-control-wrap\" data-name=\"your-subject\"><input size=\"40\" class=\"wpcf7-form-control wpcf7-text\" aria-invalid=\"false\" placeholder=\"Sujet\" value=\"\" type=\"text\" name=\"your-subject\" \/><\/span><br \/>\n<span class=\"wpcf7-form-control-wrap\" data-name=\"your-message\"><textarea cols=\"40\" rows=\"10\" class=\"wpcf7-form-control wpcf7-textarea\" aria-invalid=\"false\" placeholder=\"Votre message\" name=\"your-message\"><\/textarea><\/span>\n<\/p>\n<span class=\"wpcf7-form-control-wrap recaptcha\" data-name=\"recaptcha\"><span data-sitekey=\"6Ld9HDAkAAAAAOaWxhAWh2GagwkfcA6gIHFPCPd8\" data-size=\"compact\" class=\"wpcf7-form-control g-recaptcha wpcf7-recaptcha\"><\/span>\r\n<noscript>\r\n\t<div class=\"grecaptcha-noscript\">\r\n\t\t<iframe loading=\"lazy\" src=\"https:\/\/www.google.com\/recaptcha\/api\/fallback?k=6Ld9HDAkAAAAAOaWxhAWh2GagwkfcA6gIHFPCPd8\" frameborder=\"0\" scrolling=\"no\" width=\"310\" height=\"430\">\r\n\t\t<\/iframe>\r\n\t\t<textarea name=\"g-recaptcha-response\" rows=\"3\" cols=\"40\" placeholder=\"reCaptcha Response Here\">\r\n\t\t<\/textarea>\r\n\t<\/div>\r\n<\/noscript>\r\n<\/span>\n<p><input class=\"wpcf7-form-control has-spinner wpcf7-submit\" type=\"submit\" value=\"Envoyer\" \/>\n<\/p><div class=\"wpcf7-response-output\" aria-hidden=\"true\"><\/div>\n<\/form>\n<\/div>\n[\/vc_column][vc_column width=&#8221;1\/6&#8243;][\/vc_column][\/vc_row]<\/p>\n","protected":false},"excerpt":{"rendered":"<p>[vc_row section_type=&#8221;fullwidth-element&#8221; flex_height=&#8221;yes&#8221; header_feature=&#8221;yes&#8221; footer_feature=&#8221;yes&#8221; desktop_visibility=&#8221;hide&#8221; tablet_visibility=&#8221;hide&#8221; tablet_sm_visibility=&#8221;hide&#8221; mobile_visibility=&#8221;hide&#8221;][vc_column width=&#8221;1\/2&#8243; tablet_sm_width=&#8221;1&#8243; css=&#8221;.vc_custom_1438849744337{padding-top: 8% !important;padding-right: 15% !important;padding-bottom: 8% !important;padding-left: 15% !important;}&#8221;][vc_column_text animation=&#8221;fadeInLeft&#8221; animation_delay=&#8221;300&#8243;] Site Chelles Chemin le Bouleur 77500 Chelles [\/vc_column_text][vc_column_text animation=&#8221;fadeInLeft&#8221; animation_delay=&#8221;600&#8243;] Site Paris 10 rue de la Tr\u00e9moille 75008 Paris [\/vc_column_text][vc_column_text animation=&#8221;fadeInLeft&#8221; animation_delay=&#8221;900&#8243;] Rouquette Production Rue de la Gare 60112 Milly-Sur-Therain [\/vc_column_text][\/vc_column][vc_column width=&#8221;1\/2&#8243; tablet_sm_width=&#8221;1&#8243; [&hellip;]<\/p>\n","protected":false},"author":1,"featured_media":0,"parent":0,"menu_order":0,"comment_status":"closed","ping_status":"closed","template":"","meta":{"footnotes":""},"_links":{"self":[{"href":"https:\/\/rouquette.com\/index.php?rest_route=\/wp\/v2\/pages\/1573"}],"collection":[{"href":"https:\/\/rouquette.com\/index.php?rest_route=\/wp\/v2\/pages"}],"about":[{"href":"https:\/\/rouquette.com\/index.php?rest_route=\/wp\/v2\/types\/page"}],"author":[{"embeddable":true,"href":"https:\/\/rouquette.com\/index.php?rest_route=\/wp\/v2\/users\/1"}],"replies":[{"embeddable":true,"href":"https:\/\/rouquette.com\/index.php?rest_route=%2Fwp%2Fv2%2Fcomments&post=1573"}],"version-history":[{"count":23,"href":"https:\/\/rouquette.com\/index.php?rest_route=\/wp\/v2\/pages\/1573\/revisions"}],"predecessor-version":[{"id":9238,"href":"https:\/\/rouquette.com\/index.php?rest_route=\/wp\/v2\/pages\/1573\/revisions\/9238"}],"wp:attachment":[{"href":"https:\/\/rouquette.com\/index.php?rest_route=%2Fwp%2Fv2%2Fmedia&parent=1573"}],"curies":[{"name":"wp","href":"https:\/\/api.w.org\/{rel}","templated":true}]}}