{"id":12503,"date":"2026-01-10T15:15:30","date_gmt":"2026-01-10T14:15:30","guid":{"rendered":"https:\/\/rouquette.com\/?page_id=12503"},"modified":"2026-01-13T12:01:34","modified_gmt":"2026-01-13T11:01:34","slug":"rouquette-application-2","status":"publish","type":"page","link":"https:\/\/rouquette.com\/?page_id=12503","title":{"rendered":"App Rouquette"},"content":{"rendered":"<p>[vc_row section_full_height=&#8221;yes&#8221; bg_type=&#8221;image&#8221; bg_image=&#8221;12512&#8243; bg_image_type=&#8221;parallax&#8221; pattern_overlay=&#8221;yes&#8221; opacity_overlay=&#8221;10&#8243; header_feature=&#8221;yes&#8221; tablet_sm_visibility=&#8221;hide&#8221; mobile_visibility=&#8221;hide&#8221;][vc_column width=&#8221;1\/3&#8243;][vc_empty_space height=&#8221;190px&#8221;]<div class=\"eut-element eut-image eut-animated-item eut-fadeIn eut-align-center\" style=\"\" data-delay=\"200\"><a href=\"http:\/\/plus.rouquette.com\/\" target=\" _blank\"><img loading=\"lazy\" decoding=\"async\" width=\"150\" height=\"150\" src=\"https:\/\/rouquette.com\/wp-content\/uploads\/2025\/11\/androidRQT-150x150.png\" class=\"attachment-thumbnail size-thumbnail\" alt=\"\" \/><\/a><\/div><div class=\"eut-element eut-align-center\"><a class=\"eut-btn eut-btn-extralarge eut-round eut-white-color eut-btn-line\" href=\"http:\/\/play.google.com\/store\/apps\/details?id=fr.inforea.rouquette.rouquette&#038;hl=fr\" target=\" _blank\" style=\"\"><span>Version Android<\/span><\/a><\/div>[\/vc_column][vc_column width=&#8221;1\/3&#8243;]<div class=\"eut-element eut-image eut-animated-item eut-fadeIn eut-align-center\" style=\"\" data-delay=\"200\"><img loading=\"lazy\" decoding=\"async\" width=\"604\" height=\"170\" src=\"https:\/\/rouquette.com\/wp-content\/uploads\/2025\/11\/LogoRQTMarge.png\" class=\"attachment-full size-full\" alt=\"\" srcset=\"https:\/\/rouquette.com\/wp-content\/uploads\/2025\/11\/LogoRQTMarge.png 604w, https:\/\/rouquette.com\/wp-content\/uploads\/2025\/11\/LogoRQTMarge-300x84.png 300w, https:\/\/rouquette.com\/wp-content\/uploads\/2025\/11\/LogoRQTMarge-600x170.png 600w\" sizes=\"(max-width: 604px) 100vw, 604px\" \/><\/div><h3 class=\"eut-element eut-typed-text eut-align-center\" style=\"\">    <span class=\"eut-typed-text-prefix\"> Notre nouvelle application <\/span>    <span class=\"eut-animated-text eut-color-primary-1\">    \t<span id=\"eut-typed-item-69e0666d7514e\"><\/span>    <\/span>    <span class=\"eut-typed-text-suffix\"> <\/span><script type=\"text\/javascript\">\r\n\t\t\t\tjQuery(function($){ $(\"#eut-typed-item-69e0666d7514e\").typed({\r\n\t\t\t\t\tstrings: [\"maintenant disponible !\",\"pour les pro du CHR\"],\r\n\t\t\t\t\ttypeSpeed: 100,\r\n\t\t\t\t\tbackSpeed: 5,\r\n\t\t\t\t\tstartDelay: 500,\r\n\t\t\t\t\tbackDelay: 7000,\r\n\t\t\t\t\tloop: true,\r\n\t\t\t\t\tloopCount: false,\r\n\t\t\t\t\tshowCursor: true,\r\n\t\t\t\t\tcursorChar: \"|\",\r\n\t\t\t\t\tattr: null\r\n\t\t\t\t});\r\n\t\t\t});\r\n\t\t<\/script><\/h3>[vc_column_text]<\/p>\n<p style=\"text-align: center;\"><span style=\"color: #ffffff;\"><strong>Votre outil pour g\u00e9rer plus simplement vos comptes, vos d\u00e9marches et vos commandes<\/strong><\/span><\/p>\n<p>[\/vc_column_text][vc_empty_space height=&#8221;30px&#8221;]<div class=\"eut-element eut-align-center\"><a class=\"eut-btn eut-btn-extralarge eut-round eut-white-color eut-btn-line\" href=\"https:\/\/moncompte.rouquette.com\" target=\" _blank\" style=\"\"><span>Version Web<\/span><\/a><\/div>[vc_empty_space height=&#8221;100px&#8221;][\/vc_column][vc_column width=&#8221;1\/3&#8243;][vc_empty_space height=&#8221;190px&#8221;]<div class=\"eut-element eut-image eut-animated-item eut-fadeIn eut-align-center\" style=\"\" data-delay=\"200\"><a href=\"http:\/\/plus.rouquette.com\/\" target=\" _blank\"><img loading=\"lazy\" decoding=\"async\" width=\"150\" height=\"150\" src=\"https:\/\/rouquette.com\/wp-content\/uploads\/2025\/11\/iosRQT-150x150.png\" class=\"attachment-thumbnail size-thumbnail\" alt=\"\" \/><\/a><\/div><div class=\"eut-element eut-align-center\"><a class=\"eut-btn eut-btn-extralarge eut-round eut-white-color eut-btn-line\" href=\"https:\/\/apps.apple.com\/fr\/app\/rouquette\/id6756882245\" target=\" _blank\" style=\"\"><span>Version iOS\/iPhone<\/span><\/a><\/div>[\/vc_column][\/vc_row][vc_row section_full_height=&#8221;yes&#8221; bg_type=&#8221;image&#8221; bg_image=&#8221;12512&#8243; bg_image_type=&#8221;parallax&#8221; pattern_overlay=&#8221;yes&#8221; opacity_overlay=&#8221;10&#8243; header_feature=&#8221;yes&#8221; desktop_visibility=&#8221;hide&#8221; tablet_visibility=&#8221;hide&#8221;][vc_column width=&#8221;1\/3&#8243;][vc_empty_space height=&#8221;190px&#8221;][\/vc_column][vc_column width=&#8221;1\/3&#8243;]<div class=\"eut-element eut-image eut-animated-item eut-fadeIn eut-align-center\" style=\"\" data-delay=\"200\"><img loading=\"lazy\" decoding=\"async\" width=\"604\" height=\"170\" src=\"https:\/\/rouquette.com\/wp-content\/uploads\/2025\/11\/LogoRQTMarge.png\" class=\"attachment-full size-full\" alt=\"\" srcset=\"https:\/\/rouquette.com\/wp-content\/uploads\/2025\/11\/LogoRQTMarge.png 604w, https:\/\/rouquette.com\/wp-content\/uploads\/2025\/11\/LogoRQTMarge-300x84.png 300w, https:\/\/rouquette.com\/wp-content\/uploads\/2025\/11\/LogoRQTMarge-600x170.png 600w\" sizes=\"(max-width: 604px) 100vw, 604px\" \/><\/div><h3 class=\"eut-element eut-typed-text eut-align-center\" style=\"\">    <span class=\"eut-typed-text-prefix\"> Notre nouvelle application <\/span>    <span class=\"eut-animated-text eut-color-primary-1\">    \t<span id=\"eut-typed-item-69e0666d75553\"><\/span>    <\/span>    <span class=\"eut-typed-text-suffix\"> <\/span><script type=\"text\/javascript\">\r\n\t\t\t\tjQuery(function($){ $(\"#eut-typed-item-69e0666d75553\").typed({\r\n\t\t\t\t\tstrings: [\"maintenant disponible !\",\"pour les pro du CHR\"],\r\n\t\t\t\t\ttypeSpeed: 100,\r\n\t\t\t\t\tbackSpeed: 5,\r\n\t\t\t\t\tstartDelay: 500,\r\n\t\t\t\t\tbackDelay: 7000,\r\n\t\t\t\t\tloop: true,\r\n\t\t\t\t\tloopCount: false,\r\n\t\t\t\t\tshowCursor: true,\r\n\t\t\t\t\tcursorChar: \"|\",\r\n\t\t\t\t\tattr: null\r\n\t\t\t\t});\r\n\t\t\t});\r\n\t\t<\/script><\/h3>[vc_column_text]<\/p>\n<p style=\"text-align: center;\"><span style=\"color: #ffffff;\"><strong>Votre outil pour g\u00e9rer plus simplement vos comptes, vos d\u00e9marches et vos commandes<\/strong><\/span><\/p>\n<p>[\/vc_column_text][vc_empty_space height=&#8221;30px&#8221;]<div class=\"eut-element eut-align-center\"><a class=\"eut-btn eut-btn-extralarge eut-round eut-white-color eut-btn-line\" href=\"https:\/\/moncompte.rouquette.com\" target=\" _blank\" style=\"\"><span>Version Web<\/span><\/a><\/div><div class=\"eut-element eut-align-center\"><a class=\"eut-btn eut-btn-extralarge eut-round eut-white-color eut-btn-line\" href=\"http:\/\/play.google.com\/store\/apps\/details?id=fr.inforea.rouquette.rouquette&#038;hl=fr\" target=\" _blank\" style=\"\"><span>Version Android<\/span><\/a><\/div><div class=\"eut-element eut-align-center\"><a class=\"eut-btn eut-btn-extralarge eut-round eut-white-color eut-btn-line\" href=\"https:\/\/apps.apple.com\/fr\/app\/rouquette\/id6756882245\" target=\" _blank\" style=\"\"><span>Version iOS\/iPhone<\/span><\/a><\/div>[vc_empty_space height=&#8221;100px&#8221;][\/vc_column][vc_column width=&#8221;1\/3&#8243;][vc_empty_space height=&#8221;190px&#8221;][\/vc_column][\/vc_row][vc_row bg_type=&#8221;image&#8221; bg_image=&#8221;12722&#8243; opacity_overlay=&#8221;10&#8243; footer_feature=&#8221;yes&#8221;][vc_column width=&#8221;1\/2&#8243; css=&#8221;.vc_custom_1768227545041{padding-right: 50px !important;}&#8221;]<h2 class=\"eut-element eut-align-right eut-title-no-line\" style=\"\"><span>J'ai re\u00e7u un mail<\/span><\/h2><h6 class=\"eut-element eut-align-right eut-title-no-line\" style=\"\"><span>premi\u00e8re connexion<\/span><\/h6>[info_list_father theme=&#8221;right&#8221;][info_list_son style=&#8221;icon&#8221; titleclr=&#8221;#000000&#8243; icon=&#8221;fa fa-cloud-download&#8221; title=&#8221;\u00e9tape 1&#8243;]t\u00e9l\u00e9charger l&#8217;application[\/info_list_son][info_list_son style=&#8221;icon&#8221; titleclr=&#8221;#000000&#8243; icon=&#8221;fa fa-key&#8221; title=&#8221;\u00e9tape 2&#8243;]cliquer sur mot de passe oubli\u00e9<\/p>\n<p>[\/info_list_son][info_list_son style=&#8221;icon&#8221; titleclr=&#8221;#000000&#8243; icon=&#8221;fa fa-sign-in&#8221; title=&#8221;\u00e9tape 3&#8243;]connexion<\/p>\n<p>&nbsp;<\/p>\n<p>[\/info_list_son][\/info_list_father][\/vc_column][vc_column width=&#8221;1\/2&#8243; css=&#8221;.vc_custom_1768227555141{padding-left: 50px !important;}&#8221;]<h2 class=\"eut-element eut-align-left eut-title-no-line\" style=\"\"><span>Je n'ai pas re\u00e7u de mail<\/span><\/h2><h6 class=\"eut-element eut-align-left eut-title-no-line\" style=\"\"><span>nouveaux clients<\/span><\/h6>[info_list_father][info_list_son style=&#8221;icon&#8221; titleclr=&#8221;#000000&#8243; icon=&#8221;fa fa-volume-control-phone&#8221; title=&#8221;\u00e9tape 1&#8243;]Si vous \u00eates d\u00e9j\u00e0 client chez nous, faites votre demande aupr\u00e8s de votre commercial ou directement via le <a href=\"https:\/\/rouquette.com\/?page_id=7819\">formulaire en ligne<\/a>.<\/p>\n<p>&nbsp;<\/p>\n<p>[\/info_list_son][info_list_son style=&#8221;icon&#8221; titleclr=&#8221;#000000&#8243; icon=&#8221;fa fa-envelope&#8221; title=&#8221;\u00e9tape 2&#8243;]Votre compte en ligne est en cours de cr\u00e9ation, un mail vous sera envoy\u00e9 d\u00e8s son association avec votre affaire.<\/p>\n<p>Vous pouvez maintenant suivre la proc\u00e9dure de premi\u00e8re connexion.<\/p>\n<p>&nbsp;<\/p>\n<p>[\/info_list_son][\/info_list_father][\/vc_column][\/vc_row][vc_row][vc_column width=&#8221;1\/6&#8243;][\/vc_column][vc_column width=&#8221;2\/3&#8243;]<div class=\"eut-element eut-image eut-animated-item eut-fadeInDown eut-align-center\" style=\"\" data-delay=\"200\"><img loading=\"lazy\" decoding=\"async\" width=\"500\" height=\"250\" src=\"https:\/\/rouquette.com\/wp-content\/uploads\/2026\/01\/AncienneNouvelleApp250.png\" class=\"attachment-large size-large\" alt=\"\" srcset=\"https:\/\/rouquette.com\/wp-content\/uploads\/2026\/01\/AncienneNouvelleApp250.png 500w, https:\/\/rouquette.com\/wp-content\/uploads\/2026\/01\/AncienneNouvelleApp250-300x150.png 300w\" sizes=\"(max-width: 500px) 100vw, 500px\" \/><\/div><h2 class=\"eut-element eut-align-center eut-title-line\" style=\"\"><span>FAQ<\/span><\/h2>[vc_tta_accordion][vc_tta_section title=&#8221;Qu\u2019est-ce que l\u2019application Rouquette ?&#8221; tab_id=&#8221;1768231042155-29a07731-e3aa&#8221;][vc_column_text]<\/p>\n<p>L\u2019application Rouquette permet aux \u00e9tablissements clients de passer des commandes directement depuis leur smartphone ou tablette. Elle offre aussi la possibilit\u00e9 de consulter et de t\u00e9l\u00e9charger les factures.<\/p>\n<p>[\/vc_column_text][\/vc_tta_section][vc_tta_section title=&#8221;Comment m\u2019inscrire sur l\u2019application ?&#8221; tab_id=&#8221;1768231042150-05a79a58-1b70&#8243;][vc_column_text]<\/p>\n<p>Vous \u00eates d\u00e9j\u00e0 client ? Demandez d\u00e8s maintenant un acc\u00e8s \u00e0 votre commercial.<br \/>\nVous n\u2019\u00eates pas encore client ? Vous devez d\u2019abord cr\u00e9er un compte client en contactant le <i>0160081234<\/i> ou via notre formulaire de contact t\u00e9l\u00e9chargeable sur notre site www.rouquette.com<\/p>\n<p>[\/vc_column_text][\/vc_tta_section][vc_tta_section title=&#8221;Que puis-je faire avec l\u2019application Rouquette ?&#8221; tab_id=&#8221;1768233294672-a94e9de5-2f03&#8243;][vc_column_text]<\/p>\n<p>L\u2019application vous permet de :<\/p>\n<ul>\n<li><u>Passer commande pour vos \u00e9tablissements<\/u><\/li>\n<li>Consulter le catalogue complet des produits Rouquette et Jacquier<\/li>\n<li>B\u00e9n\u00e9ficier d\u2019offres et promotions exclusives<\/li>\n<li>G\u00e9rer votre compte client<\/li>\n<li>Suivre votre comptabilit\u00e9 et vos factures<\/li>\n<\/ul>\n<p>[\/vc_column_text][\/vc_tta_section][vc_tta_section title=&#8221;L\u2019application est-elle s\u00e9curis\u00e9e ?&#8221; tab_id=&#8221;1768233375534-ccc71dd2-9376&#8243;][vc_column_text]<\/p>\n<p>Oui, toutes vos donn\u00e9es et paiements sont prot\u00e9g\u00e9s par des <u>protocoles de s\u00e9curit\u00e9 avanc\u00e9s<\/u>.<\/p>\n<p>[\/vc_column_text][\/vc_tta_section][\/vc_tta_accordion][\/vc_column][vc_column width=&#8221;1\/6&#8243;][\/vc_column][\/vc_row]<\/p>\n","protected":false},"excerpt":{"rendered":"<p>[vc_row section_full_height=&#8221;yes&#8221; bg_type=&#8221;image&#8221; bg_image=&#8221;12512&#8243; bg_image_type=&#8221;parallax&#8221; pattern_overlay=&#8221;yes&#8221; opacity_overlay=&#8221;10&#8243; header_feature=&#8221;yes&#8221; tablet_sm_visibility=&#8221;hide&#8221; mobile_visibility=&#8221;hide&#8221;][vc_column width=&#8221;1\/3&#8243;][vc_empty_space height=&#8221;190px&#8221;][\/vc_column][vc_column width=&#8221;1\/3&#8243;][vc_column_text] Votre outil pour g\u00e9rer plus simplement vos comptes, vos d\u00e9marches et vos commandes [\/vc_column_text][vc_empty_space height=&#8221;30px&#8221;][vc_empty_space height=&#8221;100px&#8221;][\/vc_column][vc_column width=&#8221;1\/3&#8243;][vc_empty_space height=&#8221;190px&#8221;][\/vc_column][\/vc_row][vc_row section_full_height=&#8221;yes&#8221; bg_type=&#8221;image&#8221; bg_image=&#8221;12512&#8243; bg_image_type=&#8221;parallax&#8221; pattern_overlay=&#8221;yes&#8221; opacity_overlay=&#8221;10&#8243; header_feature=&#8221;yes&#8221; desktop_visibility=&#8221;hide&#8221; tablet_visibility=&#8221;hide&#8221;][vc_column width=&#8221;1\/3&#8243;][vc_empty_space height=&#8221;190px&#8221;][\/vc_column][vc_column width=&#8221;1\/3&#8243;][vc_column_text] Votre outil pour g\u00e9rer plus simplement vos comptes, vos d\u00e9marches et vos [&hellip;]<\/p>\n","protected":false},"author":4,"featured_media":0,"parent":0,"menu_order":0,"comment_status":"closed","ping_status":"closed","template":"","meta":{"footnotes":""},"_links":{"self":[{"href":"https:\/\/rouquette.com\/index.php?rest_route=\/wp\/v2\/pages\/12503"}],"collection":[{"href":"https:\/\/rouquette.com\/index.php?rest_route=\/wp\/v2\/pages"}],"about":[{"href":"https:\/\/rouquette.com\/index.php?rest_route=\/wp\/v2\/types\/page"}],"author":[{"embeddable":true,"href":"https:\/\/rouquette.com\/index.php?rest_route=\/wp\/v2\/users\/4"}],"replies":[{"embeddable":true,"href":"https:\/\/rouquette.com\/index.php?rest_route=%2Fwp%2Fv2%2Fcomments&post=12503"}],"version-history":[{"count":97,"href":"https:\/\/rouquette.com\/index.php?rest_route=\/wp\/v2\/pages\/12503\/revisions"}],"predecessor-version":[{"id":12767,"href":"https:\/\/rouquette.com\/index.php?rest_route=\/wp\/v2\/pages\/12503\/revisions\/12767"}],"wp:attachment":[{"href":"https:\/\/rouquette.com\/index.php?rest_route=%2Fwp%2Fv2%2Fmedia&parent=12503"}],"curies":[{"name":"wp","href":"https:\/\/api.w.org\/{rel}","templated":true}]}}